{"id":189,"date":"2022-11-12T23:39:04","date_gmt":"2022-11-12T22:39:04","guid":{"rendered":"https:\/\/zaverecne-prace.ucimesaweby.sk\/palfy\/?page_id=189"},"modified":"2024-07-03T08:00:27","modified_gmt":"2024-07-03T06:00:27","slug":"studijne-oddelenie","status":"publish","type":"page","link":"https:\/\/kmkd.fhv.uniza.sk\/?page_id=189","title":{"rendered":"\u0160tudijn\u00e9 oddelenie"},"content":{"rendered":"<section class=\"l-section wpb_row height_auto width_full\"><div class=\"l-section-h i-cf\"><div class=\"g-cols vc_row via_grid cols_1 laptops-cols_inherit tablets-cols_inherit mobiles-cols_1 valign_top type_default stacking_default\"><div class=\"wpb_column vc_column_container\"><div class=\"vc_column-inner\"><section class=\"l-section wpb_row us_custom_d9f2040e height_medium width_full\"><div class=\"l-section-overlay\" style=\"background:rgba(0,0,0,0.25)\"><\/div><div class=\"l-section-h i-cf\"><div class=\"g-cols vc_row via_grid cols_1 laptops-cols_inherit tablets-cols_inherit mobiles-cols_1 valign_top type_default stacking_default\"><div class=\"wpb_column vc_column_container\"><div class=\"vc_column-inner\"><div class=\"w-separator size_small\"><\/div><h1 class=\"w-post-elm post_title us_custom_6df4bc3a has_text_color align_center entry-title color_link_inherit\">\u0160tudijn\u00e9 oddelenie<\/h1><div class=\"w-separator size_small\"><\/div><\/div><\/div><\/div><\/div><\/section>\n<\/div><\/div><\/div><\/div><\/section><section class=\"l-section wpb_row height_medium\"><div class=\"l-section-h i-cf\"><div class=\"g-cols vc_row via_grid cols_1 laptops-cols_inherit tablets-cols_inherit mobiles-cols_1 valign_top type_default stacking_default\"><div class=\"wpb_column vc_column_container\"><div class=\"vc_column-inner\"><div class=\"g-cols wpb_row via_grid cols_2 laptops-cols_inherit tablets-cols_inherit mobiles-cols_1 valign_top type_default stacking_default\"><div class=\"wpb_column vc_column_container\"><div class=\"vc_column-inner\"><h2 class=\"w-text\"><span url class=\"w-text-h\"><span class=\"w-text-value\">Na \u0161tudijnom oddelen\u00ed FHV UNIZA vybav\u00ed\u0161 najm\u00e4:<\/span><\/span><\/h2><div class=\"wpb_text_column\"><div class=\"wpb_wrapper\"><ul>\n<li><strong>Z\u00e1pis na \u0161t\u00fadium a do \u010fal\u0161\u00edch ro\u010dn\u00edkov \u0161t\u00fadia.<\/strong><\/li>\n<li>Potvrdenie o n\u00e1v\u0161teve \u0161koly (aj pre potreby rodinn\u00fdch pr\u00eddavkov).<\/li>\n<li><strong>\u017diados\u0165 o individu\u00e1lny \u0161tudijn\u00fd pl\u00e1n alebo zmeny v priebehu \u0161t\u00fadia.<\/strong><\/li>\n<li>Ur\u010denie \u0161koln\u00e9ho a \u017eiados\u0165 o jeho zn\u00ed\u017eenie alebo odpustenie.<\/li>\n<li><strong>Inform\u00e1cie o prospechovom \u0161tipendiu.<\/strong><\/li>\n<li>Inform\u00e1cie o mo\u017enostiach uznania predmetov absolvovan\u00fdch z in\u00fdch univerz\u00edt, pr\u00edpadne v predch\u00e1dzaj\u00facom \u0161t\u00fadiu.<\/li>\n<\/ul>\n<\/div><\/div><\/div><\/div><div class=\"wpb_column vc_column_container\"><div class=\"vc_column-inner\"><div class=\"wpb_text_column\"><div class=\"wpb_wrapper\"><h3 class=\"sppb-addon-title sppb-feature-box-title\">\u00daradn\u00e9 hodiny<\/h3>\n<div class=\"sppb-addon-text\">\n<table>\n<tbody>\n<tr>\n<td><strong>pondelok<\/strong><\/td>\n<td>9:00 &#8211; 11:00\u00a0\u00a0\u00a013:00 &#8211; 14:00<\/td>\n<\/tr>\n<tr>\n<td><strong>utorok\u00a0<\/strong><\/td>\n<td>9:00 &#8211; 11:00\u00a0\u00a0\u00a013:00 &#8211; 14:00<\/td>\n<\/tr>\n<tr>\n<td><strong>streda\u00a0<\/strong><\/td>\n<td>9:00 &#8211; 11:00\u00a0\u00a0\u00a013:00 &#8211; 14:00<\/td>\n<\/tr>\n<tr>\n<td><strong>\u0161tvrtok\u00a0<\/strong><\/td>\n<td>9:00 &#8211; 11:00\u00a0\u00a0\u00a013:00 &#8211; 14:00<\/td>\n<\/tr>\n<tr>\n<td><strong>piatok\u00a0<\/strong><\/td>\n<td colspan=\"2\"><strong>nie s\u00fa\u00a0\u00faradn\u00e9 hodiny<\/strong><\/td>\n<\/tr>\n<\/tbody>\n<\/table>\n<\/div>\n<\/div><\/div><\/div><\/div><\/div><\/div><\/div><\/div><\/div><\/section><section class=\"l-section wpb_row height_medium\"><div class=\"l-section-h i-cf\"><div class=\"g-cols vc_row via_grid cols_2 laptops-cols_inherit tablets-cols_inherit mobiles-cols_1 valign_top type_default stacking_default\"><div class=\"wpb_column vc_column_container\"><div class=\"vc_column-inner\"><\/div><\/div><div class=\"wpb_column vc_column_container\"><div class=\"vc_column-inner\"><h2 class=\"w-text\"><span url class=\"w-text-h\"><span class=\"w-text-value\">Zodpovedn\u00e1 \u0161tudijn\u00e1 referentka pre MKD:<\/span><\/span><\/h2><div class=\"wpb_text_column\"><div class=\"wpb_wrapper\"><p><strong>Mgr. Eva Tr\u00fachla<\/strong>\u00a0<a href=\"mailto:eva.truchla@fhv.uniza.sk\">eva.truchla@fhv.uniza.sk<\/a><\/p>\n<p>\u0160tudijn\u00e9 oddelenie n\u00e1jdete na Ve\u013ekom Dieli (Univerzitn\u00e1 8215\/1, 010 26 \u017dilina), budova rektor\u00e1tu \u2013 AD, 3. poschodie, miestnos\u0165 AD302 (chodba dekan\u00e1tu FHV UNIZA)<\/p>\n<\/div><\/div><div class=\"w-separator size_medium\"><\/div><div class=\"g-cols wpb_row via_grid cols_2 laptops-cols_inherit tablets-cols_inherit mobiles-cols_1 valign_top type_default stacking_default\"><div class=\"wpb_column vc_column_container\"><div class=\"vc_column-inner\"><div class=\"w-iconbox iconpos_left style_default color_primary align_left\"><div class=\"w-iconbox-icon\" style=\"font-size:1.5rem;\"><i class=\"far fa-map-marker-alt\"><\/i><\/div><div class=\"w-iconbox-meta\"><h6 class=\"w-iconbox-title\">Kontaktn\u00e1 adresa<\/h6><div class=\"w-iconbox-text\"><p>Refer\u00e1t pre vzdel\u00e1vanie<br \/>\nFHV UNIZA v \u017diline<br \/>\nUniverzitn\u00e1 8215\/1, 010 26 \u017dilina<\/p>\n<\/div><\/div><\/div><\/div><\/div><div class=\"wpb_column vc_column_container\"><div class=\"vc_column-inner\"><div class=\"w-iconbox iconpos_left style_default color_primary align_left\"><div class=\"w-iconbox-icon\" style=\"font-size:1.5rem;\"><i class=\"far fa-phone-alt\"><\/i><\/div><div class=\"w-iconbox-meta\"><h6 class=\"w-iconbox-title\">Kontaktn\u00e9 inform\u00e1cie<\/h6><div class=\"w-iconbox-text\"><p>tel.: <a href=\"tel:+42141\/513 6107\">+42141\/513 6107<\/a><br \/>\n<a href=\"mailto:studref@fhv.uniza.sk\">studref@fhv.uniza.sk<\/a><\/p>\n<\/div><\/div><\/div><\/div><\/div><\/div><\/div><\/div><\/div><\/div><\/section><section class=\"l-section wpb_row height_medium\"><div class=\"l-section-h i-cf\"><div class=\"g-cols vc_row via_grid cols_1 laptops-cols_inherit tablets-cols_inherit mobiles-cols_1 valign_top type_default stacking_default\"><div class=\"wpb_column vc_column_container\"><div class=\"vc_column-inner\"><div class=\"g-cols wpb_row via_grid cols_2 laptops-cols_inherit tablets-cols_inherit mobiles-cols_1 valign_middle type_default stacking_default\"><div class=\"wpb_column vc_column_container\"><div class=\"vc_column-inner\"><h2 class=\"w-text us_custom_d1d3b3c6\"><span url class=\"w-text-h\"><span class=\"w-text-value\">In\u00e9 inform\u00e1cie, ktor\u00e9 neposkytuje na\u0161e \u0161tudijn\u00e9 oddelenie:<\/span><\/span><\/h2><div class=\"wpb_text_column\"><div class=\"wpb_wrapper\"><ul>\n<li>\u017diados\u0165 o soci\u00e1lne \u0161tipendium \u2013 kontaktujte\u00a0oddelenie pre vzdel\u00e1vanie\u00a0\u2013\u00a0<strong>Mgr. Spi\u0161\u00e1kov\u00fa<\/strong>, tel. \u010d.\u00a0+421 41\/5135039, e-mail:\u00a0<a href=\"mailto:sona.spisakova@rekt.uniza.sk\">sona.spisakova@rekt.uniza.sk<\/a><\/li>\n<li>Inform\u00e1cie o mo\u017enostiach ubytovania \u2013 kontaktujte\u00a0pani\u00a0<strong>Ka\u010diakov\u00fa<\/strong>, tel. \u010d. +421 41\/5131476, email:\u00a0<a href=\"mailto:anna.kaciakova@uniza.sk\">anna.kaciakova@uniza.sk<\/a><\/li>\n<\/ul>\n<\/div><\/div><\/div><\/div><div class=\"wpb_column vc_column_container\"><div class=\"vc_column-inner\"><div class=\"w-image align_center\"><div url class=\"w-image-h\"><img decoding=\"async\" width=\"1024\" height=\"600\" src=\"https:\/\/kmkd.fhv.uniza.sk\/wp-content\/uploads\/2022\/11\/foto-jesen.jpeg\" class=\"attachment-large size-large\" alt=\"\" srcset=\"https:\/\/kmkd.fhv.uniza.sk\/wp-content\/uploads\/2022\/11\/foto-jesen.jpeg 1024w, https:\/\/kmkd.fhv.uniza.sk\/wp-content\/uploads\/2022\/11\/foto-jesen-300x176.jpeg 300w\" sizes=\"(max-width: 1024px) 100vw, 1024px\" \/><\/div><\/div><\/div><\/div><\/div><\/div><\/div><\/div><\/div><\/section><section class=\"l-section wpb_row height_auto\"><div class=\"l-section-h i-cf\"><div class=\"g-cols vc_row via_grid cols_1 laptops-cols_inherit tablets-cols_inherit mobiles-cols_1 valign_top type_default stacking_default\"><div class=\"wpb_column vc_column_container\"><div class=\"vc_column-inner\"><div class=\"w-actionbox studijneActionBar color_primary controls_right\"><div class=\"w-actionbox-text\"><h3 class=\"w-actionbox-title\">Tla\u010div\u00e1 na stiahnutie<\/h3><div class=\"w-actionbox-description\"><p>V\u0161etky potrebn\u00e9 tla\u010div\u00e1 na stiahnutie n\u00e1jdete na str\u00e1nke Fakulty humanitn\u00fdch vied UNIZA, v sekcii \u0160T\u00daDIUM v \u010dasti\u00a0Organiz\u00e1cia \u0161t\u00fadia.<\/p>\n<\/div><\/div><div class=\"w-actionbox-controls\"><a class=\"w-btn us-btn-style_1\" href=\"https:\/\/fhv.uniza.sk\/web\/index.php\/studenti\/vseobecne-informacie\/organizacia-studia\" target=\"_blank\" rel=\"noopener\"><span class=\"w-btn-label\">Zobrazi\u0165 tla\u010div\u00e1<\/span><\/a><\/div><\/div><div class=\"w-separator size_medium\"><\/div><\/div><\/div><\/div><\/div><\/section>\n","protected":false},"excerpt":{"rendered":"\u0160tudijn\u00e9 oddelenie Na \u0161tudijnom oddelen\u00ed FHV UNIZA vybav\u00ed\u0161 najm\u00e4: Z\u00e1pis na \u0161t\u00fadium a do \u010fal\u0161\u00edch ro\u010dn\u00edkov \u0161t\u00fadia. Potvrdenie o n\u00e1v\u0161teve \u0161koly (aj pre potreby rodinn\u00fdch pr\u00eddavkov). \u017diados\u0165 o individu\u00e1lny \u0161tudijn\u00fd...","protected":false},"author":2,"featured_media":0,"parent":0,"menu_order":0,"comment_status":"closed","ping_status":"closed","template":"","meta":{"footnotes":""},"class_list":["post-189","page","type-page","status-publish","hentry"],"acf":[],"_links":{"self":[{"href":"https:\/\/kmkd.fhv.uniza.sk\/index.php?rest_route=\/wp\/v2\/pages\/189","targetHints":{"allow":["GET"]}}],"collection":[{"href":"https:\/\/kmkd.fhv.uniza.sk\/index.php?rest_route=\/wp\/v2\/pages"}],"about":[{"href":"https:\/\/kmkd.fhv.uniza.sk\/index.php?rest_route=\/wp\/v2\/types\/page"}],"author":[{"embeddable":true,"href":"https:\/\/kmkd.fhv.uniza.sk\/index.php?rest_route=\/wp\/v2\/users\/2"}],"replies":[{"embeddable":true,"href":"https:\/\/kmkd.fhv.uniza.sk\/index.php?rest_route=%2Fwp%2Fv2%2Fcomments&post=189"}],"version-history":[{"count":10,"href":"https:\/\/kmkd.fhv.uniza.sk\/index.php?rest_route=\/wp\/v2\/pages\/189\/revisions"}],"predecessor-version":[{"id":2582,"href":"https:\/\/kmkd.fhv.uniza.sk\/index.php?rest_route=\/wp\/v2\/pages\/189\/revisions\/2582"}],"wp:attachment":[{"href":"https:\/\/kmkd.fhv.uniza.sk\/index.php?rest_route=%2Fwp%2Fv2%2Fmedia&parent=189"}],"curies":[{"name":"wp","href":"https:\/\/api.w.org\/{rel}","templated":true}]}}