{"id":191,"date":"2022-11-12T23:39:30","date_gmt":"2022-11-12T22:39:30","guid":{"rendered":"https:\/\/zaverecne-prace.ucimesaweby.sk\/palfy\/?page_id=191"},"modified":"2022-11-12T23:55:42","modified_gmt":"2022-11-12T22:55:42","slug":"kontakty","status":"publish","type":"page","link":"https:\/\/kmkd.fhv.uniza.sk\/?page_id=191","title":{"rendered":"Kontakty"},"content":{"rendered":"<section class=\"l-section wpb_row height_auto width_full\"><div class=\"l-section-h i-cf\"><div class=\"g-cols vc_row via_grid cols_1 laptops-cols_inherit tablets-cols_inherit mobiles-cols_1 valign_top type_default stacking_default\"><div class=\"wpb_column vc_column_container\"><div class=\"vc_column-inner\"><section class=\"l-section wpb_row us_custom_d9f2040e height_medium width_full\"><div class=\"l-section-overlay\" style=\"background:rgba(0,0,0,0.25)\"><\/div><div class=\"l-section-h i-cf\"><div class=\"g-cols vc_row via_grid cols_1 laptops-cols_inherit tablets-cols_inherit mobiles-cols_1 valign_top type_default stacking_default\"><div class=\"wpb_column vc_column_container\"><div class=\"vc_column-inner\"><div class=\"w-separator size_small\"><\/div><h1 class=\"w-post-elm post_title us_custom_6df4bc3a has_text_color align_center entry-title color_link_inherit\">Kontakty<\/h1><div class=\"w-separator size_small\"><\/div><\/div><\/div><\/div><\/div><\/section>\n<\/div><\/div><\/div><\/div><\/section><section class=\"l-section wpb_row height_medium\"><div class=\"l-section-h i-cf\"><div class=\"g-cols vc_row via_grid cols_2 laptops-cols_inherit tablets-cols_inherit mobiles-cols_1 valign_middle type_default stacking_default\"><div class=\"wpb_column vc_column_container\"><div class=\"vc_column-inner\"><h2 class=\"w-text\"><span url class=\"w-text-h\"><span class=\"w-text-value\">Katedra mediamatiky a kult\u00farneho dedi\u010dstva<\/span><\/span><\/h2><div class=\"w-separator size_small\"><\/div><div class=\"g-cols wpb_row via_grid cols_2 laptops-cols_inherit tablets-cols_inherit mobiles-cols_1 valign_top type_default stacking_default\"><div class=\"wpb_column vc_column_container\"><div class=\"vc_column-inner\"><div class=\"wpb_text_column\"><div class=\"wpb_wrapper\"><p>\u017dilinsk\u00e1 univerzita v \u017diline<br \/>\nFakulta humanitn\u00fdch vied<br \/>\nUniverzitn\u00e1 8215\/1, 010 26\u00a0 \u017dilina<br \/>\ntel.: <a href=\"tel:+421 41 513 6107\">+421 41 513 6107<\/a> (\u0161tudijn\u00e9 oddelenie)<br \/>\ntel.: <a href=\"tel:+421 41 513 6301\">+421 41 513 6301<\/a><br \/>\ne-mail:<a href=\"mailto:mkmd@fhv.uniza.sk\">\u00a0kmkd@fhv.uniza.sk<\/a><\/p>\n<\/div><\/div><\/div><\/div><div class=\"wpb_column vc_column_container\"><div class=\"vc_column-inner\"><div class=\"wpb_text_column\"><div class=\"wpb_wrapper\"><p>I\u010cO: 00397 563<br \/>\nDI\u010c: 20 20 67 78 24<br \/>\nI\u010c DPH: SK 20 20 67 78 24<\/p>\n<\/div><\/div><\/div><\/div><\/div><div class=\"w-separator size_small\"><\/div><h5 class=\"w-text\"><span url class=\"w-text-h\"><span class=\"w-text-value\">Pr\u00e1vna forma<\/span><\/span><\/h5><div class=\"wpb_text_column\"><div class=\"wpb_wrapper\"><p>Verejnopr\u00e1vna in\u0161tit\u00facia zriaden\u00e1 z\u00e1k. NR SR\u00a0 \u010d. 131\/2002 Z. z. o vysok\u00fdch \u0161kol\u00e1ch a o zmene a doplnen\u00ed niektor\u00fdch z\u00e1konov v znen\u00ed dopl\u0148uj\u00facich predpisov ako verejn\u00e1 vysok\u00e1 \u0161kola<\/p>\n<\/div><\/div><\/div><\/div><div class=\"wpb_column vc_column_container\"><div class=\"vc_column-inner\"><div class=\"w-html\"><iframe src=\"https:\/\/www.google.com\/maps\/embed?pb=!1m14!1m8!1m3!1d2606.8210858625575!2d18.755684768077053!3d49.20395351884274!3m2!1i1024!2i768!4f13.1!3m3!1m2!1s0x471459484b4ea02f%3A0xaa42a0760bbf1bc8!2sFakulta%20humanitn%C3%BDch%20vied%20%C5%BDilinskej%20univerzity%20v%20%C5%BDiline!5e0!3m2!1ssk!2ssk!4v1668293525770!5m2!1ssk!2ssk\" width=\"100%\" height=\"450\" style=\"border:0;\" allowfullscreen=\"\" loading=\"lazy\" referrerpolicy=\"no-referrer-when-downgrade\"><\/iframe><\/div><\/div><\/div><\/div><\/div><\/section>\n","protected":false},"excerpt":{"rendered":"Kontakty Katedra mediamatiky a kult\u00farneho dedi\u010dstva\u017dilinsk\u00e1 univerzita v \u017diline Fakulta humanitn\u00fdch vied Univerzitn\u00e1 8215\/1, 010 26\u00a0 \u017dilina tel.: +421 41 513 6107 (\u0161tudijn\u00e9 oddelenie) tel.: +421 41 513 6301 e-mail:\u00a0kmkd@fhv.uniza.sk...","protected":false},"author":2,"featured_media":0,"parent":0,"menu_order":0,"comment_status":"closed","ping_status":"closed","template":"","meta":{"footnotes":""},"class_list":["post-191","page","type-page","status-publish","hentry"],"acf":[],"_links":{"self":[{"href":"https:\/\/kmkd.fhv.uniza.sk\/index.php?rest_route=\/wp\/v2\/pages\/191","targetHints":{"allow":["GET"]}}],"collection":[{"href":"https:\/\/kmkd.fhv.uniza.sk\/index.php?rest_route=\/wp\/v2\/pages"}],"about":[{"href":"https:\/\/kmkd.fhv.uniza.sk\/index.php?rest_route=\/wp\/v2\/types\/page"}],"author":[{"embeddable":true,"href":"https:\/\/kmkd.fhv.uniza.sk\/index.php?rest_route=\/wp\/v2\/users\/2"}],"replies":[{"embeddable":true,"href":"https:\/\/kmkd.fhv.uniza.sk\/index.php?rest_route=%2Fwp%2Fv2%2Fcomments&post=191"}],"version-history":[{"count":6,"href":"https:\/\/kmkd.fhv.uniza.sk\/index.php?rest_route=\/wp\/v2\/pages\/191\/revisions"}],"predecessor-version":[{"id":212,"href":"https:\/\/kmkd.fhv.uniza.sk\/index.php?rest_route=\/wp\/v2\/pages\/191\/revisions\/212"}],"wp:attachment":[{"href":"https:\/\/kmkd.fhv.uniza.sk\/index.php?rest_route=%2Fwp%2Fv2%2Fmedia&parent=191"}],"curies":[{"name":"wp","href":"https:\/\/api.w.org\/{rel}","templated":true}]}}