{"id":195,"date":"2022-11-12T23:40:29","date_gmt":"2022-11-12T22:40:29","guid":{"rendered":"https:\/\/zaverecne-prace.ucimesaweby.sk\/palfy\/?page_id=195"},"modified":"2023-09-26T13:42:18","modified_gmt":"2023-09-26T11:42:18","slug":"vedenie","status":"publish","type":"page","link":"https:\/\/kmkd.fhv.uniza.sk\/?page_id=195","title":{"rendered":"Vedenie"},"content":{"rendered":"<section class=\"l-section wpb_row height_auto width_full\"><div class=\"l-section-h i-cf\"><div class=\"g-cols vc_row via_grid cols_1 laptops-cols_inherit tablets-cols_inherit mobiles-cols_1 valign_top type_default stacking_default\"><div class=\"wpb_column vc_column_container\"><div class=\"vc_column-inner\"><section class=\"l-section wpb_row us_custom_d9f2040e height_medium width_full\"><div class=\"l-section-overlay\" style=\"background:rgba(0,0,0,0.25)\"><\/div><div class=\"l-section-h i-cf\"><div class=\"g-cols vc_row via_grid cols_1 laptops-cols_inherit tablets-cols_inherit mobiles-cols_1 valign_top type_default stacking_default\"><div class=\"wpb_column vc_column_container\"><div class=\"vc_column-inner\"><div class=\"w-separator size_small\"><\/div><h1 class=\"w-post-elm post_title us_custom_6df4bc3a has_text_color align_center entry-title color_link_inherit\">Vedenie<\/h1><div class=\"w-separator size_small\"><\/div><\/div><\/div><\/div><\/div><\/section>\n<\/div><\/div><\/div><\/div><\/section><section class=\"l-section wpb_row height_medium\"><div class=\"l-section-h i-cf\"><div class=\"g-cols vc_row via_grid cols_1 laptops-cols_inherit tablets-cols_inherit mobiles-cols_1 valign_top type_default stacking_default\"><div class=\"wpb_column vc_column_container\"><div class=\"vc_column-inner\"><div class=\"wpb_text_column\"><div class=\"wpb_wrapper\"><h2 style=\"text-align: center;\">Vedenie Katedry mediamatiky a kult\u00farneho dedi\u010dstva<\/h2>\n<\/div><\/div><div class=\"w-separator size_large\"><\/div><div class=\"g-cols wpb_row via_grid cols_3 laptops-cols_inherit tablets-cols_inherit mobiles-cols_1 valign_top type_default stacking_default\"><div class=\"wpb_column vc_column_container\"><div class=\"vc_column-inner\"><div class=\"w-iconbox iconpos_top style_circle color_light align_center\"><div class=\"w-iconbox-icon\" style=\"font-size:50px;\"><i class=\"fal fa-rocket\"><\/i><\/div><div class=\"w-iconbox-meta\"><h3 class=\"w-iconbox-title\" style=\"font-size:1.2rem;\">Ved\u00faci katedry<\/h3><div class=\"w-iconbox-text\"><p>doc. Mgr.\u00a0<strong>Mari\u00e1n Grupa\u010d<\/strong>, PhD.<br \/>\nkancel\u00e1ria:\u00a0AC314<br \/>\n<a href=\"tel:%20+421%2041%20513%206340\">tel.: +421 41 513 6340<\/a><br \/>\ne-mail:\u00a0<a href=\"mailto:marian.grupac@fhv.uniza.sk\">marian.grupac@fhv.uniza.sk<\/a><\/p>\n<\/div><\/div><\/div><\/div><\/div><div class=\"wpb_column vc_column_container\"><div class=\"vc_column-inner\"><div class=\"w-iconbox iconpos_top style_circle color_light align_center\"><div class=\"w-iconbox-icon\" style=\"font-size:50px;\"><i class=\"fal fa-life-ring\"><\/i><\/div><div class=\"w-iconbox-meta\"><h3 class=\"w-iconbox-title\" style=\"font-size:1.2rem;\">Z\u00e1stupky\u0148a ved\u00faceho katedry<\/h3><div class=\"w-iconbox-text\"><p>Mgr.\u00a0<strong>Jarmila Majerov\u00e1<\/strong>, PhD. kancel\u00e1ria: AC318\u00a0<a href=\"tel:+421415136174\">tel.:+421415136174<\/a> e-mail:\u00a0<a href=\"mailto:jarmila.majerova@fhv.uniza.sk\">jarmila.majerova@fhv.uniza.sk<\/a><\/p>\n<\/div><\/div><\/div><\/div><\/div><div class=\"wpb_column vc_column_container\"><div class=\"vc_column-inner\"><div class=\"w-iconbox iconpos_top style_circle color_light align_center\"><div class=\"w-iconbox-icon\" style=\"font-size:50px;\"><i class=\"fal fa-coins\"><\/i><\/div><div class=\"w-iconbox-meta\"><h3 class=\"w-iconbox-title\" style=\"font-size:1.2rem;\">Kontakt<\/h3><div class=\"w-iconbox-text\"><p>e-mail:\u00a0<a href=\"mailto:kmkd@fhv.uniza.sk\">kmkd@fhv.uniza.sk<\/a> webov\u00e1 str\u00e1nka:\u00a0<a href=\"http:\/\/kmkd.fhv.uniza.sk\/\" target=\"_blank\" rel=\"noopener noreferrer\">kmkd.fhv.uniza.sk<\/a> facebook:\u00a0<a href=\"https:\/\/www.facebook.com\/KatedraMKD\" target=\"_blank\" rel=\"noopener noreferrer\">KatedraMKD<\/a><\/p>\n<p>x twitter: <a href=\"https:\/\/twitter.com\/MediamatikaKD\" target=\"_blank\" rel=\"noopener noreferrer\">MediamatikaKD<\/a><\/p>\n<\/div><\/div><\/div><\/div><\/div><\/div><\/div><\/div><\/div><\/div><\/section>\n","protected":false},"excerpt":{"rendered":"Vedenie Vedenie Katedry mediamatiky a kult\u00farneho dedi\u010dstva Ved\u00faci katedrydoc. Mgr.\u00a0Mari\u00e1n Grupa\u010d, PhD. kancel\u00e1ria:\u00a0AC314 tel.: +421 41 513 6340 e-mail:\u00a0marian.grupac@fhv.uniza.sk Z\u00e1stupky\u0148a ved\u00faceho katedryMgr.\u00a0Jarmila Majerov\u00e1, PhD. kancel\u00e1ria: AC318\u00a0tel.:+421415136174 e-mail:\u00a0jarmila.majerova@fhv.uniza.sk Kontakte-mail:\u00a0kmkd@fhv.uniza.sk webov\u00e1 str\u00e1nka:\u00a0kmkd.fhv.uniza.sk...","protected":false},"author":2,"featured_media":0,"parent":0,"menu_order":0,"comment_status":"closed","ping_status":"closed","template":"","meta":{"footnotes":""},"class_list":["post-195","page","type-page","status-publish","hentry"],"acf":[],"_links":{"self":[{"href":"https:\/\/kmkd.fhv.uniza.sk\/index.php?rest_route=\/wp\/v2\/pages\/195","targetHints":{"allow":["GET"]}}],"collection":[{"href":"https:\/\/kmkd.fhv.uniza.sk\/index.php?rest_route=\/wp\/v2\/pages"}],"about":[{"href":"https:\/\/kmkd.fhv.uniza.sk\/index.php?rest_route=\/wp\/v2\/types\/page"}],"author":[{"embeddable":true,"href":"https:\/\/kmkd.fhv.uniza.sk\/index.php?rest_route=\/wp\/v2\/users\/2"}],"replies":[{"embeddable":true,"href":"https:\/\/kmkd.fhv.uniza.sk\/index.php?rest_route=%2Fwp%2Fv2%2Fcomments&post=195"}],"version-history":[{"count":33,"href":"https:\/\/kmkd.fhv.uniza.sk\/index.php?rest_route=\/wp\/v2\/pages\/195\/revisions"}],"predecessor-version":[{"id":2425,"href":"https:\/\/kmkd.fhv.uniza.sk\/index.php?rest_route=\/wp\/v2\/pages\/195\/revisions\/2425"}],"wp:attachment":[{"href":"https:\/\/kmkd.fhv.uniza.sk\/index.php?rest_route=%2Fwp%2Fv2%2Fmedia&parent=195"}],"curies":[{"name":"wp","href":"https:\/\/api.w.org\/{rel}","templated":true}]}}