{"id":2416,"date":"2023-09-24T14:33:29","date_gmt":"2023-09-24T12:33:29","guid":{"rendered":"https:\/\/kmkd.fhv.uniza.sk\/?page_id=2416"},"modified":"2024-06-06T13:30:48","modified_gmt":"2024-06-06T11:30:48","slug":"databazy","status":"publish","type":"page","link":"https:\/\/kmkd.fhv.uniza.sk\/?page_id=2416","title":{"rendered":"Datab\u00e1zy"},"content":{"rendered":"<section class=\"l-section wpb_row height_auto width_full\"><div class=\"l-section-h i-cf\"><div class=\"g-cols vc_row via_grid cols_1 laptops-cols_inherit tablets-cols_inherit mobiles-cols_1 valign_top type_default stacking_default\"><div class=\"wpb_column vc_column_container\"><div class=\"vc_column-inner\"><section class=\"l-section wpb_row us_custom_d9f2040e height_medium width_full\"><div class=\"l-section-overlay\" style=\"background:rgba(0,0,0,0.25)\"><\/div><div class=\"l-section-h i-cf\"><div class=\"g-cols vc_row via_grid cols_1 laptops-cols_inherit tablets-cols_inherit mobiles-cols_1 valign_top type_default stacking_default\"><div class=\"wpb_column vc_column_container\"><div class=\"vc_column-inner\"><div class=\"w-separator size_small\"><\/div><h1 class=\"w-post-elm post_title us_custom_6df4bc3a has_text_color align_center entry-title color_link_inherit\">Datab\u00e1zy<\/h1><div class=\"w-separator size_small\"><\/div><\/div><\/div><\/div><\/div><\/section>\n<\/div><\/div><\/div><\/div><\/section><section class=\"l-section wpb_row height_medium\"><div class=\"l-section-h i-cf\"><div class=\"g-cols vc_row via_grid cols_1 laptops-cols_inherit tablets-cols_inherit mobiles-cols_1 valign_top type_default stacking_default\"><div class=\"wpb_column vc_column_container\"><div class=\"vc_column-inner\"><h2 class=\"w-text\"><span url class=\"w-text-h\"><span class=\"w-text-value\">Datab\u00e1za INDED<\/span><\/span><\/h2><div class=\"wpb_text_column\"><div class=\"wpb_wrapper\"><p>Datab\u00e1za tvor\u00ed v\u00fdstup k projektu APVV-15-0554 s n\u00e1zvom &#8222;Intelektu\u00e1lne dedi\u010dstvo a vedeck\u00e1 komunik\u00e1cia 1500-1800 so slovensk\u00fdmi vz\u0165ahmi ako s\u00fa\u010das\u0165 eur\u00f3pskej hist\u00f3rie a identity [INDED]&#8220;.<\/p>\n<\/div><\/div><div class=\"w-btn-wrapper align_none\"><a class=\"w-btn us-btn-style_1 icon_atleft\" href=\"http:\/\/inded.fhv.uniza.sk\/xmlui\/\" target=\"_blank\" rel=\"noopener\"><i class=\"fas fa-arrow-right\"><\/i><span class=\"w-btn-label\">Datab\u00e1za inded<\/span><\/a><\/div><\/div><\/div><div class=\"wpb_column vc_column_container\"><div class=\"vc_column-inner\"><h2 class=\"w-text\"><span url class=\"w-text-h\"><span class=\"w-text-value\">Katal\u00f3gy historick\u00fdch kni\u017en\u00edc<\/span><\/span><\/h2><div class=\"wpb_text_column\"><div class=\"wpb_wrapper\"><p>Projekt bol zameran\u00fd na prim\u00e1rnu heuristiku a z\u00e1kladn\u00fd v\u00fdskum v oblasti z\u00edskavania inform\u00e1ci\u00ed a pramenn\u00fdch dokumentov katal\u00f3gov historick\u00fdch kni\u017en\u00edc na Slovensku od 13. storo\u010dia do roku 1918, na z\u00e1klade n\u00e1\u0161ho v\u00fdskumu sme po\u010diatky dej\u00edn kni\u017en\u00edc v tomto zmysle posunuli a\u017e na za\u010diatok 12. storo\u010dia.<\/p>\n<\/div><\/div><div class=\"w-btn-wrapper align_none\"><a class=\"w-btn us-btn-style_1 icon_atleft\" href=\"http:\/\/historickekniznice.uniza.sk:8080\/xmlui\" target=\"_blank\" rel=\"noopener\"><i class=\"fas fa-arrow-right\"><\/i><span class=\"w-btn-label\">Historick\u00e9 kni\u017enice<\/span><\/a><\/div><\/div><\/div><div class=\"wpb_column vc_column_container\"><div class=\"vc_column-inner\"><h2 class=\"w-text\"><span url class=\"w-text-h\"><span class=\"w-text-value\">CHRONUM \u2013 sekund\u00e1rna literat\u00fara<\/span><\/span><\/h2><div class=\"wpb_text_column\"><div class=\"wpb_wrapper\"><p>Projekt je interdisciplin\u00e1rny a uskuto\u010dn\u00ed sa v odboroch Kni\u017eni\u010dn\u00e1 a informa\u010dn\u00e1 veda (soci\u00e1lne aspekty) a Historick\u00e9 vedy a archeol\u00f3gia. V\u00fdstupy projektu bud\u00fa zameran\u00e9 na inovat\u00edvne spr\u00edstupnenie poznatkov o dejin\u00e1ch kni\u017en\u00edc, ktor\u00e9 tvoria fundament\u00e1lnu s\u00fa\u010das\u0165 kult\u00farneho dedi\u010dstva odzrkad\u013euj\u00fac kult\u00farnu, spolo\u010densk\u00fa a v\u00fdchovno-vzdel\u00e1vaciu \u00farove\u0148 Slovenska a Slov\u00e1kov a poskytuj\u00fac nevyvr\u00e1tite\u013en\u00e9 d\u00f4kazy o vklade Slovenska do eur\u00f3pskeho kult\u00farneho dedi\u010dstva.<\/p>\n<\/div><\/div><div class=\"w-btn-wrapper align_none\"><a class=\"w-btn us-btn-style_1 icon_atleft\" href=\"https:\/\/others.ucimesaweby.sk\/chronum\/vystupy-projektu\/sekundarna-literatura\/\" target=\"_blank\" rel=\"noopener\"><i class=\"fas fa-arrow-right\"><\/i><span class=\"w-btn-label\">CHRONUM<\/span><\/a><\/div><\/div><\/div><div class=\"wpb_column vc_column_container\"><div class=\"vc_column-inner\"><h2 class=\"w-text\"><a href=\"https:\/\/chronum.uniza.sk\/\" class=\"w-text-h\" target=\"_blank\" rel=\"noopener\"><span class=\"w-text-value\">CHRONUM datab\u00e1za (pripravujeme)<\/span><\/a><\/h2><div class=\"wpb_text_column\"><div class=\"wpb_wrapper\"><p>Projekt je interdisciplin\u00e1rny a uskuto\u010dn\u00ed sa v odboroch Kni\u017eni\u010dn\u00e1 a informa\u010dn\u00e1 veda (soci\u00e1lne aspekty) a Historick\u00e9 vedy a archeol\u00f3gia. V\u00fdstupy projektu bud\u00fa zameran\u00e9 na inovat\u00edvne spr\u00edstupnenie poznatkov o dejin\u00e1ch kni\u017en\u00edc, ktor\u00e9 tvoria fundament\u00e1lnu s\u00fa\u010das\u0165 kult\u00farneho dedi\u010dstva odzrkad\u013euj\u00fac kult\u00farnu, spolo\u010densk\u00fa a v\u00fdchovno-vzdel\u00e1vaciu \u00farove\u0148 Slovenska a Slov\u00e1kov a poskytuj\u00fac nevyvr\u00e1tite\u013en\u00e9 d\u00f4kazy o vklade Slovenska do eur\u00f3pskeho kult\u00farneho dedi\u010dstva.<\/p>\n<\/div><\/div><div class=\"w-btn-wrapper align_none\"><a class=\"w-btn us-btn-style_1 icon_atleft\" href=\"https:\/\/chronum.uniza.sk\/\" target=\"_blank\" rel=\"noopener\"><i class=\"fas fa-arrow-right\"><\/i><span class=\"w-btn-label\">CHRONUM<\/span><\/a><\/div><\/div><\/div><div class=\"wpb_column vc_column_container\"><div class=\"vc_column-inner\"><h2 class=\"w-text\"><span url class=\"w-text-h\"><span class=\"w-text-value\">Grafick\u00e1 v\u00fdzdoba &#8211; sekund\u00e1rna literat\u00fara<\/span><\/span><\/h2><div class=\"wpb_text_column\"><div class=\"wpb_wrapper\"><p>Projekt v navrhovanom kontexte prezentuje nov\u00fa, kvalitat\u00edvne odli\u0161n\u00fa perspekt\u00edvu na problematiku star\u00fdch tla\u010d\u00ed. V\u00fdtvarn\u00e9 dejiny knihy, umeleck\u00e1 a estetick\u00e1 str\u00e1nka dokumentov je priamo sp\u00e4t\u00e1 s v\u00fdskumom kult\u00farnej hist\u00f3rie, dokument\u00e1ciou kult\u00farneho dedi\u010dstva a s detailnej\u0161\u00edm pozn\u00e1van\u00edm prostredia a kult\u00farneho z\u00e1zemia spolo\u010dnosti.<\/p>\n<\/div><\/div><div class=\"w-btn-wrapper align_none\"><a class=\"w-btn us-btn-style_1 icon_atleft\" href=\"https:\/\/grafikastarychtlaci.uniza.sk\/index.php\/sekundarna-literatura\/\" target=\"_blank\" rel=\"noopener\"><i class=\"fas fa-arrow-right\"><\/i><span class=\"w-btn-label\">Grafika star\u00fdch tla\u010d\u00ed<\/span><\/a><\/div><\/div><\/div><div class=\"wpb_column vc_column_container\"><div class=\"vc_column-inner\"><h2 class=\"w-text\"><span url class=\"w-text-h\"><span class=\"w-text-value\">Grafick\u00e1 v\u00fdzdoba &#8211; datab\u00e1za<\/span><\/span><\/h2><div class=\"wpb_text_column\"><div class=\"wpb_wrapper\"><p>Projekt v navrhovanom kontexte prezentuje nov\u00fa, kvalitat\u00edvne odli\u0161n\u00fa perspekt\u00edvu na problematiku star\u00fdch tla\u010d\u00ed. V\u00fdtvarn\u00e9 dejiny knihy, umeleck\u00e1 a estetick\u00e1 str\u00e1nka dokumentov je priamo sp\u00e4t\u00e1 s v\u00fdskumom kult\u00farnej hist\u00f3rie, dokument\u00e1ciou kult\u00farneho dedi\u010dstva a s detailnej\u0161\u00edm pozn\u00e1van\u00edm prostredia a kult\u00farneho z\u00e1zemia spolo\u010dnosti.<\/p>\n<\/div><\/div><div class=\"w-btn-wrapper align_none\"><a class=\"w-btn us-btn-style_1 icon_atleft\" href=\"https:\/\/grafikastarychtlaci.uniza.sk\/index.php\/primarna-databaza\/\" target=\"_blank\" rel=\"noopener\"><i class=\"fas fa-arrow-right\"><\/i><span class=\"w-btn-label\">Grafika star\u00fdch tla\u010d\u00ed<\/span><\/a><\/div><\/div><\/div><\/div><\/div><\/section>\n","protected":false},"excerpt":{"rendered":"Datab\u00e1zy Datab\u00e1za INDEDDatab\u00e1za tvor\u00ed v\u00fdstup k projektu APVV-15-0554 s n\u00e1zvom &#8222;Intelektu\u00e1lne dedi\u010dstvo a vedeck\u00e1 komunik\u00e1cia 1500-1800 so slovensk\u00fdmi vz\u0165ahmi ako s\u00fa\u010das\u0165 eur\u00f3pskej hist\u00f3rie a identity [INDED]&#8220;. Datab\u00e1za indedKatal\u00f3gy historick\u00fdch kni\u017en\u00edcProjekt...","protected":false},"author":1,"featured_media":0,"parent":0,"menu_order":0,"comment_status":"closed","ping_status":"closed","template":"","meta":{"footnotes":""},"class_list":["post-2416","page","type-page","status-publish","hentry"],"acf":[],"_links":{"self":[{"href":"https:\/\/kmkd.fhv.uniza.sk\/index.php?rest_route=\/wp\/v2\/pages\/2416","targetHints":{"allow":["GET"]}}],"collection":[{"href":"https:\/\/kmkd.fhv.uniza.sk\/index.php?rest_route=\/wp\/v2\/pages"}],"about":[{"href":"https:\/\/kmkd.fhv.uniza.sk\/index.php?rest_route=\/wp\/v2\/types\/page"}],"author":[{"embeddable":true,"href":"https:\/\/kmkd.fhv.uniza.sk\/index.php?rest_route=\/wp\/v2\/users\/1"}],"replies":[{"embeddable":true,"href":"https:\/\/kmkd.fhv.uniza.sk\/index.php?rest_route=%2Fwp%2Fv2%2Fcomments&post=2416"}],"version-history":[{"count":14,"href":"https:\/\/kmkd.fhv.uniza.sk\/index.php?rest_route=\/wp\/v2\/pages\/2416\/revisions"}],"predecessor-version":[{"id":2568,"href":"https:\/\/kmkd.fhv.uniza.sk\/index.php?rest_route=\/wp\/v2\/pages\/2416\/revisions\/2568"}],"wp:attachment":[{"href":"https:\/\/kmkd.fhv.uniza.sk\/index.php?rest_route=%2Fwp%2Fv2%2Fmedia&parent=2416"}],"curies":[{"name":"wp","href":"https:\/\/api.w.org\/{rel}","templated":true}]}}