{"id":429,"date":"2023-01-15T00:26:27","date_gmt":"2023-01-14T23:26:27","guid":{"rendered":"https:\/\/zaverecne-prace.ucimesaweby.sk\/palfy\/?page_id=429"},"modified":"2024-09-11T09:48:04","modified_gmt":"2024-09-11T07:48:04","slug":"faq-najcastejsie-otazky","status":"publish","type":"page","link":"https:\/\/kmkd.fhv.uniza.sk\/?page_id=429","title":{"rendered":"FAQ &#8211; naj\u010dastej\u0161ie ot\u00e1zky"},"content":{"rendered":"<section class=\"l-section wpb_row height_auto width_full\"><div class=\"l-section-h i-cf\"><div class=\"g-cols vc_row via_grid cols_1 laptops-cols_inherit tablets-cols_inherit mobiles-cols_1 valign_top type_default stacking_default\"><div class=\"wpb_column vc_column_container\"><div class=\"vc_column-inner\"><section class=\"l-section wpb_row us_custom_d9f2040e height_medium width_full\"><div class=\"l-section-overlay\" style=\"background:rgba(0,0,0,0.25)\"><\/div><div class=\"l-section-h i-cf\"><div class=\"g-cols vc_row via_grid cols_1 laptops-cols_inherit tablets-cols_inherit mobiles-cols_1 valign_top type_default stacking_default\"><div class=\"wpb_column vc_column_container\"><div class=\"vc_column-inner\"><div class=\"w-separator size_small\"><\/div><h1 class=\"w-post-elm post_title us_custom_6df4bc3a has_text_color align_center entry-title color_link_inherit\">FAQ &#8211; naj\u010dastej\u0161ie ot\u00e1zky<\/h1><div class=\"w-separator size_small\"><\/div><\/div><\/div><\/div><\/div><\/section>\n<\/div><\/div><\/div><\/div><\/section><section class=\"l-section wpb_row height_medium\"><div class=\"l-section-h i-cf\"><div class=\"g-cols vc_row via_grid cols_1-2 laptops-cols_inherit tablets-cols_inherit mobiles-cols_1 valign_top type_default stacking_default\"><div class=\"wpb_column vc_column_container type_sticky\"><div class=\"vc_column-inner\"><div class=\"w-iconbox iconpos_left style_default color_primary align_left\"><div class=\"w-iconbox-icon\" style=\"font-size:2rem;\"><i class=\"fal fa-question-circle\"><\/i><\/div><div class=\"w-iconbox-meta\"><h2 class=\"w-iconbox-title\">H\u013ead\u00e1\u0161 odpovede na svoje ot\u00e1zky?<\/h2><div class=\"w-iconbox-text\"><p>Sk\u00f4r, ako n\u00e1m nap\u00ed\u0161e\u0161, pozri, \u010di tvoja ot\u00e1zka nie je v na\u0161om zozname naj\u010dastej\u0161\u00edch ot\u00e1zok.<\/p>\n<\/div><\/div><\/div><div class=\"w-separator size_small\"><\/div><div class=\"w-vwrapper us_custom_5099d0f1 align_none valign_top\"><h4 class=\"w-text\"><span url class=\"w-text-h\"><span class=\"w-text-value\">Nena\u0161iel si odpove\u010f?<\/span><\/span><\/h4><form class=\"w-form  layout_ver for_cform us_form_1\" autocomplete=\"off\" action=\"https:\/\/kmkd.fhv.uniza.sk\/index.php?rest_route=%2Fwp%2Fv2%2Fpages%2F429\" method=\"post\"><div class=\"w-form-h\"><div class=\"w-form-row for_email required\">\r\n\t\t<div class=\"w-form-row-field\">\r\n\t\t\t\t\t\t<input aria-label=\"Email\" type=\"email\" name=\"us_form_1_email_1\" value placeholder=\"Email *\" data-required=\"true\" aria-required=\"true\"\/>\r\n\t\t\t<\/div>\r\n\t\t<div class=\"w-form-row-state\">Pros\u00edm uve\u010fte spr\u00e1vnu\/funk\u010dn\u00fa e-mailov\u00fa adresu.<\/div>\r\n<\/div>\r\n<div class=\"w-form-row for_textarea required\">\r\n\t\t<div class=\"w-form-row-field\">\r\n\t\t\t\t\t\t<textarea aria-label=\"Priestor pre ot\u00e1zky\" name=\"us_form_1_textarea_1\" placeholder=\"Priestor pre ot\u00e1zky *\" data-required=\"true\" aria-required=\"true\"><\/textarea>\r\n\t\t\t<\/div>\r\n\t\t<div class=\"w-form-row-state\">Fill out this field<\/div>\r\n<\/div>\r\n<input type=\"hidden\" name=\"action\" value=\"us_ajax_cform\" \/>\r\n<input type=\"hidden\" name=\"post_id\" value=\"0\" \/>\r\n<input type=\"hidden\" name=\"form_index\" value=\"1\" \/>\r\n<div class=\"w-form-row for_submit  align_justify\">\r\n\t<button class=\"w-btn  us-btn-style_1\" aria-label=\"Odosla\u0165 ot\u00e1zku\" type=\"submit\">\r\n\t\t<span class=\"g-preloader type_1\"><\/span>\r\n\t\t\t\t<span class=\"w-btn-label\">Odosla\u0165 ot\u00e1zku<\/span>\r\n\t\t\t<\/button>\r\n\t<\/div>\r\n<\/div><div class=\"w-form-message\"><\/div><div class=\"w-form-json hidden\" onclick='return {&quot;ajaxurl&quot;:&quot;https:\\\/\\\/kmkd.fhv.uniza.sk\\\/wp-admin\\\/admin-ajax.php&quot;,&quot;messages&quot;:{&quot;err_empty&quot;:&quot;Fill out this field&quot;,&quot;err_size&quot;:&quot;File size cannot exceed %s MB&quot;,&quot;err_extension&quot;:&quot;%s file type is not allowed&quot;}}'><\/div><\/form><\/div><\/div><\/div><div class=\"wpb_column vc_column_container\"><div class=\"vc_column-inner\"><div class=\"w-text us_custom_3900c0d2 has_text_color\"><span url class=\"w-text-h\"><span class=\"w-text-value\">U\u017e som \u0161tudent na katedre<\/span><\/span><\/div><div class=\"w-separator size_small\"><\/div><div class=\"w-tabs style_default switch_click accordion remove_indents\"><div class=\"w-tabs-sections titles-align_none icon_plus cpos_right\"><div class=\"w-tabs-section has_text_color\" id=\"c3e9\" style=\"color:var(--color-content-heading);\"><button class=\"w-tabs-section-header\" aria-controls=\"content-c3e9\" aria-expanded=\"false\"><h6 class=\"w-tabs-section-title\">Ako sa prihl\u00e1sim na sk\u00fa\u0161ku?<\/h6><div class=\"w-tabs-section-control\"><\/div><\/button><div  class=\"w-tabs-section-content\" id=\"content-c3e9\"><div class=\"w-tabs-section-content-h i-cf\"><div class=\"wpb_text_column us_custom_e89f51fc\"><div class=\"wpb_wrapper\"><p>Prvotne je potrebn\u00e9 prihl\u00e1si\u0165 sa do port\u00e1lu\u00a0<a href=\"https:\/\/vzdelavanie.uniza.sk\/vzdelavanie\" target=\"_blank\" rel=\"noopener noreferrer\">VZDEL\u00c1VANIA<\/a>, a n\u00e1sledne posun do sekcie\u00a0<a href=\"https:\/\/vzdelavanie.uniza.sk\/vzdelavanie\/predmety_s.php\" target=\"_blank\" rel=\"noopener noreferrer\">Zap\u00edsan\u00e9 predmety<\/a>. Tu sa m\u00f4\u017eete zap\u00edsa\u0165 na sk\u00fa\u0161ku v pr\u00edslu\u0161nom predmete prostredn\u00edctvom\u00a0druhej ikony, ktor\u00e1 nesie ozna\u010denie\u00a0<strong>&#8222;Vyp\u00edsan\u00e9 predmety&#8220;<\/strong>.<\/p>\n<\/div><\/div><\/div><\/div><\/div><div class=\"w-tabs-section has_text_color\" id=\"f4bd\" style=\"color:var(--color-content-heading);\"><button class=\"w-tabs-section-header\" aria-controls=\"content-f4bd\" aria-expanded=\"false\"><h6 class=\"w-tabs-section-title\">Kedy za\u010d\u00edna, resp. kon\u010d\u00ed semester?<\/h6><div class=\"w-tabs-section-control\"><\/div><\/button><div  class=\"w-tabs-section-content\" id=\"content-f4bd\"><div class=\"w-tabs-section-content-h i-cf\"><div class=\"wpb_text_column us_custom_e89f51fc\"><div class=\"wpb_wrapper\"><p>Presn\u00e9 d\u00e1tumy pre pr\u00edslu\u0161n\u00fd akademick\u00fd rok n\u00e1jdete v dokumente <a href=\"https:\/\/www.uniza.sk\/index.php\/studenti\/vseobecne-informacie\/akademicky-kalendar\" target=\"_blank\" rel=\"noopener\"><strong>HARMONOGRAM AKADEMICK\u00c9HO ROKA UNIZA<\/strong><\/a><\/p>\n<\/div><\/div><\/div><\/div><\/div><div class=\"w-tabs-section has_text_color\" id=\"a631\" style=\"color:var(--color-content-heading);\"><button class=\"w-tabs-section-header\" aria-controls=\"content-a631\" aria-expanded=\"false\"><h6 class=\"w-tabs-section-title\">Kde n\u00e1jdem svoj rozvrh, a ako ho upravi\u0165?<\/h6><div class=\"w-tabs-section-control\"><\/div><\/button><div  class=\"w-tabs-section-content\" id=\"content-a631\"><div class=\"w-tabs-section-content-h i-cf\"><div class=\"wpb_text_column us_custom_e89f51fc\"><div class=\"wpb_wrapper\"><p>Svoj rozvrh n\u00e1jdete na port\u00e1li\u00a0<strong><a href=\"https:\/\/vzdelavanie.uniza.sk\/vzdelavanie\/rozvrh2.php\" target=\"_blank\" rel=\"noopener noreferrer\">VZDEL\u00c1VANIE v sekcii Rozvrh<\/a>.\u00a0<\/strong>Tu m\u00f4\u017eete svoj kompletn\u00fd rozvrh zobrazi\u0165 na z\u00e1klade va\u0161ej \u0161tudijnej skupiny, ktor\u00fa m\u00e1te v hornej sekcii port\u00e1lu:<em>\u00a0Meno Priezvisko (osobn\u00e9 \u010d\u00edslo,\u00a0<strong>\u0160TUDIJNA SKUPINA<\/strong>).<\/em><\/p>\n<p><b>\u017diadosti o zmenu v rozvrhu<\/b>\u00a0bude rozvrhov\u00e9 oddelenie prij\u00edma\u0165 na vyplnenom formul\u00e1ri doru\u010denom len pr\u00edslu\u0161n\u00fdm vyu\u010duj\u00facim predmetu alebo z\u00e1stupcom katedry zodpovedn\u00fdm za rozvrh. Formul\u00e1re a presn\u00e9 podmienky n\u00e1jdete taktie\u017e na port\u00e1li\u00a0<strong><a href=\"https:\/\/vzdelavanie.uniza.sk\/vzdelavanie\/rozvrh2.php\" target=\"_blank\" rel=\"noopener noreferrer\">VZDEL\u00c1VANIE v sekcii Rozvrh<\/a>.<\/strong><\/p>\n<\/div><\/div><\/div><\/div><\/div><div class=\"w-tabs-section has_text_color\" id=\"q73e\" style=\"color:var(--color-content-heading);\"><button class=\"w-tabs-section-header\" aria-controls=\"content-q73e\" aria-expanded=\"false\"><h6 class=\"w-tabs-section-title\">Ako je to s kontrolou \u0161t\u00fadia?<\/h6><div class=\"w-tabs-section-control\"><\/div><\/button><div  class=\"w-tabs-section-content\" id=\"content-q73e\"><div class=\"w-tabs-section-content-h i-cf\"><div class=\"wpb_text_column us_custom_e89f51fc\"><div class=\"wpb_wrapper\"><p>Kontrola \u0161t\u00fadia prebieha pri z\u00e1pise do vy\u0161\u0161ieho ro\u010dn\u00edka.<\/p>\n<\/div><\/div><\/div><\/div><\/div><div class=\"w-tabs-section has_text_color\" id=\"z81b\" style=\"color:var(--color-content-heading);\"><button class=\"w-tabs-section-header\" aria-controls=\"content-z81b\" aria-expanded=\"false\"><h6 class=\"w-tabs-section-title\">Ak\u00e9 predmety s\u00fa vyu\u010dovan\u00e9 na katedre?<\/h6><div class=\"w-tabs-section-control\"><\/div><\/button><div  class=\"w-tabs-section-content\" id=\"content-z81b\"><div class=\"w-tabs-section-content-h i-cf\"><div class=\"wpb_text_column us_custom_e89f51fc\"><div class=\"wpb_wrapper\"><p>Zoznam v\u0161etk\u00fdch zabezpe\u010dovan\u00fdch predmetov n\u00e1jdete v \u010dasti\u00a0<a href=\"https:\/\/zaverecne-prace.ucimesaweby.sk\/palfy\/zabezpecovane-predmety\/\" target=\"_blank\" rel=\"noopener noreferrer\">Zabezpe\u010dovan\u00e9 predmety.<\/a><\/p>\n<\/div><\/div><\/div><\/div><\/div><div class=\"w-tabs-section has_text_color\" id=\"n900\" style=\"color:var(--color-content-heading);\"><button class=\"w-tabs-section-header\" aria-controls=\"content-n900\" aria-expanded=\"false\"><h6 class=\"w-tabs-section-title\">Kedy a kde dost\u00e1va \u0161tudent prv\u00e9ho ro\u010dn\u00edka vysokej \u0161koly preukaz \u0161tudenta?<\/h6><div class=\"w-tabs-section-control\"><\/div><\/button><div  class=\"w-tabs-section-content\" id=\"content-n900\"><div class=\"w-tabs-section-content-h i-cf\"><div class=\"wpb_text_column us_custom_e89f51fc\"><div class=\"wpb_wrapper\"><p>Pre z\u00edskanie karty, resp. pri vydan\u00ed novej karty mus\u00edte by\u0165 \u0161tudentom v pr\u00edslu\u0161nom akademickom roku. Viac inform\u00e1cii n\u00e1jdete v \u010dasti\u00a0<a href=\"https:\/\/www.uniza.sk\/index.php\/studenti\/prakticke-informacie\/preukaz-studenta\" target=\"_blank\" rel=\"noopener\"><strong>Preukaz \u0161tudenta<\/strong><\/a><\/p>\n<\/div><\/div><\/div><\/div><\/div><div class=\"w-tabs-section has_text_color\" id=\"j9d2\" style=\"color:var(--color-content-heading);\"><button class=\"w-tabs-section-header\" aria-controls=\"content-j9d2\" aria-expanded=\"false\"><h6 class=\"w-tabs-section-title\">Ako a kde sa prihl\u00e1sim do svojho OFFICE 365 \u00fa\u010dtu?<\/h6><div class=\"w-tabs-section-control\"><\/div><\/button><div  class=\"w-tabs-section-content\" id=\"content-j9d2\"><div class=\"w-tabs-section-content-h i-cf\"><div class=\"wpb_text_column us_custom_e89f51fc\"><div class=\"wpb_wrapper\"><p>Do svojho Office 365 \u00fa\u010dtu sa viete prihl\u00e1si\u0165\u00a0<strong>cez webov\u00fd priehliada\u010d<\/strong>\u00a0(<a class=\"urlextern\" title=\"https:\/\/login.microsoftonline.com\" href=\"https:\/\/login.microsoftonline.com\/\" rel=\"nofollow noopener\" target=\"_blank\">https:\/\/login.microsoftonline.com<\/a>). Viac inform\u00e1ci\u00ed n\u00e1jdete v sekci\u00ed\u00a0<a href=\"https:\/\/zaverecne-prace.ucimesaweby.sk\/palfy\/office-365\/\" target=\"_blank\" rel=\"noopener\">OFFICE 365<\/a>.<\/p>\n<\/div><\/div><\/div><\/div><\/div><div class=\"w-tabs-section has_text_color\" id=\"eaac\" style=\"color:var(--color-content-heading);\"><button class=\"w-tabs-section-header\" aria-controls=\"content-eaac\" aria-expanded=\"false\"><h6 class=\"w-tabs-section-title\">Kde n\u00e1jdem vyp\u00edsan\u00e9 t\u00e9my z\u00e1vere\u010dn\u00fdch pr\u00e1c, a ako sa prihl\u00e1sim na dan\u00fa z\u00e1vere\u010dn\u00fa pr\u00e1cu?<\/h6><div class=\"w-tabs-section-control\"><\/div><\/button><div  class=\"w-tabs-section-content\" id=\"content-eaac\"><div class=\"w-tabs-section-content-h i-cf\"><div class=\"wpb_text_column us_custom_e89f51fc\"><div class=\"wpb_wrapper\"><p>Jednotliv\u00e9 t\u00e9my z\u00e1vere\u010dn\u00fdch pr\u00e1c s\u00fa zverejnen\u00e9, prostredn\u00edctvom zdie\u013ean\u00e9ho dokumentu (OFFICE 365), kde je mo\u017en\u00e9 sa k danej t\u00e9me aj prihl\u00e1si\u0165. D\u00f4le\u017eit\u00e9 je v\u0161ak dan\u00e9 prihl\u00e1senie komunikova\u0165 so zad\u00e1vate\u013eom t\u00e9my. Viac inform\u00e1ci\u00ed n\u00e1jdete v sekci\u00ed\u00a0<a href=\"https:\/\/kmkd.fhv.uniza.sk\/?page_id=846\"><strong>Z\u00e1vere\u010dn\u00e9 pr\u00e1ce.<\/strong><\/a><\/p>\n<\/div><\/div><\/div><\/div><\/div><div class=\"w-tabs-section has_text_color\" id=\"ub8d\" style=\"color:var(--color-content-heading);\"><button class=\"w-tabs-section-header\" aria-controls=\"content-ub8d\" aria-expanded=\"false\"><h6 class=\"w-tabs-section-title\">Do kedy a kam je nutn\u00e9 odovzda\u0165 svoju z\u00e1vere\u010dn\u00fa pr\u00e1cu?<\/h6><div class=\"w-tabs-section-control\"><\/div><\/button><div  class=\"w-tabs-section-content\" id=\"content-ub8d\"><div class=\"w-tabs-section-content-h i-cf\"><div class=\"wpb_text_column us_custom_e89f51fc\"><div class=\"wpb_wrapper\"><p>Svoju z\u00e1vere\u010dn\u00fa pr\u00e1cu, je potrebn\u00e9 prvotne odovzda\u0165 elektronicky do syst\u00e9mu\u00a0<strong><a href=\"http:\/\/kniznica.uniza.sk\/ezp?fs=FB63A88308FE42A680B084A77EEE22FF&amp;fn=main\" target=\"_blank\" rel=\"noopener\">Evidencia z\u00e1vere\u010dn\u00fdch pr\u00e1c<\/a>,\u00a0<\/strong>pod\u013ea\u00a0<strong><a href=\"https:\/\/zaverecne-prace.ucimesaweby.sk\/palfy\/zaverecne-prace\/\" target=\"_blank\" rel=\"noopener\">vopred stanoven\u00fdch podmienok<\/a>.\u00a0<\/strong>N\u00e1sledne v tla\u010denej podobe na sekretari\u00e1t KMKD. Term\u00edny a presn\u00e9 podmienky n\u00e1jdete v \u010dasti\u00a0<a href=\"https:\/\/kmkd.fhv.uniza.sk\/?page_id=846\"><strong>Z\u00e1vere\u010dn\u00e9 pr\u00e1ce<\/strong>.<\/a><\/p>\n<\/div><\/div><\/div><\/div><\/div><div class=\"w-tabs-section has_text_color\" id=\"tcb0\" style=\"color:var(--color-content-heading);\"><button class=\"w-tabs-section-header\" aria-controls=\"content-tcb0\" aria-expanded=\"false\"><h6 class=\"w-tabs-section-title\">Ako si vyberiem a zap\u00ed\u0161em povinne volite\u013en\u00e9 predmety?<\/h6><div class=\"w-tabs-section-control\"><\/div><\/button><div  class=\"w-tabs-section-content\" id=\"content-tcb0\"><div class=\"w-tabs-section-content-h i-cf\"><div class=\"wpb_text_column us_custom_e89f51fc\"><div class=\"wpb_wrapper\"><p>Prvotne si mus\u00edte zvoli\u0165, ak\u00fd predmet si chcete vybra\u0165\u00a0<em>(pod\u013ea V\u00e1\u0161ho smeru \u0161t\u00fadia).<\/em>\u00a0Na to V\u00e1m pom\u00f4\u017ee zoznam\u00a0<a href=\"https:\/\/kmkd.fhv.uniza.sk\/?page_id=625\"><strong>Zabezpe\u010dovan\u00fdch predmetov<\/strong>.<\/a> \u010ealej, prostredn\u00edctvom Va\u0161ej \u0161tudentskej e-mailovej schr\u00e1nky, V\u00e1m bude rozposlan\u00fd dotazn\u00edk, v ktorom si zvol\u00edte Povinne volite\u013en\u00e9 predmety, pre ktor\u00e9 ste sa rozhodli. Viac inform\u00e1ci\u00ed n\u00e1jdete v sekci\u00ed<strong>\u00a0<a href=\"https:\/\/kmkd.fhv.uniza.sk\/?page_id=553\">Povinne volite\u013en\u00e9 predmety.<\/a><\/strong><\/p>\n<\/div><\/div><\/div><\/div><\/div><\/div><\/div><div class=\"w-separator size_large\"><\/div><div class=\"w-text us_custom_3900c0d2 has_text_color\"><span url class=\"w-text-h\"><span class=\"w-text-value\">Som prv\u00e1k, alebo uch\u00e1dza\u010d o \u0161t\u00fadium<\/span><\/span><\/div><div class=\"w-separator size_small\"><\/div><div class=\"w-tabs style_default switch_click accordion remove_indents\"><div class=\"w-tabs-sections titles-align_none icon_plus cpos_right\"><div class=\"w-tabs-section has_text_color\" id=\"u37d\" style=\"color:var(--color-content-heading);\"><button class=\"w-tabs-section-header\" aria-controls=\"content-u37d\" aria-expanded=\"false\"><h6 class=\"w-tabs-section-title\">Ako prebieha prij\u00edmacie konanie?<\/h6><div class=\"w-tabs-section-control\"><\/div><\/button><div  class=\"w-tabs-section-content\" id=\"content-u37d\"><div class=\"w-tabs-section-content-h i-cf\"><div class=\"wpb_text_column us_custom_e89f51fc\"><div class=\"wpb_wrapper\"><p>Na za\u010diatku je nutn\u00e9 do predom stanoven\u00e9ho term\u00edna poda\u0165 prihl\u00e1\u0161ku. N\u00e1sledne je V\u00e1m zaslan\u00e9 po\u0161tou rozhodnutie prijat\u00ed\/neprijat\u00ed, pr\u00edpadne pozv\u00e1nka na prij\u00edmacie konanie. Podrobn\u00fd postup a viac inform\u00e1cii sa dozviete v sekci\u00ed\u00a0<a href=\"https:\/\/kmkd.fhv.uniza.sk\/?page_id=499\"><strong>Prij\u00edmacie konania.<\/strong><\/a><\/p>\n<\/div><\/div><\/div><\/div><\/div><div class=\"w-tabs-section has_text_color\" id=\"x484\" style=\"color:var(--color-content-heading);\"><button class=\"w-tabs-section-header\" aria-controls=\"content-x484\" aria-expanded=\"false\"><h6 class=\"w-tabs-section-title\">Ak\u00e9 uplatnenie budem ma\u0165 ako absolvent?<\/h6><div class=\"w-tabs-section-control\"><\/div><\/button><div  class=\"w-tabs-section-content\" id=\"content-x484\"><div class=\"w-tabs-section-content-h i-cf\"><div class=\"wpb_text_column us_custom_e89f51fc\"><div class=\"wpb_wrapper\"><p>Absolvent sa m\u00f4\u017ee uplatni\u0165 ako\u00a0<strong>tvorca obsahov<\/strong>\u00a0alebo\u00a0<strong>mana\u017e\u00e9r informa\u010dn\u00fdch syst\u00e9mov<\/strong>,\u00a0<strong>konzultant v\u00a0oblasti informa\u010dn\u00fdch syst\u00e9mov<\/strong>,<strong>\u00a0tvorca kurzov pre e-learning, spr\u00e1vca podnikov\u00fdch informa\u010dn\u00fdch a\u00a0znalostn\u00fdch b\u00e1z at\u010f.<\/strong><\/p>\n<p>Po absolvovan\u00ed \u0161t\u00fadia m\u00f4\u017ee\u00a0<strong>samostatne podnika\u0165 v\u00a0oblasti masm\u00e9di\u00ed<\/strong>,\u00a0<strong>zabezpe\u010dova\u0165 informa\u010dn\u00fd servis<\/strong>\u00a0pre \u0161t\u00e1tnu spr\u00e1vu, tret\u00ed sektor a pod., alebo pracova\u0165 ako\u00a0<strong>\u0161pecialista pre tvorbu a\u00a0prezent\u00e1ciu inform\u00e1ci\u00ed, ekonomiku a mana\u017ement<\/strong>\u00a0vo v\u0161etk\u00fdch typoch pam\u00e4\u0165ov\u00fdch a\u00a0fondov\u00fdch in\u0161tit\u00faci\u00ed.<\/p>\n<p>Absolvent dok\u00e1\u017ee spolupracova\u0165 so \u0161pecialistami z\u00a0oblasti informatiky pri\u00a0<strong>organizovan\u00ed a riaden\u00ed\u00a0 komunik\u00e1cie v\u00a0spolo\u010denskom \u017eivote i podnikan\u00ed<\/strong>.<\/p>\n<\/div><\/div><\/div><\/div><\/div><div class=\"w-tabs-section has_text_color\" id=\"d556\" style=\"color:var(--color-content-heading);\"><button class=\"w-tabs-section-header\" aria-controls=\"content-d556\" aria-expanded=\"false\"><h6 class=\"w-tabs-section-title\">Ako prebieha ubytovanie, resp. ak\u00fd je postup pre z\u00edskanie ubytovania?<\/h6><div class=\"w-tabs-section-control\"><\/div><\/button><div  class=\"w-tabs-section-content\" id=\"content-d556\"><div class=\"w-tabs-section-content-h i-cf\"><div class=\"wpb_text_column us_custom_e89f51fc\"><div class=\"wpb_wrapper\"><p>V\u0161etky inform\u00e1cie o ubytovan\u00ed V\u00e1m poskytne p. Ka\u010diakov\u00e1, tel.: +42141 513 476, e-mail:<a href=\"mailto:anna.kaciakova@uniza.sk\">anna.kaciakova@uniza.sk<\/a>\u00a0, alebo v \u010dasti:\u00a0<a href=\"https:\/\/www.uniza.sk\/index.php\/studenti\/prakticke-informacie\/ubytovanie\" target=\"_blank\" rel=\"noopener\"><strong>Ubytovacie zariadenia UNIZA<\/strong><\/a><\/p>\n<\/div><\/div><\/div><\/div><\/div><div class=\"w-tabs-section has_text_color\" id=\"o630\" style=\"color:var(--color-content-heading);\"><button class=\"w-tabs-section-header\" aria-controls=\"content-o630\" aria-expanded=\"false\"><h6 class=\"w-tabs-section-title\">\u010co je pr\u00edpravn\u00fd kurz, a ako sa na\u0148 prihl\u00e1sim?<\/h6><div class=\"w-tabs-section-control\"><\/div><\/button><div  class=\"w-tabs-section-content\" id=\"content-o630\"><div class=\"w-tabs-section-content-h i-cf\"><div class=\"wpb_text_column us_custom_e89f51fc\"><div class=\"wpb_wrapper\"><p>Pr\u00edpravn\u00fd kurz predstavuje\u00a0<strong>s\u00e9riu predn\u00e1\u0161ok a\u00a0uk\u00e1\u017eok praktick\u00fdch zru\u010dnost\u00ed<\/strong>, \u00a0<strong>ktor\u00e9 mus\u00ed ma\u0165 vysoko\u0161kolsk\u00fd \u0161tudent<\/strong>\u00a0osvojen\u00e9. Prihl\u00e1senie a viac inform\u00e1ci\u00ed n\u00e1jde\u0161 v sekcii\u00a0<a href=\"https:\/\/kmkd.fhv.uniza.sk\/?page_id=448\"><strong>Pr\u00edpravn\u00e9 kurzy<\/strong>.<\/a><\/p>\n<\/div><\/div><\/div><\/div><\/div><\/div><\/div><\/div><\/div><\/div><\/div><\/section>\n","protected":false},"excerpt":{"rendered":"FAQ &#8211; naj\u010dastej\u0161ie ot\u00e1zky H\u013ead\u00e1\u0161 odpovede na svoje ot\u00e1zky?Sk\u00f4r, ako n\u00e1m nap\u00ed\u0161e\u0161, pozri, \u010di tvoja ot\u00e1zka nie je v na\u0161om zozname naj\u010dastej\u0161\u00edch ot\u00e1zok. Nena\u0161iel si odpove\u010f? Pros\u00edm uve\u010fte spr\u00e1vnu\/funk\u010dn\u00fa e-mailov\u00fa...","protected":false},"author":2,"featured_media":103,"parent":0,"menu_order":0,"comment_status":"closed","ping_status":"closed","template":"","meta":{"footnotes":""},"class_list":["post-429","page","type-page","status-publish","has-post-thumbnail","hentry"],"acf":[],"_links":{"self":[{"href":"https:\/\/kmkd.fhv.uniza.sk\/index.php?rest_route=\/wp\/v2\/pages\/429","targetHints":{"allow":["GET"]}}],"collection":[{"href":"https:\/\/kmkd.fhv.uniza.sk\/index.php?rest_route=\/wp\/v2\/pages"}],"about":[{"href":"https:\/\/kmkd.fhv.uniza.sk\/index.php?rest_route=\/wp\/v2\/types\/page"}],"author":[{"embeddable":true,"href":"https:\/\/kmkd.fhv.uniza.sk\/index.php?rest_route=\/wp\/v2\/users\/2"}],"replies":[{"embeddable":true,"href":"https:\/\/kmkd.fhv.uniza.sk\/index.php?rest_route=%2Fwp%2Fv2%2Fcomments&post=429"}],"version-history":[{"count":22,"href":"https:\/\/kmkd.fhv.uniza.sk\/index.php?rest_route=\/wp\/v2\/pages\/429\/revisions"}],"predecessor-version":[{"id":2633,"href":"https:\/\/kmkd.fhv.uniza.sk\/index.php?rest_route=\/wp\/v2\/pages\/429\/revisions\/2633"}],"wp:featuredmedia":[{"embeddable":true,"href":"https:\/\/kmkd.fhv.uniza.sk\/index.php?rest_route=\/wp\/v2\/media\/103"}],"wp:attachment":[{"href":"https:\/\/kmkd.fhv.uniza.sk\/index.php?rest_route=%2Fwp%2Fv2%2Fmedia&parent=429"}],"curies":[{"name":"wp","href":"https:\/\/api.w.org\/{rel}","templated":true}]}}