{"id":490,"date":"2023-01-20T23:23:35","date_gmt":"2023-01-20T22:23:35","guid":{"rendered":"https:\/\/zaverecne-prace.ucimesaweby.sk\/palfy\/?page_id=490"},"modified":"2024-09-11T08:49:11","modified_gmt":"2024-09-11T06:49:11","slug":"dni-otvorenych-dveri","status":"publish","type":"page","link":"https:\/\/kmkd.fhv.uniza.sk\/?page_id=490","title":{"rendered":"Dni otvoren\u00fdch dver\u00ed"},"content":{"rendered":"<section class=\"l-section wpb_row height_auto width_full\"><div class=\"l-section-h i-cf\"><div class=\"g-cols vc_row via_grid cols_1 laptops-cols_inherit tablets-cols_inherit mobiles-cols_1 valign_top type_default stacking_default\"><div class=\"wpb_column vc_column_container\"><div class=\"vc_column-inner\"><section class=\"l-section wpb_row us_custom_d9f2040e height_medium width_full\"><div class=\"l-section-overlay\" style=\"background:rgba(0,0,0,0.25)\"><\/div><div class=\"l-section-h i-cf\"><div class=\"g-cols vc_row via_grid cols_1 laptops-cols_inherit tablets-cols_inherit mobiles-cols_1 valign_top type_default stacking_default\"><div class=\"wpb_column vc_column_container\"><div class=\"vc_column-inner\"><div class=\"w-separator size_small\"><\/div><h1 class=\"w-post-elm post_title us_custom_6df4bc3a has_text_color align_center entry-title color_link_inherit\">Dni otvoren\u00fdch dver\u00ed<\/h1><div class=\"w-separator size_small\"><\/div><\/div><\/div><\/div><\/div><\/section>\n<\/div><\/div><\/div><\/div><\/section><section class=\"l-section wpb_row height_medium\"><div class=\"l-section-h i-cf\"><div class=\"g-cols vc_row via_grid cols_1 laptops-cols_inherit tablets-cols_inherit mobiles-cols_1 valign_top type_default stacking_default\"><div class=\"wpb_column vc_column_container\"><div class=\"vc_column-inner\"><div class=\"g-cols wpb_row via_grid cols_2 laptops-cols_inherit tablets-cols_inherit mobiles-cols_1 valign_middle type_default stacking_default\"><div class=\"wpb_column vc_column_container\"><div class=\"vc_column-inner\"><h2 class=\"w-text\"><span url class=\"w-text-h\"><span class=\"w-text-value\">Poz\u00fdvame V\u00e1s na de\u0148 otvoren\u00fdch dver\u00ed<\/span><\/span><\/h2><div class=\"w-separator size_medium\"><\/div><div class=\"w-iconbox iconpos_left style_default color_primary align_left\"><div class=\"w-iconbox-icon\" style=\"font-size:2rem;\"><i class=\"fal fa-map-marker-alt\"><\/i><\/div><div class=\"w-iconbox-meta\"><h6 class=\"w-iconbox-title\">Miesto<\/h6><div class=\"w-iconbox-text\"><p>Fakulta humanitn\u00fdch vied<\/p>\n<\/div><\/div><\/div><div class=\"w-separator size_small\"><\/div><div class=\"w-iconbox iconpos_left style_default color_primary align_left\"><div class=\"w-iconbox-icon\" style=\"font-size:2rem;\"><i class=\"fal fa-calendar-alt\"><\/i><\/div><div class=\"w-iconbox-meta\"><h6 class=\"w-iconbox-title\">D\u00e1tum konania<\/h6><div class=\"w-iconbox-text\"><p>4. febru\u00e1ra 2025 (prezen\u010dne)<\/p>\n<\/div><\/div><\/div><div class=\"w-separator size_small\"><\/div><div class=\"w-iconbox iconpos_left style_default color_primary align_left\"><div class=\"w-iconbox-icon\" style=\"font-size:2rem;\"><i class=\"fal fa-clock\"><\/i><\/div><div class=\"w-iconbox-meta\"><h6 class=\"w-iconbox-title\">\u010cas konania<\/h6><div class=\"w-iconbox-text\"><p>(bude aktualizovan\u00fd nesk\u00f4r)<\/p>\n<\/div><\/div><\/div><div class=\"w-separator size_small\"><\/div><div class=\"w-iconbox iconpos_left style_default color_primary align_left\"><div class=\"w-iconbox-icon\" style=\"font-size:2rem;\"><i class=\"fal fa-laptop\"><\/i><\/div><div class=\"w-iconbox-meta\"><h6 class=\"w-iconbox-title\">Miesto konania online<\/h6><div class=\"w-iconbox-text\"><p><a href=\"http:\/\/www.jednoduchomega.sk\/\" target=\"_blank\" rel=\"noopener\"><strong>ONLINE &#8211; web\u00a0<\/strong>jednoduchomega.sk<\/a><\/p>\n<\/div><\/div><\/div><\/div><\/div><\/div><\/div><\/div><\/div><\/div><\/section>\n","protected":false},"excerpt":{"rendered":"Dni otvoren\u00fdch dver\u00ed Poz\u00fdvame V\u00e1s na de\u0148 otvoren\u00fdch dver\u00edMiestoFakulta humanitn\u00fdch vied D\u00e1tum konania4. febru\u00e1ra 2025 (prezen\u010dne) \u010cas konania(bude aktualizovan\u00fd nesk\u00f4r) Miesto konania onlineONLINE - web\u00a0jednoduchomega.sk","protected":false},"author":2,"featured_media":103,"parent":0,"menu_order":0,"comment_status":"closed","ping_status":"closed","template":"","meta":{"footnotes":""},"class_list":["post-490","page","type-page","status-publish","has-post-thumbnail","hentry"],"acf":[],"_links":{"self":[{"href":"https:\/\/kmkd.fhv.uniza.sk\/index.php?rest_route=\/wp\/v2\/pages\/490","targetHints":{"allow":["GET"]}}],"collection":[{"href":"https:\/\/kmkd.fhv.uniza.sk\/index.php?rest_route=\/wp\/v2\/pages"}],"about":[{"href":"https:\/\/kmkd.fhv.uniza.sk\/index.php?rest_route=\/wp\/v2\/types\/page"}],"author":[{"embeddable":true,"href":"https:\/\/kmkd.fhv.uniza.sk\/index.php?rest_route=\/wp\/v2\/users\/2"}],"replies":[{"embeddable":true,"href":"https:\/\/kmkd.fhv.uniza.sk\/index.php?rest_route=%2Fwp%2Fv2%2Fcomments&post=490"}],"version-history":[{"count":5,"href":"https:\/\/kmkd.fhv.uniza.sk\/index.php?rest_route=\/wp\/v2\/pages\/490\/revisions"}],"predecessor-version":[{"id":2628,"href":"https:\/\/kmkd.fhv.uniza.sk\/index.php?rest_route=\/wp\/v2\/pages\/490\/revisions\/2628"}],"wp:featuredmedia":[{"embeddable":true,"href":"https:\/\/kmkd.fhv.uniza.sk\/index.php?rest_route=\/wp\/v2\/media\/103"}],"wp:attachment":[{"href":"https:\/\/kmkd.fhv.uniza.sk\/index.php?rest_route=%2Fwp%2Fv2%2Fmedia&parent=490"}],"curies":[{"name":"wp","href":"https:\/\/api.w.org\/{rel}","templated":true}]}}