{"id":505,"date":"2023-02-03T00:01:47","date_gmt":"2023-02-02T23:01:47","guid":{"rendered":"https:\/\/zaverecne-prace.ucimesaweby.sk\/palfy\/?page_id=505"},"modified":"2023-02-21T23:00:11","modified_gmt":"2023-02-21T22:00:11","slug":"priebeh-studia","status":"publish","type":"page","link":"https:\/\/kmkd.fhv.uniza.sk\/?page_id=505","title":{"rendered":"Priebeh \u0161t\u00fadia"},"content":{"rendered":"<section class=\"l-section wpb_row height_auto width_full\"><div class=\"l-section-h i-cf\"><div class=\"g-cols vc_row via_grid cols_1 laptops-cols_inherit tablets-cols_inherit mobiles-cols_1 valign_top type_default stacking_default\"><div class=\"wpb_column vc_column_container\"><div class=\"vc_column-inner\"><section class=\"l-section wpb_row us_custom_d9f2040e height_medium width_full\"><div class=\"l-section-overlay\" style=\"background:rgba(0,0,0,0.25)\"><\/div><div class=\"l-section-h i-cf\"><div class=\"g-cols vc_row via_grid cols_1 laptops-cols_inherit tablets-cols_inherit mobiles-cols_1 valign_top type_default stacking_default\"><div class=\"wpb_column vc_column_container\"><div class=\"vc_column-inner\"><div class=\"w-separator size_small\"><\/div><h1 class=\"w-post-elm post_title us_custom_6df4bc3a has_text_color align_center entry-title color_link_inherit\">Priebeh \u0161t\u00fadia<\/h1><div class=\"w-separator size_small\"><\/div><\/div><\/div><\/div><\/div><\/section>\n<\/div><\/div><\/div><\/div><\/section><section class=\"l-section wpb_row height_medium\"><div class=\"l-section-h i-cf\"><div class=\"g-cols vc_row via_grid cols_1-2 laptops-cols_inherit tablets-cols_1 mobiles-cols_1 valign_middle type_default stacking_default\" style=\"grid-gap:8vh;\"><div class=\"wpb_column vc_column_container us_custom_784e6c1e has_bg_color\"><div class=\"vc_column-inner\"><\/div><\/div><div class=\"wpb_column vc_column_container\"><div class=\"vc_column-inner\"><h2 class=\"w-text\"><span url class=\"w-text-h\"><span class=\"w-text-value\">\u010co je to semester a \u010do sk\u00fa\u0161kov\u00e9 obdobie<\/span><\/span><\/h2><div class=\"w-separator size_small\"><\/div><div class=\"g-cols wpb_row via_grid cols_2 laptops-cols_inherit tablets-cols_inherit mobiles-cols_1 valign_top type_default stacking_default\" style=\"grid-gap:3.2rem;\"><div class=\"wpb_column vc_column_container\"><div class=\"vc_column-inner\"><div class=\"wpb_text_column us_custom_4481559d\"><div class=\"wpb_wrapper\"><h4>Akademick\u00fd rok<\/h4>\n<p>Za\u010d\u00edna 1. septembra dan\u00e9ho roka a kon\u010d\u00ed sa 31. augusta nasleduj\u00faceho roka.<\/p>\n<p>\u0160t\u00fadium v jednom akademickom roku sa \u010dlen\u00ed na dva semestre &#8211; zimn\u00fd a letn\u00fd. Presn\u00e9 d\u00e1tumy za\u010diatku a konca semestra s\u00fa ur\u010den\u00e9 v dokumente R\u00e1mcov\u00fd harmonogram.<\/p>\n<\/div><\/div><\/div><\/div><div class=\"wpb_column vc_column_container\"><div class=\"vc_column-inner\"><div class=\"wpb_text_column us_custom_4481559d\"><div class=\"wpb_wrapper\"><h4>Sk\u00fa\u0161kov\u00e9 obdobie<\/h4>\n<p>\u010cas\u0165 semestra vyhraden\u00e1 na vykonanie sk\u00fa\u0161ok zo zap\u00edsan\u00fdch predmetov v danom semestri. Je vymedzen\u00e9 na konci semestra a trv\u00e1 spravidla 6 t\u00fd\u017ed\u0148ov po\u010das zimn\u00e9ho a 8 t\u00fd\u017ed\u0148ov po\u010das letn\u00e9ho semestra. V\u00fdu\u010dba v semestri trv\u00e1 spravidla 13 t\u00fd\u017ed\u0148ov.<\/p>\n<\/div><\/div><\/div><\/div><\/div><\/div><\/div><\/div><\/div><\/section><section class=\"l-section wpb_row us_custom_c70c97eb height_medium\"><div class=\"l-section-h i-cf\"><div class=\"g-cols vc_row via_grid cols_2-1 laptops-cols_inherit tablets-cols_inherit mobiles-cols_1 valign_top type_default stacking_default\"><div class=\"wpb_column vc_column_container\"><div class=\"vc_column-inner\"><h2 class=\"w-text\"><span url class=\"w-text-h\"><span class=\"w-text-value\">Ak\u00fd je rozdiel medzi denn\u00fdm a extern\u00fdm \u0161t\u00fadiom<\/span><\/span><\/h2><div class=\"w-separator size_small\"><\/div><div class=\"wpb_text_column us_custom_eca0eec1\"><div class=\"wpb_wrapper\"><p>\u0160tudijn\u00fd program m\u00f4\u017ee prebieha\u0165 v dennej alebo externej forme. Ka\u017ed\u00e1 z t\u00fdchto foriem \u0161t\u00fadia m\u00f4\u017ee by\u0165 prezen\u010dn\u00e1, di\u0161tan\u010dn\u00e1 alebo kombinovan\u00e1.<\/p>\n<\/div><\/div><div class=\"w-separator size_medium\"><\/div><div class=\"g-cols wpb_row via_grid cols_2 laptops-cols_inherit tablets-cols_inherit mobiles-cols_1 valign_top type_default stacking_default\" style=\"grid-gap:3.2rem;\"><div class=\"wpb_column vc_column_container\"><div class=\"vc_column-inner\"><div class=\"wpb_text_column us_custom_4481559d\"><div class=\"wpb_wrapper\"><h4>Denn\u00e1 forma \u0161t\u00fadia<\/h4>\n<p>Charakterizovan\u00e1 dennou \u00fa\u010das\u0165ou \u0161tudenta na vzdel\u00e1vac\u00edch \u010dinnostiach. Do 26-tich rokov za \u0161tudenta denn\u00e9ho \u0161t\u00fadia rodi\u010dia poberaj\u00fa pr\u00eddavky a uplat\u0148uj\u00fa si da\u0148ov\u00fd bonus. Za denn\u00e9ho \u0161tudenta hrad\u00ed soci\u00e1lne a zdravotn\u00e9 poistenie \u0161t\u00e1t.<\/p>\n<\/div><\/div><\/div><\/div><div class=\"wpb_column vc_column_container\"><div class=\"vc_column-inner\"><div class=\"wpb_text_column us_custom_4481559d\"><div class=\"wpb_wrapper\"><h4>Extern\u00e1 forma \u0161t\u00fadia<\/h4>\n<p>charakterizovan\u00e1 preva\u017ene samostatn\u00fdm \u0161t\u00fadiom a konzult\u00e1ciami. T\u00e1to forma \u0161t\u00fadia je spoplatnen\u00e1. V pr\u00edpade extern\u00e9ho \u0161tudenta do 26 rokov rodi\u010dia nemaj\u00fa n\u00e1rok na pr\u00eddavky a da\u0148ov\u00fd bonus. Extern\u00fd \u0161tudent si plat\u00ed soci\u00e1lne a zdravotn\u00e9 poistenie s\u00e1m.<\/p>\n<\/div><\/div><\/div><\/div><\/div><\/div><\/div><div class=\"wpb_column vc_column_container us_custom_1bba923b has_bg_color\"><div class=\"vc_column-inner\"><\/div><\/div><\/div><\/div><\/section><section class=\"l-section wpb_row height_medium\"><div class=\"l-section-h i-cf\"><div class=\"g-cols vc_row via_grid cols_1-2 laptops-cols_inherit tablets-cols_1 mobiles-cols_1 valign_middle type_default stacking_default\" style=\"grid-gap:8vh;\"><div class=\"wpb_column vc_column_container us_custom_74781a86 has_bg_color\"><div class=\"vc_column-inner\"><\/div><\/div><div class=\"wpb_column vc_column_container\"><div class=\"vc_column-inner\"><h2 class=\"w-text\"><span url class=\"w-text-h\"><span class=\"w-text-value\">\u010co je to kreditov\u00fd syst\u00e9m<\/span><\/span><\/h2><div class=\"w-separator size_small\"><\/div><div class=\"wpb_text_column us_custom_eca0eec1\"><div class=\"wpb_wrapper\"><p>Organiz\u00e1cia v\u0161etk\u00fdch stup\u0148ov a foriem vysoko\u0161kolsk\u00e9ho \u0161t\u00fadia je zalo\u017een\u00e1 na kreditovom syst\u00e9me.<\/p>\n<\/div><\/div><div class=\"w-separator size_medium\"><\/div><div class=\"g-cols wpb_row via_grid cols_2 laptops-cols_inherit tablets-cols_inherit mobiles-cols_1 valign_top type_default stacking_default\" style=\"grid-gap:3.2rem;\"><div class=\"wpb_column vc_column_container\"><div class=\"vc_column-inner\"><div class=\"wpb_text_column us_custom_4481559d\"><div class=\"wpb_wrapper\"><h4>Kredity<\/h4>\n<p>\u010c\u00edseln\u00e9 hodnoty priraden\u00e9 jednotliv\u00fdm predmetom \u0161tudijn\u00e9ho programu. Vyjadruj\u00fa mno\u017estvo pr\u00e1ce potrebnej na ich absolvovanie.<\/p>\n<p>\u0160tandardn\u00e1 z\u00e1\u0165a\u017e \u0161tudenta za cel\u00fd akademick\u00fd rok je vyjadren\u00e1 po\u010dtom 60 kreditov &#8211; za semester 30 kreditov.<\/p>\n<\/div><\/div><\/div><\/div><div class=\"wpb_column vc_column_container\"><div class=\"vc_column-inner\"><div class=\"wpb_text_column us_custom_4481559d\"><div class=\"wpb_wrapper\"><h4>Na koho sa obr\u00e1ti\u0165<\/h4>\n<p><strong>PhDr. Ren\u00e1ta \u0160varcov\u00e1<\/strong><br \/>\n\u017dILINSK\u00c1 UNIVERZITA V \u017dILINE<br \/>\nOddelenie pre vzdel\u00e1vanie<br \/>\nUniverzitn\u00e1 8215\/1, 010 26\u00a0 \u017dilina<br \/>\ntel.: +421 41 513 5151<br \/>\ne-mail:\u00a0<a href=\"mailto:renata.svarcova@rekt.uniza.sk\">renata.svarcova@rekt.uniza.sk<\/a><\/p>\n<\/div><\/div><\/div><\/div><\/div><\/div><\/div><\/div><\/div><\/section><section class=\"l-section wpb_row height_medium\"><div class=\"l-section-h i-cf\"><div class=\"g-cols vc_row via_grid cols_1 laptops-cols_inherit tablets-cols_inherit mobiles-cols_1 valign_top type_default stacking_default\"><div class=\"wpb_column vc_column_container\"><div class=\"vc_column-inner\"><div class=\"wpb_text_column\"><div class=\"wpb_wrapper\"><p style=\"text-align: center;\"><strong>Zodpovedn\u00e1 osoba za obsah aktu\u00e1lnej podstr\u00e1nky:<\/strong>\u00a0PhDr. Ren\u00e1ta \u0160varcov\u00e1 \/ tel.: +421 41 513 5151 \/ e-mail:\u00a0<a href=\"mailto:renata.svarcova@rekt.uniza.sk\">renata.svarcova@rekt.uniza.sk<\/a><\/p>\n<\/div><\/div><\/div><\/div><\/div><\/div><\/section>\n","protected":false},"excerpt":{"rendered":"Priebeh \u0161t\u00fadia \u010co je to semester a \u010do sk\u00fa\u0161kov\u00e9 obdobieAkademick\u00fd rok Za\u010d\u00edna 1. septembra dan\u00e9ho roka a kon\u010d\u00ed sa 31. augusta nasleduj\u00faceho roka. \u0160t\u00fadium v jednom akademickom roku sa \u010dlen\u00ed...","protected":false},"author":2,"featured_media":0,"parent":0,"menu_order":0,"comment_status":"closed","ping_status":"closed","template":"","meta":{"footnotes":""},"class_list":["post-505","page","type-page","status-publish","hentry"],"acf":[],"_links":{"self":[{"href":"https:\/\/kmkd.fhv.uniza.sk\/index.php?rest_route=\/wp\/v2\/pages\/505","targetHints":{"allow":["GET"]}}],"collection":[{"href":"https:\/\/kmkd.fhv.uniza.sk\/index.php?rest_route=\/wp\/v2\/pages"}],"about":[{"href":"https:\/\/kmkd.fhv.uniza.sk\/index.php?rest_route=\/wp\/v2\/types\/page"}],"author":[{"embeddable":true,"href":"https:\/\/kmkd.fhv.uniza.sk\/index.php?rest_route=\/wp\/v2\/users\/2"}],"replies":[{"embeddable":true,"href":"https:\/\/kmkd.fhv.uniza.sk\/index.php?rest_route=%2Fwp%2Fv2%2Fcomments&post=505"}],"version-history":[{"count":16,"href":"https:\/\/kmkd.fhv.uniza.sk\/index.php?rest_route=\/wp\/v2\/pages\/505\/revisions"}],"predecessor-version":[{"id":1114,"href":"https:\/\/kmkd.fhv.uniza.sk\/index.php?rest_route=\/wp\/v2\/pages\/505\/revisions\/1114"}],"wp:attachment":[{"href":"https:\/\/kmkd.fhv.uniza.sk\/index.php?rest_route=%2Fwp%2Fv2%2Fmedia&parent=505"}],"curies":[{"name":"wp","href":"https:\/\/api.w.org\/{rel}","templated":true}]}}