{"id":525,"date":"2023-02-03T00:16:23","date_gmt":"2023-02-02T23:16:23","guid":{"rendered":"https:\/\/zaverecne-prace.ucimesaweby.sk\/palfy\/?page_id=525"},"modified":"2023-09-12T10:28:20","modified_gmt":"2023-09-12T08:28:20","slug":"poradime-vam","status":"publish","type":"page","link":"https:\/\/kmkd.fhv.uniza.sk\/?page_id=525","title":{"rendered":"Porad\u00edme V\u00e1m"},"content":{"rendered":"<section class=\"l-section wpb_row height_auto width_full\"><div class=\"l-section-h i-cf\"><div class=\"g-cols vc_row via_grid cols_1 laptops-cols_inherit tablets-cols_inherit mobiles-cols_1 valign_top type_default stacking_default\"><div class=\"wpb_column vc_column_container\"><div class=\"vc_column-inner\"><section class=\"l-section wpb_row us_custom_d9f2040e height_medium width_full\"><div class=\"l-section-overlay\" style=\"background:rgba(0,0,0,0.25)\"><\/div><div class=\"l-section-h i-cf\"><div class=\"g-cols vc_row via_grid cols_1 laptops-cols_inherit tablets-cols_inherit mobiles-cols_1 valign_top type_default stacking_default\"><div class=\"wpb_column vc_column_container\"><div class=\"vc_column-inner\"><div class=\"w-separator size_small\"><\/div><h1 class=\"w-post-elm post_title us_custom_6df4bc3a has_text_color align_center entry-title color_link_inherit\">Porad\u00edme V\u00e1m<\/h1><div class=\"w-separator size_small\"><\/div><\/div><\/div><\/div><\/div><\/section>\n<\/div><\/div><\/div><\/div><\/section><section class=\"l-section wpb_row us_custom_0d15be52 height_medium\"><div class=\"l-section-h i-cf\"><div class=\"g-cols vc_row via_grid cols_1 laptops-cols_inherit tablets-cols_inherit mobiles-cols_1 valign_top type_default stacking_default\"><div class=\"wpb_column vc_column_container\"><div class=\"vc_column-inner\"><h2 class=\"w-text us_custom_eb849559\"><span url class=\"w-text-h\"><span class=\"w-text-value\">Potrebujete poradi\u0165 oh\u013eadom:<\/span><\/span><\/h2><div class=\"w-separator size_medium\"><\/div><div class=\"g-cols wpb_row via_grid cols_3 laptops-cols_inherit tablets-cols_inherit mobiles-cols_1 valign_top type_default stacking_default\" style=\"grid-gap:4rem;\"><div class=\"wpb_column vc_column_container\"><div class=\"vc_column-inner\"><div class=\"w-iconbox iconpos_left style_default color_primary align_left icontype_img\"><div class=\"w-iconbox-icon\" style=\"font-size:3.5rem;\"><img decoding=\"async\" width=\"512\" height=\"512\" src=\"https:\/\/kmkd.fhv.uniza.sk\/wp-content\/uploads\/2022\/11\/pocitace.png\" class=\"attachment-full size-full\" alt=\"\" srcset=\"https:\/\/kmkd.fhv.uniza.sk\/wp-content\/uploads\/2022\/11\/pocitace.png 512w, https:\/\/kmkd.fhv.uniza.sk\/wp-content\/uploads\/2022\/11\/pocitace-300x300.png 300w, https:\/\/kmkd.fhv.uniza.sk\/wp-content\/uploads\/2022\/11\/pocitace-150x150.png 150w\" sizes=\"(max-width: 512px) 100vw, 512px\" \/><\/div><div class=\"w-iconbox-meta\"><h4 class=\"w-iconbox-title\">Bakal\u00e1rskeho \u0161t\u00fadia<\/h4><div class=\"w-iconbox-text\"><p><strong>\u0160tudijn\u00e9 oddelenie FHV UNIZA<\/strong><br \/>\n<a href=\"mailto:studref@fhv.uniza.sk\">studref@fhv.uniza.sk<\/a><br \/>\ntel.: 041 513 6107, 041 513 6112<\/p>\n<\/div><\/div><\/div><div class=\"w-separator size_large\"><\/div><\/div><\/div><div class=\"wpb_column vc_column_container\"><div class=\"vc_column-inner\"><div class=\"w-iconbox iconpos_left style_default color_primary align_left icontype_img\"><div class=\"w-iconbox-icon\" style=\"font-size:3.5rem;\"><img decoding=\"async\" width=\"512\" height=\"512\" src=\"https:\/\/kmkd.fhv.uniza.sk\/wp-content\/uploads\/2022\/11\/seo.png\" class=\"attachment-full size-full\" alt=\"\" srcset=\"https:\/\/kmkd.fhv.uniza.sk\/wp-content\/uploads\/2022\/11\/seo.png 512w, https:\/\/kmkd.fhv.uniza.sk\/wp-content\/uploads\/2022\/11\/seo-300x300.png 300w, https:\/\/kmkd.fhv.uniza.sk\/wp-content\/uploads\/2022\/11\/seo-150x150.png 150w\" sizes=\"(max-width: 512px) 100vw, 512px\" \/><\/div><div class=\"w-iconbox-meta\"><h4 class=\"w-iconbox-title\">Magistersk\u00e9ho \u0161t\u00fadia<\/h4><div class=\"w-iconbox-text\"><p><strong>\u0160tudijn\u00e9 oddelenie FHV UNIZA<\/strong><br \/>\n<a href=\"mailto:studref@fhv.uniza.sk\">studref@fhv.uniza.sk<\/a><br \/>\ntel.: 041 513 6107, 041 513 6112<\/p>\n<\/div><\/div><\/div><div class=\"w-separator size_large\"><\/div><\/div><\/div><div class=\"wpb_column vc_column_container\"><div class=\"vc_column-inner\"><div class=\"w-iconbox iconpos_left style_default color_primary align_left icontype_img\"><div class=\"w-iconbox-icon\" style=\"font-size:3.5rem;\"><img decoding=\"async\" width=\"512\" height=\"512\" src=\"https:\/\/kmkd.fhv.uniza.sk\/wp-content\/uploads\/2022\/11\/social.png\" class=\"attachment-full size-full\" alt=\"\" srcset=\"https:\/\/kmkd.fhv.uniza.sk\/wp-content\/uploads\/2022\/11\/social.png 512w, https:\/\/kmkd.fhv.uniza.sk\/wp-content\/uploads\/2022\/11\/social-300x300.png 300w, https:\/\/kmkd.fhv.uniza.sk\/wp-content\/uploads\/2022\/11\/social-150x150.png 150w\" sizes=\"(max-width: 512px) 100vw, 512px\" \/><\/div><div class=\"w-iconbox-meta\"><h4 class=\"w-iconbox-title\">Doktorandsk\u00e9ho \u0161t\u00fadia<\/h4><div class=\"w-iconbox-text\"><p><a href=\"mailto:studref@fhv.uniza.sk\">studref@fhv.uniza.sk<\/a><br \/>\ntel.: 041 513 6107<\/p>\n<\/div><\/div><\/div><div class=\"w-separator size_large\"><\/div><\/div><\/div><div class=\"wpb_column vc_column_container\"><div class=\"vc_column-inner\"><div class=\"w-iconbox iconpos_left style_default color_primary align_left icontype_img\"><div class=\"w-iconbox-icon\" style=\"font-size:3.5rem;\"><img decoding=\"async\" width=\"512\" height=\"512\" src=\"https:\/\/kmkd.fhv.uniza.sk\/wp-content\/uploads\/2022\/11\/fotografie.png\" class=\"attachment-full size-full\" alt=\"\" srcset=\"https:\/\/kmkd.fhv.uniza.sk\/wp-content\/uploads\/2022\/11\/fotografie.png 512w, https:\/\/kmkd.fhv.uniza.sk\/wp-content\/uploads\/2022\/11\/fotografie-300x300.png 300w, https:\/\/kmkd.fhv.uniza.sk\/wp-content\/uploads\/2022\/11\/fotografie-150x150.png 150w\" sizes=\"(max-width: 512px) 100vw, 512px\" \/><\/div><div class=\"w-iconbox-meta\"><h4 class=\"w-iconbox-title\">Rigor\u00f3zneho \u0161t\u00fadia<\/h4><div class=\"w-iconbox-text\"><p>Mgr.\u00a0<strong>Eva August\u00ednov\u00e1<\/strong>, PhD.<br \/>\nkancel\u00e1ria: AD306<br \/>\n<a href=\"tel:%20+421%2041%20513%206103\">tel.: +421 41 513 6103<br \/>\n<\/a>e-mail:\u00a0<a href=\"mailto:eva.augustinova@fhv.uniza.sk\">eva.augustinova@fhv.uniza.sk<\/a><\/p>\n<\/div><\/div><\/div><\/div><\/div><div class=\"wpb_column vc_column_container\"><div class=\"vc_column-inner\"><div class=\"w-iconbox iconpos_left style_default color_primary align_left icontype_img\"><div class=\"w-iconbox-icon\" style=\"font-size:3.5rem;\"><img decoding=\"async\" width=\"512\" height=\"512\" src=\"https:\/\/kmkd.fhv.uniza.sk\/wp-content\/uploads\/2022\/11\/blog.png\" class=\"attachment-full size-full\" alt=\"\" srcset=\"https:\/\/kmkd.fhv.uniza.sk\/wp-content\/uploads\/2022\/11\/blog.png 512w, https:\/\/kmkd.fhv.uniza.sk\/wp-content\/uploads\/2022\/11\/blog-300x300.png 300w, https:\/\/kmkd.fhv.uniza.sk\/wp-content\/uploads\/2022\/11\/blog-150x150.png 150w\" sizes=\"(max-width: 512px) 100vw, 512px\" \/><\/div><div class=\"w-iconbox-meta\"><h4 class=\"w-iconbox-title\">Extern\u00e9ho \u0161t\u00fadia<\/h4><div class=\"w-iconbox-text\"><p><strong>\u0160tudijn\u00e9 oddelenie FHV UNIZA<\/strong><br \/>\n<a href=\"mailto:studref@fhv.uniza.sk\">studref@fhv.uniza.sk<\/a><br \/>\ntel.: 041 513 6107, 041 513 6112<\/p>\n<\/div><\/div><\/div><\/div><\/div><div class=\"wpb_column vc_column_container\"><div class=\"vc_column-inner\"><div class=\"w-iconbox iconpos_left style_default color_primary align_left icontype_img\"><div class=\"w-iconbox-icon\" style=\"font-size:3.5rem;\"><img decoding=\"async\" width=\"512\" height=\"512\" src=\"https:\/\/kmkd.fhv.uniza.sk\/wp-content\/uploads\/2022\/11\/kultura.png\" class=\"attachment-full size-full\" alt=\"\" srcset=\"https:\/\/kmkd.fhv.uniza.sk\/wp-content\/uploads\/2022\/11\/kultura.png 512w, https:\/\/kmkd.fhv.uniza.sk\/wp-content\/uploads\/2022\/11\/kultura-300x300.png 300w, https:\/\/kmkd.fhv.uniza.sk\/wp-content\/uploads\/2022\/11\/kultura-150x150.png 150w\" sizes=\"(max-width: 512px) 100vw, 512px\" \/><\/div><div class=\"w-iconbox-meta\"><h4 class=\"w-iconbox-title\">\u0160tudijn\u00ed poradcovia<\/h4><div class=\"w-iconbox-text\"><p><a href=\"https:\/\/kmkd.fhv.uniza.sk\/?page_id=533\">Zobrazi\u0165 \u0161tudijn\u00fdch poradcov<\/a><\/p>\n<\/div><\/div><\/div><\/div><\/div><\/div><\/div><\/div><\/div><\/div><\/section>\n","protected":false},"excerpt":{"rendered":"Porad\u00edme V\u00e1m Potrebujete poradi\u0165 oh\u013eadom:Bakal\u00e1rskeho \u0161t\u00fadia\u0160tudijn\u00e9 oddelenie FHV UNIZA studref@fhv.uniza.sk tel.: 041 513 6107, 041 513 6112 Magistersk\u00e9ho \u0161t\u00fadia\u0160tudijn\u00e9 oddelenie FHV UNIZA studref@fhv.uniza.sk tel.: 041 513 6107, 041 513 6112...","protected":false},"author":2,"featured_media":0,"parent":0,"menu_order":0,"comment_status":"closed","ping_status":"closed","template":"","meta":{"footnotes":""},"class_list":["post-525","page","type-page","status-publish","hentry"],"acf":[],"_links":{"self":[{"href":"https:\/\/kmkd.fhv.uniza.sk\/index.php?rest_route=\/wp\/v2\/pages\/525","targetHints":{"allow":["GET"]}}],"collection":[{"href":"https:\/\/kmkd.fhv.uniza.sk\/index.php?rest_route=\/wp\/v2\/pages"}],"about":[{"href":"https:\/\/kmkd.fhv.uniza.sk\/index.php?rest_route=\/wp\/v2\/types\/page"}],"author":[{"embeddable":true,"href":"https:\/\/kmkd.fhv.uniza.sk\/index.php?rest_route=\/wp\/v2\/users\/2"}],"replies":[{"embeddable":true,"href":"https:\/\/kmkd.fhv.uniza.sk\/index.php?rest_route=%2Fwp%2Fv2%2Fcomments&post=525"}],"version-history":[{"count":7,"href":"https:\/\/kmkd.fhv.uniza.sk\/index.php?rest_route=\/wp\/v2\/pages\/525\/revisions"}],"predecessor-version":[{"id":2386,"href":"https:\/\/kmkd.fhv.uniza.sk\/index.php?rest_route=\/wp\/v2\/pages\/525\/revisions\/2386"}],"wp:attachment":[{"href":"https:\/\/kmkd.fhv.uniza.sk\/index.php?rest_route=%2Fwp%2Fv2%2Fmedia&parent=525"}],"curies":[{"name":"wp","href":"https:\/\/api.w.org\/{rel}","templated":true}]}}