{"id":533,"date":"2023-02-04T21:36:39","date_gmt":"2023-02-04T20:36:39","guid":{"rendered":"https:\/\/zaverecne-prace.ucimesaweby.sk\/palfy\/?page_id=533"},"modified":"2024-02-19T11:12:47","modified_gmt":"2024-02-19T10:12:47","slug":"poradcovia","status":"publish","type":"page","link":"https:\/\/kmkd.fhv.uniza.sk\/?page_id=533","title":{"rendered":"Poradcovia"},"content":{"rendered":"<section class=\"l-section wpb_row height_auto width_full\"><div class=\"l-section-h i-cf\"><div class=\"g-cols vc_row via_grid cols_1 laptops-cols_inherit tablets-cols_inherit mobiles-cols_1 valign_top type_default stacking_default\"><div class=\"wpb_column vc_column_container\"><div class=\"vc_column-inner\"><section class=\"l-section wpb_row us_custom_d9f2040e height_medium width_full\"><div class=\"l-section-overlay\" style=\"background:rgba(0,0,0,0.25)\"><\/div><div class=\"l-section-h i-cf\"><div class=\"g-cols vc_row via_grid cols_1 laptops-cols_inherit tablets-cols_inherit mobiles-cols_1 valign_top type_default stacking_default\"><div class=\"wpb_column vc_column_container\"><div class=\"vc_column-inner\"><div class=\"w-separator size_small\"><\/div><h1 class=\"w-post-elm post_title us_custom_6df4bc3a has_text_color align_center entry-title color_link_inherit\">Poradcovia<\/h1><div class=\"w-separator size_small\"><\/div><\/div><\/div><\/div><\/div><\/section>\n<\/div><\/div><\/div><\/div><\/section><section class=\"l-section wpb_row height_medium\"><div class=\"l-section-h i-cf\"><div class=\"g-cols vc_row via_grid cols_1 laptops-cols_inherit tablets-cols_inherit mobiles-cols_1 valign_top type_default stacking_default\"><div class=\"wpb_column vc_column_container\"><div class=\"vc_column-inner\"><h2 class=\"w-text us_custom_eb849559\"><span url class=\"w-text-h\"><span class=\"w-text-value\">\u0160tudijn\u00ed poradcovia bakal\u00e1rskeho \u0161t\u00fadia<\/span><\/span><\/h2><div class=\"w-separator size_medium\"><\/div><div class=\"g-cols wpb_row via_grid cols_1 laptops-cols_2 tablets-cols_2 mobiles-cols_1 valign_top type_default\" style=\"grid-gap:1.5rem;\"><div class=\"wpb_column vc_column_container\"><div class=\"vc_column-inner\"><div class=\"w-iconbox us_custom_13427bc9 iconpos_top style_circle color_primary align_center\"><div class=\"w-iconbox-icon\" style=\"font-size:1.8rem;\"><i class=\"far fa-bullhorn\"><\/i><\/div><div class=\"w-iconbox-meta\"><h4 class=\"w-iconbox-title\">1. &#8211; 3. Ro\u010dn\u00edk<\/h4><div class=\"w-iconbox-text\"><p>doc. Mgr. <strong>Mari\u00e1n Grupa\u010d<\/strong>, PhD. kancel\u00e1ria:\u00a0AC314 <a href=\"tel:+421 41 513 6340\">tel.: +421 41 513 6340<\/a> e-mail:\u00a0<a href=\"mailto:marian.grupac@fhv.uniza.sk\">marian.grupac@fhv.uniza.sk<\/a> konzult\u00e1cie: <a href=\"https:\/\/fhvuniza-my.sharepoint.com\/:x:\/g\/personal\/marian_grupac_fhv_uniza_sk\/EXO46iF3OOZMvgitCPAH_VIB5psJ7_mDaTG8gpGVELlrzA?e=JkmZ6h\" target=\"_blank\" rel=\"noopener\">konzulta\u010dn\u00e9 hodiny<\/a><\/p>\n<\/div><\/div><\/div><\/div><\/div><\/div><div class=\"w-separator size_large\"><\/div><h2 class=\"w-text us_custom_eb849559\"><span url class=\"w-text-h\"><span class=\"w-text-value\">\u0160tudijn\u00ed poradcovia magistersk\u00e9ho \u0161t\u00fadia<\/span><\/span><\/h2><div class=\"w-separator size_medium\"><\/div><div class=\"g-cols wpb_row via_grid cols_1 laptops-cols_2 tablets-cols_2 mobiles-cols_1 valign_top type_default\" style=\"grid-gap:1.5rem;\"><div class=\"wpb_column vc_column_container\"><div class=\"vc_column-inner\"><div class=\"w-iconbox us_custom_13427bc9 iconpos_top style_circle color_primary align_center\"><div class=\"w-iconbox-icon\" style=\"font-size:1.8rem;\"><i class=\"far fa-code\"><\/i><\/div><div class=\"w-iconbox-meta\"><h4 class=\"w-iconbox-title\">1. a 2. Ro\u010dn\u00edk<\/h4><div class=\"w-iconbox-text\"><p>doc. PhDr. <strong>Slavka Pito\u0148\u00e1kov\u00e1<\/strong>, PhD. kancel\u00e1ria: AD318 <a href=\"tel:%20+421%2041%20513%206343\">tel.: +421 41 513 6343<\/a><br \/><a href=\"tel:%20+421%2041%20513%206100\">+421 41 513 6100<\/a><br \/><a href=\"tel:%20+421%20908%20727%20215\">+421 908 727 215<\/a>\u00a0e-mail:\u00a0<a href=\"mailto:slavka.pitonakova@fhv.uniza.sk\">slavka.pitonakova@fhv.uniza.sk<\/a> konzult\u00e1cie: <a href=\"https:\/\/fhvuniza-my.sharepoint.com\/:x:\/g\/personal\/marian_grupac_fhv_uniza_sk\/EXO46iF3OOZMvgitCPAH_VIB5psJ7_mDaTG8gpGVELlrzA?e=JkmZ6h\" target=\"_blank\" rel=\"noopener\">konzulta\u010dn\u00e9 hodiny<\/a><\/p>\n<\/div><\/div><\/div><\/div><\/div><\/div><\/div><\/div><\/div><\/div><\/section><section class=\"l-section wpb_row us_custom_c70c97eb height_medium\"><div class=\"l-section-h i-cf\"><div class=\"g-cols vc_row via_grid cols_1 laptops-cols_inherit tablets-cols_inherit mobiles-cols_1 valign_top type_default stacking_default\"><div class=\"wpb_column vc_column_container\"><div class=\"vc_column-inner\"><div class=\"w-actionbox color_light controls_right\"><div class=\"w-actionbox-text\"><h2 class=\"w-actionbox-title\" style=\"font-size:max( 2rem, 4.5vh )\">Zoznam konzulta\u010dn\u00fdch hod\u00edn<\/h2><\/div><div class=\"w-actionbox-controls\"><a class=\"w-btn us-btn-style_1 icon_atleft\" href=\"https:\/\/fhvuniza-my.sharepoint.com\/:x:\/g\/personal\/marian_grupac_fhv_uniza_sk\/EXO46iF3OOZMvgitCPAH_VIB5psJ7_mDaTG8gpGVELlrzA?e=JkmZ6h\" style=\"font-size:1.2rem;\" target=\"_blank\" rel=\"noopener\"><i class=\"fal fa-clock\"><\/i><span class=\"w-btn-label\">Zobrazi\u0165 hodiny<\/span><\/a><\/div><\/div><\/div><\/div><\/div><\/div><\/section>\n","protected":false},"excerpt":{"rendered":"Poradcovia \u0160tudijn\u00ed poradcovia bakal\u00e1rskeho \u0161t\u00fadia1. &#8211; 3. Ro\u010dn\u00edkdoc. Mgr. Mari\u00e1n Grupa\u010d, PhD. kancel\u00e1ria:\u00a0AC314 tel.: +421 41 513 6340 e-mail:\u00a0marian.grupac@fhv.uniza.sk konzult\u00e1cie: konzulta\u010dn\u00e9 hodiny \u0160tudijn\u00ed poradcovia magistersk\u00e9ho \u0161t\u00fadia1. a 2. Ro\u010dn\u00edkdoc. PhDr....","protected":false},"author":2,"featured_media":0,"parent":0,"menu_order":0,"comment_status":"closed","ping_status":"closed","template":"","meta":{"footnotes":""},"class_list":["post-533","page","type-page","status-publish","hentry"],"acf":[],"_links":{"self":[{"href":"https:\/\/kmkd.fhv.uniza.sk\/index.php?rest_route=\/wp\/v2\/pages\/533","targetHints":{"allow":["GET"]}}],"collection":[{"href":"https:\/\/kmkd.fhv.uniza.sk\/index.php?rest_route=\/wp\/v2\/pages"}],"about":[{"href":"https:\/\/kmkd.fhv.uniza.sk\/index.php?rest_route=\/wp\/v2\/types\/page"}],"author":[{"embeddable":true,"href":"https:\/\/kmkd.fhv.uniza.sk\/index.php?rest_route=\/wp\/v2\/users\/2"}],"replies":[{"embeddable":true,"href":"https:\/\/kmkd.fhv.uniza.sk\/index.php?rest_route=%2Fwp%2Fv2%2Fcomments&post=533"}],"version-history":[{"count":31,"href":"https:\/\/kmkd.fhv.uniza.sk\/index.php?rest_route=\/wp\/v2\/pages\/533\/revisions"}],"predecessor-version":[{"id":2536,"href":"https:\/\/kmkd.fhv.uniza.sk\/index.php?rest_route=\/wp\/v2\/pages\/533\/revisions\/2536"}],"wp:attachment":[{"href":"https:\/\/kmkd.fhv.uniza.sk\/index.php?rest_route=%2Fwp%2Fv2%2Fmedia&parent=533"}],"curies":[{"name":"wp","href":"https:\/\/api.w.org\/{rel}","templated":true}]}}