{"id":553,"date":"2023-02-04T22:05:21","date_gmt":"2023-02-04T21:05:21","guid":{"rendered":"https:\/\/zaverecne-prace.ucimesaweby.sk\/palfy\/?page_id=553"},"modified":"2023-09-12T10:47:05","modified_gmt":"2023-09-12T08:47:05","slug":"povinne-volitelne-predmety","status":"publish","type":"page","link":"https:\/\/kmkd.fhv.uniza.sk\/?page_id=553","title":{"rendered":"Povinne volite\u013en\u00e9 predmety"},"content":{"rendered":"<section class=\"l-section wpb_row height_auto width_full\"><div class=\"l-section-h i-cf\"><div class=\"g-cols vc_row via_grid cols_1 laptops-cols_inherit tablets-cols_inherit mobiles-cols_1 valign_top type_default stacking_default\"><div class=\"wpb_column vc_column_container\"><div class=\"vc_column-inner\"><section class=\"l-section wpb_row us_custom_d9f2040e height_medium width_full\"><div class=\"l-section-overlay\" style=\"background:rgba(0,0,0,0.25)\"><\/div><div class=\"l-section-h i-cf\"><div class=\"g-cols vc_row via_grid cols_1 laptops-cols_inherit tablets-cols_inherit mobiles-cols_1 valign_top type_default stacking_default\"><div class=\"wpb_column vc_column_container\"><div class=\"vc_column-inner\"><div class=\"w-separator size_small\"><\/div><h1 class=\"w-post-elm post_title us_custom_6df4bc3a has_text_color align_center entry-title color_link_inherit\">Povinne volite\u013en\u00e9 predmety<\/h1><div class=\"w-separator size_small\"><\/div><\/div><\/div><\/div><\/div><\/section>\n<\/div><\/div><\/div><\/div><\/section><section class=\"l-section wpb_row height_medium\"><div class=\"l-section-h i-cf\"><div class=\"g-cols vc_row via_grid cols_1 laptops-cols_inherit tablets-cols_inherit mobiles-cols_1 valign_top type_default stacking_default\"><div class=\"wpb_column vc_column_container\"><div class=\"vc_column-inner\"><h2 class=\"w-text us_custom_eb849559\"><span url class=\"w-text-h\"><span class=\"w-text-value\">Inform\u00e1cie o povinne volite\u013en\u00fdch predmetoch<\/span><\/span><\/h2><div class=\"w-separator size_medium\"><\/div><div class=\"g-cols wpb_row via_grid cols_2 laptops-cols_inherit tablets-cols_inherit mobiles-cols_1 valign_middle type_default stacking_default\"><div class=\"wpb_column vc_column_container\"><div class=\"vc_column-inner\"><div class=\"wpb_text_column\"><div class=\"wpb_wrapper\"><h4><strong>\u00a0Z\u00e1pis predmetov do prv\u00e9ho ro\u010dn\u00edka<\/strong><\/h4>\n<ul>\n<li><strong>Bakal\u00e1rske \u0161t\u00fadium<\/strong>: Pri z\u00e1pise do prv\u00e9ho ro\u010dn\u00edka si vyber\u00e1te povinne volite\u013en\u00e9 predmety pre oba semestre.<\/li>\n<li><strong>Magistersk\u00e9 \u0161t\u00fadium:\u00a0<\/strong>Predmety pre oba semestre si vyber\u00e1te pri z\u00e1pise do prv\u00e9ho ro\u010dn\u00edka magistersk\u00e9ho \u0161t\u00fadia.<\/li>\n<\/ul>\n<h4><strong>Z\u00e1pis predmetov do vy\u0161\u0161\u00edch ro\u010dn\u00edkov<\/strong><\/h4>\n<ul>\n<li><strong>Bakal\u00e1rske aj magistersk\u00e9 \u0161t\u00fadium<\/strong>: Povinne volite\u013en\u00e9 predmety si vyber\u00e1te v\u017edy na nasleduj\u00faci akademick\u00fd rok pre oba semestre (zimn\u00fd aj letn\u00fd), a to najnesk\u00f4r do\u00a0<strong>(term\u00edn V\u00e1m bude zaslan\u00fd do e-mailu)<\/strong>. Plat\u00ed to pre\u00a0<strong>(2. a 3. ro\u010dn\u00edk BC a 2. ro\u010dn\u00edk MGR)<\/strong><\/li>\n<\/ul>\n<h4><strong>Prihl\u00e1senie sa na PV predmety<\/strong><\/h4>\n<ul>\n<li>Prihl\u00e1senie na PV predmety uskuto\u010d\u0148ujete prostredn\u00edctvom online dotazn\u00edka, ktor\u00fd V\u00e1m bude zaslan\u00fd na V\u00e1\u0161\u00a0<strong><a href=\"https:\/\/outlook.office.com\/mail\/\" target=\"_blank\" rel=\"noopener\">OFFICE 365 e-mail \u00fa\u010det<\/a><\/strong><\/li>\n<\/ul>\n<\/div><\/div><\/div><\/div><div class=\"wpb_column vc_column_container\"><div class=\"vc_column-inner\"><div class=\"w-image align_center\"><div url class=\"w-image-h\"><img decoding=\"async\" width=\"1024\" height=\"683\" src=\"https:\/\/kmkd.fhv.uniza.sk\/wp-content\/uploads\/2023\/02\/pexels-karolina-grabowska-4498039-1024x683.jpg\" class=\"attachment-large size-large\" alt=\"\" srcset=\"https:\/\/kmkd.fhv.uniza.sk\/wp-content\/uploads\/2023\/02\/pexels-karolina-grabowska-4498039-1024x683.jpg 1024w, https:\/\/kmkd.fhv.uniza.sk\/wp-content\/uploads\/2023\/02\/pexels-karolina-grabowska-4498039-300x200.jpg 300w\" sizes=\"(max-width: 1024px) 100vw, 1024px\" \/><\/div><\/div><\/div><\/div><\/div><\/div><\/div><\/div><\/div><\/section><section class=\"l-section wpb_row height_medium\"><div class=\"l-section-h i-cf\"><div class=\"g-cols vc_row via_grid cols_1 laptops-cols_inherit tablets-cols_inherit mobiles-cols_1 valign_top type_default stacking_default\"><div class=\"wpb_column vc_column_container\"><div class=\"vc_column-inner\"><div class=\"g-cols wpb_row via_grid cols_2-1 laptops-cols_inherit tablets-cols_inherit mobiles-cols_1 valign_top type_default stacking_default\"><div class=\"wpb_column vc_column_container\"><div class=\"vc_column-inner\"><h4 class=\"w-text\"><span url class=\"w-text-h\"><span class=\"w-text-value\">Pokyny k prihl\u00e1seniu sa na PVP 2022\/2023<\/span><\/span><\/h4><div class=\"w-separator size_medium\"><\/div><div class=\"w-tabs layout_ver navwidth_auto navpos_left style_trendy switch_click has_scrolling\" style=\"--sections-title-size:1em\"><div class=\"w-tabs-list items_3 align_none\"><div class=\"w-tabs-list-h\"><button class=\"w-tabs-item active defined-active\" aria-controls=\"content-if6b\" aria-expanded=\"true\"><span class=\"w-tabs-item-title\">2. Bc.<\/span><\/button><button class=\"w-tabs-item\" aria-controls=\"content-y06e\" aria-expanded=\"false\"><span class=\"w-tabs-item-title\">3. Bc.<\/span><\/button><button class=\"w-tabs-item\" aria-controls=\"content-b157\" aria-expanded=\"false\"><span class=\"w-tabs-item-title\">2. Mgr.<\/span><\/button><\/div><\/div><div class=\"w-tabs-sections titles-align_none icon_chevron cpos_right\"><div class=\"w-tabs-section active\" id=\"if6b\"><button class=\"w-tabs-section-header active\" aria-controls=\"content-if6b\" aria-expanded=\"true\"><div class=\"w-tabs-section-title\">2. Bc.<\/div><div class=\"w-tabs-section-control\"><\/div><\/button><div  class=\"w-tabs-section-content\" id=\"content-if6b\"><div class=\"w-tabs-section-content-h i-cf\"><div class=\"wpb_text_column\"><div class=\"wpb_wrapper\"><ul>\n<li>pre ka\u017ed\u00fd semester si vyber\u00e1te 2 povinne volite\u013en\u00e9 predmety<\/li>\n<li>ak si raz zap\u00ed\u0161ete nejak\u00fd povinne volite\u013en\u00fd predmet st\u00e1va sa pre V\u00e1s povinn\u00fdm, teda ho mus\u00edte absolvova\u0165<\/li>\n<li>predmety si vyber\u00e1te zo skupiny va\u0161ej \u0161pecializ\u00e1cie, t. j. smeru v\u00e1\u0161ho \u0161t\u00fadia, ktor\u00fd ste si vybrali v 1. ro\u010dn\u00edku (POZOR Informa\u010dno-technick\u00fd smer sa premenoval na Digit\u00e1lne humanitn\u00e9 vedy)<\/li>\n<li>predmety v r\u00e1mci jednej profil\u00e1cie s\u00fa previazan\u00e9 prerekvizitami (podmie\u0148uj\u00facimi predmetmi), ak by ste chceli prest\u00fapi\u0165 medzi \u0161pecializ\u00e1ciami, je potrebn\u00e9, aby ste absolvovali v\u0161etky podmie\u0148uj\u00face predmety z ni\u017e\u0161\u00edch ro\u010dn\u00edkov (POZOR net\u00fdka sa predmetov Dejiny kni\u017enej kult\u00fary 3 a Kult\u00farne dedi\u010dstvo 2)<\/li>\n<li>v pr\u00edpade zmeny profil\u00e1cie je potrebn\u00e9 kontaktova\u0165 najsk\u00f4r vedenie katedry a n\u00e1sledne \u0161tudijn\u00e9 oddelenie, a\u017e potom vyp\u013a\u0148a\u0165 dotazn\u00edk<\/li>\n<li>okrem toho si pre obidva semestre m\u00f4\u017eete zap\u00edsa\u0165 aj v\u00fdberov\u00e9 predmety, ktor\u00e9 nie s\u00fa povinn\u00e9<\/li>\n<li>inform\u00e1cie o povinn\u00fdch predmetoch n\u00e1jdete v e-vzdel\u00e1van\u00ed v rubrike V\u0161eobecn\u00e9 inform\u00e1cie<\/li>\n<li>U\u010debn\u00e9 pl\u00e1ny, kde pou\u017eijete filter na pr\u00edslu\u0161n\u00fa fakultu, formu \u0161t\u00fadia, ro\u010dn\u00edk a \u0161tudijn\u00fd program (dostupn\u00e9 na: <a href=\"https:\/\/vzdelavanie.uniza.sk\/vzdelavanie\/plany.php?ra=2022\" target=\"_blank\" rel=\"noopener\">https:\/\/vzdelavanie.uniza.sk\/vzdelavanie\/plany.php?ra=2022<\/a>)<\/li>\n<\/ul>\n<\/div><\/div><\/div><\/div><\/div><div class=\"w-tabs-section\" id=\"y06e\"><button class=\"w-tabs-section-header\" aria-controls=\"content-y06e\" aria-expanded=\"false\"><div class=\"w-tabs-section-title\">3. Bc.<\/div><div class=\"w-tabs-section-control\"><\/div><\/button><div  class=\"w-tabs-section-content\" id=\"content-y06e\"><div class=\"w-tabs-section-content-h i-cf\"><div class=\"wpb_text_column\"><div class=\"wpb_wrapper\"><ul>\n<li>v zimnom semestri si vyber\u00e1te 2 povinne volite\u013en\u00e9 predmety<\/li>\n<li>ak si raz zap\u00ed\u0161ete nejak\u00fd povinne volite\u013en\u00fd predmet st\u00e1va sa pre V\u00e1s povinn\u00fdm, teda ho mus\u00edte absolvova\u0165<\/li>\n<li>predmety si vyber\u00e1te zo skupiny va\u0161ej \u0161pecializ\u00e1cie, t. j. smeru v\u00e1\u0161ho \u0161t\u00fadia, ktor\u00fd ste si vybrali v 1. ro\u010dn\u00edku (POZOR Informa\u010dno-technick\u00fd smer sa premenoval na Digit\u00e1lne humanitn\u00e9 vedy)<\/li>\n<li>v pr\u00edpade zmeny profil\u00e1cie je potrebn\u00e9 kontaktova\u0165 najsk\u00f4r vedenie katedry a n\u00e1sledne \u0161tudijn\u00e9 oddelenie, a\u017e potom vyp\u013a\u0148a\u0165 dotazn\u00edk<\/li>\n<li>okrem toho si pre obidva semestre m\u00f4\u017eete zap\u00edsa\u0165 aj v\u00fdberov\u00e9 predmety, ktor\u00e9 nie s\u00fa povinn\u00e9<\/li>\n<li>inform\u00e1cie o povinn\u00fdch predmetoch n\u00e1jdete v e-vzdel\u00e1van\u00ed v rubrike V\u0161eobecn\u00e9 inform\u00e1cie<\/li>\n<li>U\u010debn\u00e9 pl\u00e1ny, kde pou\u017eijete filter na pr\u00edslu\u0161n\u00fa fakultu, formu \u0161t\u00fadia, ro\u010dn\u00edk a \u0161tudijn\u00fd program (dostupn\u00e9 na: <a href=\"https:\/\/vzdelavanie.uniza.sk\/vzdelavanie\/plany.php?ra=2022\" target=\"_blank\" rel=\"noopener\">https:\/\/vzdelavanie.uniza.sk\/vzdelavanie\/plany.php?ra=2022<\/a>)<\/li>\n<\/ul>\n<\/div><\/div><\/div><\/div><\/div><div class=\"w-tabs-section\" id=\"b157\"><button class=\"w-tabs-section-header\" aria-controls=\"content-b157\" aria-expanded=\"false\"><div class=\"w-tabs-section-title\">2. Mgr.<\/div><div class=\"w-tabs-section-control\"><\/div><\/button><div  class=\"w-tabs-section-content\" id=\"content-b157\"><div class=\"w-tabs-section-content-h i-cf\"><div class=\"wpb_text_column\"><div class=\"wpb_wrapper\"><ul>\n<li>v zimnom semestri si vyber\u00e1te 2 povinne volite\u013en\u00e9 predmety<\/li>\n<li>ak si raz zap\u00ed\u0161ete nejak\u00fd povinne volite\u013en\u00fd predmet st\u00e1va sa pre V\u00e1s povinn\u00fdm, teda ho mus\u00edte absolvova\u0165<\/li>\n<li>predmety si vyber\u00e1te zo skupiny predmetov vyp\u00edsan\u00fdch pre jednotliv\u00e9 smery \u0161t\u00fadia (POZOR p\u00f4vodn\u00e9 predmety hlavn\u00fdch smerov v 1. ro\u010dn\u00edku Mgr. \u0161t\u00fadia sa pretransformovali do troch hlavn\u00fdch smerov \u0161t\u00fadia)<\/li>\n<li>okrem toho si pre obidva semestre m\u00f4\u017eete zap\u00edsa\u0165 aj v\u00fdberov\u00e9 predmety, ktor\u00e9 nie s\u00fa povinn\u00e9<\/li>\n<li>inform\u00e1cie o povinn\u00fdch predmetoch n\u00e1jdete v e-vzdel\u00e1van\u00ed v rubrike V\u0161eobecn\u00e9 inform\u00e1cie<\/li>\n<li>U\u010debn\u00e9 pl\u00e1ny, kde pou\u017eijete filter na pr\u00edslu\u0161n\u00fa fakultu, formu \u0161t\u00fadia, ro\u010dn\u00edk a \u0161tudijn\u00fd program (dostupn\u00e9 na: <a href=\"https:\/\/vzdelavanie.uniza.sk\/vzdelavanie\/plany.php?ra=2022\" target=\"_blank\" rel=\"noopener\">https:\/\/vzdelavanie.uniza.sk\/vzdelavanie\/plany.php?ra=2022<\/a>)<\/li>\n<\/ul>\n<\/div><\/div><\/div><\/div><\/div><\/div><\/div><\/div><\/div><div class=\"wpb_column vc_column_container type_sticky\"><div class=\"vc_column-inner\"><div class=\"w-iconbox us_custom_d96162bc iconpos_top style_default color_primary align_center icontype_img\"><div class=\"w-iconbox-icon\" style=\"font-size:4rem;\"><img decoding=\"async\" width=\"512\" height=\"512\" src=\"https:\/\/kmkd.fhv.uniza.sk\/wp-content\/uploads\/2023\/01\/online-learning-1.png\" class=\"attachment-full size-full\" alt=\"\" srcset=\"https:\/\/kmkd.fhv.uniza.sk\/wp-content\/uploads\/2023\/01\/online-learning-1.png 512w, https:\/\/kmkd.fhv.uniza.sk\/wp-content\/uploads\/2023\/01\/online-learning-1-300x300.png 300w, https:\/\/kmkd.fhv.uniza.sk\/wp-content\/uploads\/2023\/01\/online-learning-1-150x150.png 150w\" sizes=\"(max-width: 512px) 100vw, 512px\" \/><\/div><div class=\"w-iconbox-meta\"><h4 class=\"w-iconbox-title\">Zabezpe\u010dovan\u00e9 predmety<\/h4><div class=\"w-iconbox-text\"><p><a href=\"https:\/\/kmkd.fhv.uniza.sk\/?page_id=625\"><strong>Pozri aj zoznam Zabezpe\u010dovan\u00fdch predmetov<\/strong><\/a><\/p>\n<\/div><\/div><\/div><\/div><\/div><\/div><div class=\"w-separator size_medium\"><\/div><div class=\"g-cols wpb_row us_custom_707a31d0 via_grid cols_1 laptops-cols_inherit tablets-cols_inherit mobiles-cols_1 valign_top type_default stacking_default\"><div class=\"wpb_column vc_column_container\"><div class=\"vc_column-inner\"><div class=\"w-separator size_small\"><\/div><div class=\"w-iconbox iconpos_left style_default color_primary align_left\"><div class=\"w-iconbox-icon\" style=\"font-size:2rem;\"><i class=\"fal fa-info-circle\"><\/i><\/div><div class=\"w-iconbox-meta\"><h4 class=\"w-iconbox-title\">TIP<\/h4><div class=\"w-iconbox-text\"><p class=\"sppb-addon-title\"><em>Absolvovanie viacer\u00fdch predmetov v\u00e1m m\u00f4\u017ee pom\u00f4c\u0165 pri prechode do vy\u0161\u0161ieho ro\u010dn\u00edka a pri vylep\u0161en\u00ed priemeru. Ten je d\u00f4le\u017eit\u00fd pre prospechov\u00e9 \u0161tipendium, ale aj pre prijatie na magistersk\u00fd stupe\u0148 \u0161t\u00fadia bez prij\u00edmac\u00edch sk\u00fa\u0161ok.<\/em><\/p>\n<\/div><\/div><\/div><div class=\"w-separator size_small\"><\/div><\/div><\/div><\/div><div class=\"w-separator size_medium\"><\/div><div class=\"wpb_text_column\"><div class=\"wpb_wrapper\"><p><strong>V bakal\u00e1rskom stupni s\u00fa 3 smery \u0161t\u00fadia<\/strong>\u00a0\u2013 kult\u00farne dedi\u010dstvo, medi\u00e1lno-mana\u017e\u00e9rsky smer a digit\u00e1lne humanitn\u00e9 vedy.\u00a0\u00a0<strong>V magisterskom stupni<\/strong>\u00a0s\u00fa taktie\u017e 3 smery \u0161t\u00fadia: kult\u00farne dedi\u010dstvo, medi\u00e1lno-mana\u017e\u00e9rsky smer a digit\u00e1lne humanitn\u00e9 vedy. Viac inform\u00e1ci\u00ed o \u0161pecializ\u00e1ci\u00e1ch n\u00e1jdete v \u010dasti\u00a0<a href=\"https:\/\/kmkd.fhv.uniza.sk\/?page_id=749\">Bakal\u00e1rske \u0161t\u00fadium.\u00a0<\/a>V\u00fdberov\u00e9 predmety s\u00fa dobrovo\u013en\u00e9. Postup prihlasovania sa na povinne volite\u013en\u00e9 a v\u00fdberov\u00e9 predmety n\u00e1jdete vy\u0161\u0161ie. Povinne volite\u013en\u00e9 a v\u00fdberov\u00e9 predmety\u00a0<strong>v aktu\u00e1lnom akademickom roku otv\u00e1ra katedra pod\u013ea jej s\u00fa\u010dasn\u00fdch mo\u017enost\u00ed<\/strong>\u00a0(t.j. nie v\u0161etky zverejnen\u00e9 predmety bud\u00fa v aktu\u00e1lnom roku zabezpe\u010dovan\u00e9). V\u00fdu\u010dbu v predmete je mo\u017en\u00e9 realizova\u0165 len v pr\u00edpade, \u017ee sa\u00a0<strong>na\u0148 prihl\u00e1si minim\u00e1lne 10 \u0161tudentov<\/strong>.<\/p>\n<\/div><\/div><\/div><\/div><\/div><\/div><\/section>\n","protected":false},"excerpt":{"rendered":"Povinne volite\u013en\u00e9 predmety Inform\u00e1cie o povinne volite\u013en\u00fdch predmetoch\u00a0Z\u00e1pis predmetov do prv\u00e9ho ro\u010dn\u00edka Bakal\u00e1rske \u0161t\u00fadium: Pri z\u00e1pise do prv\u00e9ho ro\u010dn\u00edka si vyber\u00e1te povinne volite\u013en\u00e9 predmety pre oba semestre. Magistersk\u00e9 \u0161t\u00fadium:\u00a0Predmety pre...","protected":false},"author":2,"featured_media":0,"parent":0,"menu_order":0,"comment_status":"closed","ping_status":"closed","template":"","meta":{"footnotes":""},"class_list":["post-553","page","type-page","status-publish","hentry"],"acf":[],"_links":{"self":[{"href":"https:\/\/kmkd.fhv.uniza.sk\/index.php?rest_route=\/wp\/v2\/pages\/553","targetHints":{"allow":["GET"]}}],"collection":[{"href":"https:\/\/kmkd.fhv.uniza.sk\/index.php?rest_route=\/wp\/v2\/pages"}],"about":[{"href":"https:\/\/kmkd.fhv.uniza.sk\/index.php?rest_route=\/wp\/v2\/types\/page"}],"author":[{"embeddable":true,"href":"https:\/\/kmkd.fhv.uniza.sk\/index.php?rest_route=\/wp\/v2\/users\/2"}],"replies":[{"embeddable":true,"href":"https:\/\/kmkd.fhv.uniza.sk\/index.php?rest_route=%2Fwp%2Fv2%2Fcomments&post=553"}],"version-history":[{"count":28,"href":"https:\/\/kmkd.fhv.uniza.sk\/index.php?rest_route=\/wp\/v2\/pages\/553\/revisions"}],"predecessor-version":[{"id":2396,"href":"https:\/\/kmkd.fhv.uniza.sk\/index.php?rest_route=\/wp\/v2\/pages\/553\/revisions\/2396"}],"wp:attachment":[{"href":"https:\/\/kmkd.fhv.uniza.sk\/index.php?rest_route=%2Fwp%2Fv2%2Fmedia&parent=553"}],"curies":[{"name":"wp","href":"https:\/\/api.w.org\/{rel}","templated":true}]}}