{"id":580,"date":"2023-02-04T22:25:31","date_gmt":"2023-02-04T21:25:31","guid":{"rendered":"https:\/\/zaverecne-prace.ucimesaweby.sk\/palfy\/?page_id=580"},"modified":"2023-02-04T22:25:31","modified_gmt":"2023-02-04T21:25:31","slug":"office-365","status":"publish","type":"page","link":"https:\/\/kmkd.fhv.uniza.sk\/?page_id=580","title":{"rendered":"Office 365"},"content":{"rendered":"<section class=\"l-section wpb_row height_auto width_full\"><div class=\"l-section-h i-cf\"><div class=\"g-cols vc_row via_grid cols_1 laptops-cols_inherit tablets-cols_inherit mobiles-cols_1 valign_top type_default stacking_default\"><div class=\"wpb_column vc_column_container\"><div class=\"vc_column-inner\"><section class=\"l-section wpb_row us_custom_d9f2040e height_medium width_full\"><div class=\"l-section-overlay\" style=\"background:rgba(0,0,0,0.25)\"><\/div><div class=\"l-section-h i-cf\"><div class=\"g-cols vc_row via_grid cols_1 laptops-cols_inherit tablets-cols_inherit mobiles-cols_1 valign_top type_default stacking_default\"><div class=\"wpb_column vc_column_container\"><div class=\"vc_column-inner\"><div class=\"w-separator size_small\"><\/div><h1 class=\"w-post-elm post_title us_custom_6df4bc3a has_text_color align_center entry-title color_link_inherit\">Office 365<\/h1><div class=\"w-separator size_small\"><\/div><\/div><\/div><\/div><\/div><\/section>\n<\/div><\/div><\/div><\/div><\/section><section class=\"l-section wpb_row height_medium\"><div class=\"l-section-h i-cf\"><div class=\"g-cols vc_row via_grid cols_1 laptops-cols_inherit tablets-cols_inherit mobiles-cols_1 valign_top type_default stacking_default\"><div class=\"wpb_column vc_column_container\"><div class=\"vc_column-inner\"><h2 class=\"w-text us_custom_eb849559\"><span url class=\"w-text-h\"><span class=\"w-text-value\">U\u017eito\u010dn\u00e9 inform\u00e1cie o Office 365<\/span><\/span><\/h2><div class=\"w-separator size_medium\"><\/div><div class=\"g-cols wpb_row via_grid cols_2 laptops-cols_inherit tablets-cols_inherit mobiles-cols_1 valign_top type_default stacking_default\"><div class=\"wpb_column vc_column_container\"><div class=\"vc_column-inner\"><div class=\"wpb_text_column\"><div class=\"wpb_wrapper\"><h3><strong>Ako z\u00edskate Office 365?<\/strong><\/h3>\n<p>Office 365 z\u00edskava\u00a0<strong>ka\u017ed\u00fd \u0161tudent<\/strong>\u00a0n\u00e1\u0161ho programu\u00a0<strong>automaticky a zadarmo.<\/strong>\u00a0Pri z\u00e1pise s\u00fa mu poskytnut\u00e9 z\u00e1kladn\u00e9 inform\u00e1cie o prihlasovac\u00edch \u00fadajoch do tohto \u00fa\u010dtu. Do svojho Office 365 \u00fa\u010dtu sa dok\u00e1\u017ee prihl\u00e1si\u0165 prostredn\u00edctvom adresy:\u00a0<a href=\"https:\/\/login.microsoftonline.com\/\" target=\"_blank\" rel=\"noopener\">https:\/\/login.microsoftonline.com<\/a>. Ka\u017ed\u00fd \u0161tudent disponuje prihlasovac\u00edm menom v tvare:<\/p>\n<p><strong><a href=\"mailto:meno.priezvisko@fhv.uniza.sk\">meno.priezvisko@st.fhv.uniza.sk<\/a><\/strong><\/p>\n<p>Svoje prv\u00e9 heslo sa dozviete pri z\u00e1pise, resp. po\u010das pr\u00edpravenho kurzu. N\u00e1sledne doporu\u010dujeme toto heslo zmeni\u0165.<\/p>\n<\/div><\/div><\/div><\/div><div class=\"wpb_column vc_column_container\"><div class=\"vc_column-inner\"><div class=\"wpb_text_column\"><div class=\"wpb_wrapper\"><h3><strong>Pre\u010do Office 365?<\/strong><\/h3>\n<p>Ka\u017ed\u00e1 dobr\u00e1 firma vyu\u017e\u00edva nov\u00e9,\u00a0<strong>modern\u00e9 n\u00e1stroje v procese riadenia a samozrejme v komunik\u00e1ci\u00ed.<\/strong>\u00a0To ist\u00e9 chceme aplikova\u0165 i my. Chceme, aby na\u0161i \u0161tudenti vyu\u017e\u00edvali novodob\u00e9 mo\u017enosti pr\u00e1ce so s\u00faborov\u00fdm priestorom v cloude, kde\u00a0<strong>m\u00f4\u017eu svoju pr\u00e1cu zdie\u013ea\u0165, riadi\u0165, upravova\u0165<\/strong>\u00a0bez z\u00e1vislosti na svojej polohe. E-mailov\u00fa komunik\u00e1ciu pova\u017eujeme za jeden z element\u00e1rnych prvkov elektronickej komunik\u00e1cie.<\/p>\n<ul>\n<li class=\"level1\">\n<div class=\"li\">Office na\u00a0<strong>mobiln\u00fdch zariadeniach<\/strong>\u00a0s Androidom, iOS alebo Windows Phone<\/div>\n<\/li>\n<li class=\"level1\">\n<div class=\"li\">Office\u00a0<strong>Online cez webov\u00fd prehliada\u010d<\/strong>\u00a0(<a class=\"urlextern\" title=\"https:\/\/login.microsoftonline.com\" href=\"https:\/\/login.microsoftonline.com\/\" rel=\"nofollow noopener\" target=\"_blank\">https:\/\/login.microsoftonline.com<\/a>)<\/div>\n<\/li>\n<li class=\"level1\">\n<div class=\"li\">a\u017e\u00a0<strong>1TB OneDrive<\/strong><\/div>\n<\/li>\n<li class=\"level1\">\n<div class=\"li\"><strong>automatick\u00fa synchroniz\u00e1ciu<\/strong>\u00a0Va\u0161ich s\u00faborov medzi viacer\u00fdmi zariadeniami a ich okam\u017eit\u00fa pr\u00edstupnos\u0165 z ak\u00e9hoko\u013evek miesta prostredn\u00edctvom webu<\/div>\n<\/li>\n<\/ul>\n<\/div><\/div><\/div><\/div><\/div><\/div><\/div><\/div><\/div><\/section><section class=\"l-section wpb_row us_custom_c70c97eb height_medium\"><div class=\"l-section-h i-cf\"><div class=\"g-cols vc_row via_grid cols_1 laptops-cols_inherit tablets-cols_inherit mobiles-cols_1 valign_top type_default stacking_default\"><div class=\"wpb_column vc_column_container\"><div class=\"vc_column-inner\"><div class=\"g-cols wpb_row via_grid cols_2-1 laptops-cols_inherit tablets-cols_inherit mobiles-cols_1 valign_top type_default stacking_default\"><div class=\"wpb_column vc_column_container\"><div class=\"vc_column-inner\"><h3 class=\"w-text\"><span url class=\"w-text-h\"><span class=\"w-text-value\">Ktor\u00e9 aplik\u00e1cie m\u00f4\u017eete vyu\u017e\u00edva\u0165 ?<\/span><\/span><\/h3><div class=\"w-tabs style_default switch_click accordion remove_indents\"><div class=\"w-tabs-sections titles-align_none icon_plus cpos_right\"><div class=\"w-tabs-section has_text_color\" id=\"g098\" style=\"color:var(--color-content-heading);\"><button class=\"w-tabs-section-header\" aria-controls=\"content-g098\" aria-expanded=\"false\"><h6 class=\"w-tabs-section-title\">Class Notebook<\/h6><div class=\"w-tabs-section-control\"><\/div><\/button><div  class=\"w-tabs-section-content\" id=\"content-g098\"><div class=\"w-tabs-section-content-h i-cf\"><div class=\"wpb_text_column us_custom_e89f51fc\"><div class=\"wpb_wrapper\"><p>Spravujte pr\u00edpravy na vyu\u010dovacie hodiny a obsah kurzov vo svojom digit\u00e1lnom pozn\u00e1mkovom bloku. Vytvorte pracovn\u00fd priestor na individu\u00e1lnu komunik\u00e1ciu so \u0161tudentmi.<\/p>\n<\/div><\/div><\/div><\/div><\/div><div class=\"w-tabs-section has_text_color\" id=\"y158\" style=\"color:var(--color-content-heading);\"><button class=\"w-tabs-section-header\" aria-controls=\"content-y158\" aria-expanded=\"false\"><h6 class=\"w-tabs-section-title\">Delve<\/h6><div class=\"w-tabs-section-control\"><\/div><\/button><div  class=\"w-tabs-section-content\" id=\"content-y158\"><div class=\"w-tabs-section-content-h i-cf\"><div class=\"wpb_text_column us_custom_e89f51fc\"><div class=\"wpb_wrapper\"><p>Z\u00edskajte osobn\u00e9 preh\u013eady a relevantn\u00e9 inform\u00e1cie na z\u00e1klade toho, s k\u00fdm a na akom obsahu pracujete.<\/p>\n<\/div><\/div><\/div><\/div><\/div><div class=\"w-tabs-section has_text_color\" id=\"d210\" style=\"color:var(--color-content-heading);\"><button class=\"w-tabs-section-header\" aria-controls=\"content-d210\" aria-expanded=\"false\"><h6 class=\"w-tabs-section-title\">Dynamics 365<\/h6><div class=\"w-tabs-section-control\"><\/div><\/button><div  class=\"w-tabs-section-content\" id=\"content-d210\"><div class=\"w-tabs-section-content-h i-cf\"><div class=\"wpb_text_column us_custom_e89f51fc\"><div class=\"wpb_wrapper\"><p>Zru\u0161te prek\u00e1\u017eky medzi svojimi obchodn\u00fdmi procesmi a aplik\u00e1ciami pomocou slu\u017eby Microsoft Dynamics 365.<\/p>\n<\/div><\/div><\/div><\/div><\/div><div class=\"w-tabs-section has_text_color\" id=\"d2c0\" style=\"color:var(--color-content-heading);\"><button class=\"w-tabs-section-header\" aria-controls=\"content-d2c0\" aria-expanded=\"false\"><h6 class=\"w-tabs-section-title\">Excel<\/h6><div class=\"w-tabs-section-control\"><\/div><\/button><div  class=\"w-tabs-section-content\" id=\"content-d2c0\"><div class=\"w-tabs-section-content-h i-cf\"><div class=\"wpb_text_column us_custom_e89f51fc\"><div class=\"wpb_wrapper\"><p>Zvl\u00e1dnite toho viac s n\u00e1strojom, ktor\u00fd u\u017e d\u00f4verne pozn\u00e1te. Objavte \u00fadaje, pripojte sa k nim a modelujte ich, analyzujte a vizualizujte.<\/p>\n<\/div><\/div><\/div><\/div><\/div><div class=\"w-tabs-section has_text_color\" id=\"c36d\" style=\"color:var(--color-content-heading);\"><button class=\"w-tabs-section-header\" aria-controls=\"content-c36d\" aria-expanded=\"false\"><h6 class=\"w-tabs-section-title\">Flow<\/h6><div class=\"w-tabs-section-control\"><\/div><\/button><div  class=\"w-tabs-section-content\" id=\"content-c36d\"><div class=\"w-tabs-section-content-h i-cf\"><div class=\"wpb_text_column us_custom_e89f51fc\"><div class=\"wpb_wrapper\"><p>Vytvorte pracovn\u00e9 postupy medzi aplik\u00e1ciami, s\u00fabormi a \u00fadajmi. Automatizujete tak \u010dasovo n\u00e1ro\u010dn\u00e9 postupy, aby ste sa mohli zamera\u0165 na to, \u010do pr\u00edde.<\/p>\n<\/div><\/div><\/div><\/div><\/div><div class=\"w-tabs-section has_text_color\" id=\"q434\" style=\"color:var(--color-content-heading);\"><button class=\"w-tabs-section-header\" aria-controls=\"content-q434\" aria-expanded=\"false\"><h6 class=\"w-tabs-section-title\">Forms<\/h6><div class=\"w-tabs-section-control\"><\/div><\/button><div  class=\"w-tabs-section-content\" id=\"content-q434\"><div class=\"w-tabs-section-content-h i-cf\"><div class=\"wpb_text_column us_custom_e89f51fc\"><div class=\"wpb_wrapper\"><p>V priebehu nieko\u013ek\u00fdch min\u00fat m\u00f4\u017eete vytv\u00e1ra\u0165 prieskumy, kv\u00edzy a ankety. Po\u0161lite ich komuko\u013evek a jednoducho zobrazte v\u00fdsledky v re\u00e1lnom \u010dase.<\/p>\n<\/div><\/div><\/div><\/div><\/div><div class=\"w-tabs-section has_text_color\" id=\"d527\" style=\"color:var(--color-content-heading);\"><button class=\"w-tabs-section-header\" aria-controls=\"content-d527\" aria-expanded=\"false\"><h6 class=\"w-tabs-section-title\">Kalend\u00e1r<\/h6><div class=\"w-tabs-section-control\"><\/div><\/button><div  class=\"w-tabs-section-content\" id=\"content-d527\"><div class=\"w-tabs-section-content-h i-cf\"><div class=\"wpb_text_column us_custom_e89f51fc\"><div class=\"wpb_wrapper\"><p>Napl\u00e1nujte a zdie\u013eajte \u010dasy sch\u00f4dz\u00ed a udalost\u00ed a automaticky dost\u00e1vajte pripomenutia.<\/p>\n<\/div><\/div><\/div><\/div><\/div><div class=\"w-tabs-section has_text_color\" id=\"q602\" style=\"color:var(--color-content-heading);\"><button class=\"w-tabs-section-header\" aria-controls=\"content-q602\" aria-expanded=\"false\"><h6 class=\"w-tabs-section-title\">\u013dudia<\/h6><div class=\"w-tabs-section-control\"><\/div><\/button><div  class=\"w-tabs-section-content\" id=\"content-q602\"><div class=\"w-tabs-section-content-h i-cf\"><div class=\"wpb_text_column us_custom_e89f51fc\"><div class=\"wpb_wrapper\"><p>Usporiadajte si kontaktn\u00e9 \u00fadaje v\u0161etk\u00fdch svojich priate\u013eov, \u010dlenov rodiny, kolegov a zn\u00e1mych na jednom mieste. Je to r\u00fdchlej\u0161ie ne\u017e kedyko\u013evek predt\u00fdm.<\/p>\n<\/div><\/div><\/div><\/div><\/div><div class=\"w-tabs-section has_text_color\" id=\"b6bb\" style=\"color:var(--color-content-heading);\"><button class=\"w-tabs-section-header\" aria-controls=\"content-b6bb\" aria-expanded=\"false\"><h6 class=\"w-tabs-section-title\">OneDrive<\/h6><div class=\"w-tabs-section-control\"><\/div><\/button><div  class=\"w-tabs-section-content\" id=\"content-b6bb\"><div class=\"w-tabs-section-content-h i-cf\"><div class=\"wpb_text_column us_custom_e89f51fc\"><div class=\"wpb_wrapper\"><p>Ukladajte si s\u00fabory na jednom mieste, zdie\u013eajte ich s ostatn\u00fdmi a z\u00edskajte ich v akomko\u013evek zariaden\u00ed, ktor\u00e9 je pripojen\u00e9 k internetu.<\/p>\n<\/div><\/div><\/div><\/div><\/div><div class=\"w-tabs-section has_text_color\" id=\"d783\" style=\"color:var(--color-content-heading);\"><button class=\"w-tabs-section-header\" aria-controls=\"content-d783\" aria-expanded=\"false\"><h6 class=\"w-tabs-section-title\">Outlook<\/h6><div class=\"w-tabs-section-control\"><\/div><\/button><div  class=\"w-tabs-section-content\" id=\"content-d783\"><div class=\"w-tabs-section-content-h i-cf\"><div class=\"wpb_text_column us_custom_e89f51fc\"><div class=\"wpb_wrapper\"><p>Pou\u017e\u00edvajte \u0161pi\u010dkov\u00fd firemn\u00fd e-mail a pracujte v plne funk\u010dnom a d\u00f4verne zn\u00e1mom rozhran\u00ed programu Outlook na po\u010d\u00edta\u010di alebo vo webovom prehliada\u010di.<\/p>\n<\/div><\/div><\/div><\/div><\/div><div class=\"w-tabs-section has_text_color\" id=\"c85f\" style=\"color:var(--color-content-heading);\"><button class=\"w-tabs-section-header\" aria-controls=\"content-c85f\" aria-expanded=\"false\"><h6 class=\"w-tabs-section-title\">PowerApps<\/h6><div class=\"w-tabs-section-control\"><\/div><\/button><div  class=\"w-tabs-section-content\" id=\"content-c85f\"><div class=\"w-tabs-section-content-h i-cf\"><div class=\"wpb_text_column us_custom_e89f51fc\"><div class=\"wpb_wrapper\"><p>Vytv\u00e1rajte mobiln\u00e9 a webov\u00e9 aplik\u00e1cie pomocou \u00fadajov, ktor\u00e9 u\u017e va\u0161a organiz\u00e1cia pou\u017e\u00edva.<\/p>\n<\/div><\/div><\/div><\/div><\/div><div class=\"w-tabs-section has_text_color\" id=\"g919\" style=\"color:var(--color-content-heading);\"><button class=\"w-tabs-section-header\" aria-controls=\"content-g919\" aria-expanded=\"false\"><h6 class=\"w-tabs-section-title\">Planner<\/h6><div class=\"w-tabs-section-control\"><\/div><\/button><div  class=\"w-tabs-section-content\" id=\"content-g919\"><div class=\"w-tabs-section-content-h i-cf\"><div class=\"wpb_text_column us_custom_e89f51fc\"><div class=\"wpb_wrapper\"><p>Vytv\u00e1rajte nov\u00e9 pl\u00e1ny, usporiadajte a prira\u010fujte \u00falohy, zdie\u013eajte s\u00fabory, chatujte o svojej pr\u00e1ci a z\u00edskavajte aktu\u00e1lne inform\u00e1cie o jej priebehu pomocou aplik\u00e1cie Planner.<\/p>\n<\/div><\/div><\/div><\/div><\/div><div class=\"w-tabs-section has_text_color\" id=\"e9ce\" style=\"color:var(--color-content-heading);\"><button class=\"w-tabs-section-header\" aria-controls=\"content-e9ce\" aria-expanded=\"false\"><h6 class=\"w-tabs-section-title\">PowerPoint<\/h6><div class=\"w-tabs-section-control\"><\/div><\/button><div  class=\"w-tabs-section-content\" id=\"content-e9ce\"><div class=\"w-tabs-section-content-h i-cf\"><div class=\"wpb_text_column us_custom_e89f51fc\"><div class=\"wpb_wrapper\"><p>Posu\u0148te svoju prezent\u00e1ciu na vy\u0161\u0161iu \u00farove\u0148 a vytv\u00e1rajte profesion\u00e1lne n\u00e1vrhy.<\/p>\n<\/div><\/div><\/div><\/div><\/div><div class=\"w-tabs-section has_text_color\" id=\"zaa0\" style=\"color:var(--color-content-heading);\"><button class=\"w-tabs-section-header\" aria-controls=\"content-zaa0\" aria-expanded=\"false\"><h6 class=\"w-tabs-section-title\">SharePoint<\/h6><div class=\"w-tabs-section-control\"><\/div><\/button><div  class=\"w-tabs-section-content\" id=\"content-zaa0\"><div class=\"w-tabs-section-content-h i-cf\"><div class=\"wpb_text_column us_custom_e89f51fc\"><div class=\"wpb_wrapper\"><p>Zdie\u013eajte a spravujte obsah, vedomosti a aplik\u00e1cie, aby ste zlep\u0161ili t\u00edmov\u00fa pr\u00e1cu, r\u00fdchlo dok\u00e1zali n\u00e1js\u0165 inform\u00e1cie a bezprobl\u00e9movo spolupracovali v celej organiz\u00e1cii.<\/p>\n<\/div><\/div><\/div><\/div><\/div><div class=\"w-tabs-section has_text_color\" id=\"pb66\" style=\"color:var(--color-content-heading);\"><button class=\"w-tabs-section-header\" aria-controls=\"content-pb66\" aria-expanded=\"false\"><h6 class=\"w-tabs-section-title\">Staff Notebook<\/h6><div class=\"w-tabs-section-control\"><\/div><\/button><div  class=\"w-tabs-section-content\" id=\"content-pb66\"><div class=\"w-tabs-section-content-h i-cf\"><div class=\"wpb_text_column us_custom_e89f51fc\"><div class=\"wpb_wrapper\"><p>Spolupracujte s pedagogick\u00fdm zborom a zamestnancami a zdie\u013eajte pozn\u00e1mky, politiky, postupy, term\u00edny dokon\u010denia a kalend\u00e1re.<\/p>\n<\/div><\/div><\/div><\/div><\/div><div class=\"w-tabs-section has_text_color\" id=\"gc11\" style=\"color:var(--color-content-heading);\"><button class=\"w-tabs-section-header\" aria-controls=\"content-gc11\" aria-expanded=\"false\"><h6 class=\"w-tabs-section-title\">StaffHub<\/h6><div class=\"w-tabs-section-control\"><\/div><\/button><div  class=\"w-tabs-section-content\" id=\"content-gc11\"><div class=\"w-tabs-section-content-h i-cf\"><div class=\"wpb_text_column us_custom_e89f51fc\"><div class=\"wpb_wrapper\"><p>Spravujte svoj rozvrh pr\u00e1ce online. \u017diadajte o vo\u013eno, preho\u010fte si pracovn\u00e9 zmeny a komunikujte priamo so svojimi spolupracovn\u00edkmi a nadriaden\u00fdmi.<\/p>\n<\/div><\/div><\/div><\/div><\/div><div class=\"w-tabs-section has_text_color\" id=\"wcba\" style=\"color:var(--color-content-heading);\"><button class=\"w-tabs-section-header\" aria-controls=\"content-wcba\" aria-expanded=\"false\"><h6 class=\"w-tabs-section-title\">Stream<\/h6><div class=\"w-tabs-section-control\"><\/div><\/button><div  class=\"w-tabs-section-content\" id=\"content-wcba\"><div class=\"w-tabs-section-content-h i-cf\"><div class=\"wpb_text_column us_custom_e89f51fc\"><div class=\"wpb_wrapper\"><p>Zdie\u013eajte vide\u00e1 z vyu\u010dovac\u00edch predmetov, sch\u00f4dz\u00ed, prezent\u00e1ci\u00ed a \u0161kolen\u00ed a \u010fal\u0161ie vide\u00e1 s \u013eu\u010fmi vo svojej spolo\u010dnosti alebo \u0161kole.<\/p>\n<\/div><\/div><\/div><\/div><\/div><div class=\"w-tabs-section has_text_color\" id=\"td7b\" style=\"color:var(--color-content-heading);\"><button class=\"w-tabs-section-header\" aria-controls=\"content-td7b\" aria-expanded=\"false\"><h6 class=\"w-tabs-section-title\">Sway<\/h6><div class=\"w-tabs-section-control\"><\/div><\/button><div  class=\"w-tabs-section-content\" id=\"content-td7b\"><div class=\"w-tabs-section-content-h i-cf\"><div class=\"wpb_text_column us_custom_e89f51fc\"><div class=\"wpb_wrapper\"><p>Vytv\u00e1rajte a zdie\u013eajte p\u00fatav\u00e9 interakt\u00edvne zostavy, prezent\u00e1cie, osobn\u00e9 pr\u00edbehy a \u010fal\u0161\u00ed obsah. Sway uprav\u00ed ich n\u00e1vrh za v\u00e1s.<\/p>\n<\/div><\/div><\/div><\/div><\/div><div class=\"w-tabs-section has_text_color\" id=\"ie3c\" style=\"color:var(--color-content-heading);\"><button class=\"w-tabs-section-header\" aria-controls=\"content-ie3c\" aria-expanded=\"false\"><h6 class=\"w-tabs-section-title\">Teams<\/h6><div class=\"w-tabs-section-control\"><\/div><\/button><div  class=\"w-tabs-section-content\" id=\"content-ie3c\"><div class=\"w-tabs-section-content-h i-cf\"><div class=\"wpb_text_column us_custom_e89f51fc\"><div class=\"wpb_wrapper\"><p>Prisp\u00f4sobite\u013en\u00fd t\u00edmov\u00fd pracovn\u00fd priestor s mo\u017enos\u0165ou chatu v slu\u017eb\u00e1ch Office 365.<\/p>\n<\/div><\/div><\/div><\/div><\/div><div class=\"w-tabs-section has_text_color\" id=\"qeec\" style=\"color:var(--color-content-heading);\"><button class=\"w-tabs-section-header\" aria-controls=\"content-qeec\" aria-expanded=\"false\"><h6 class=\"w-tabs-section-title\">To-Do<\/h6><div class=\"w-tabs-section-control\"><\/div><\/button><div  class=\"w-tabs-section-content\" id=\"content-qeec\"><div class=\"w-tabs-section-content-h i-cf\"><div class=\"wpb_text_column us_custom_e89f51fc\"><div class=\"wpb_wrapper\"><p>Urobte si preh\u013ead o tom, \u010do m\u00e1te vybavi\u0165, stanovte si priority a dokon\u010dite to, \u010do je v dan\u00fd de\u0148 najd\u00f4le\u017eitej\u0161ie.<\/p>\n<\/div><\/div><\/div><\/div><\/div><div class=\"w-tabs-section has_text_color\" id=\"lf9e\" style=\"color:var(--color-content-heading);\"><button class=\"w-tabs-section-header\" aria-controls=\"content-lf9e\" aria-expanded=\"false\"><h6 class=\"w-tabs-section-title\">\u00dalohy<\/h6><div class=\"w-tabs-section-control\"><\/div><\/button><div  class=\"w-tabs-section-content\" id=\"content-lf9e\"><div class=\"w-tabs-section-content-h i-cf\"><div class=\"wpb_text_column us_custom_e89f51fc\"><div class=\"wpb_wrapper\"><p>Vytv\u00e1rajte a spravuje \u00falohy v programe Outlook.<\/p>\n<\/div><\/div><\/div><\/div><\/div><div class=\"w-tabs-section has_text_color\" id=\"o04b\" style=\"color:var(--color-content-heading);\"><button class=\"w-tabs-section-header\" aria-controls=\"content-o04b\" aria-expanded=\"false\"><h6 class=\"w-tabs-section-title\">Video<\/h6><div class=\"w-tabs-section-control\"><\/div><\/button><div  class=\"w-tabs-section-content\" id=\"content-o04b\"><div class=\"w-tabs-section-content-h i-cf\"><div class=\"wpb_text_column us_custom_e89f51fc\"><div class=\"wpb_wrapper\"><p>Zdie\u013eajte vide\u00e1 z vyu\u010dovac\u00edch predmetov, sch\u00f4dz\u00ed, prezent\u00e1ci\u00ed a \u0161kolen\u00ed a \u010fal\u0161ie vide\u00e1 s \u013eu\u010fmi vo svojej spolo\u010dnosti alebo \u0161kole.<\/p>\n<\/div><\/div><\/div><\/div><\/div><div class=\"w-tabs-section has_text_color\" id=\"v0f4\" style=\"color:var(--color-content-heading);\"><button class=\"w-tabs-section-header\" aria-controls=\"content-v0f4\" aria-expanded=\"false\"><h6 class=\"w-tabs-section-title\">Word<\/h6><div class=\"w-tabs-section-control\"><\/div><\/button><div  class=\"w-tabs-section-content\" id=\"content-v0f4\"><div class=\"w-tabs-section-content-h i-cf\"><div class=\"wpb_text_column us_custom_e89f51fc\"><div class=\"wpb_wrapper\"><p>Uk\u00e1\u017ete, ako dok\u00e1\u017eete p\u00edsa\u0165. Cesta od pr\u00e1zdnej strany po n\u00e1dhern\u00fd dokument nebola nikdy \u013eah\u0161ia.<\/p>\n<\/div><\/div><\/div><\/div><\/div><div class=\"w-tabs-section has_text_color\" id=\"r1b6\" style=\"color:var(--color-content-heading);\"><button class=\"w-tabs-section-header\" aria-controls=\"content-r1b6\" aria-expanded=\"false\"><h6 class=\"w-tabs-section-title\">Yammer<\/h6><div class=\"w-tabs-section-control\"><\/div><\/button><div  class=\"w-tabs-section-content\" id=\"content-r1b6\"><div class=\"w-tabs-section-content-h i-cf\"><div class=\"wpb_text_column us_custom_e89f51fc\"><div class=\"wpb_wrapper\"><p>Spojte sa so spr\u00e1vnymi \u013eu\u010fmi, zdie\u013eajte inform\u00e1cie s t\u00edmami a organizujte projekty so spolupracovn\u00edkmi alebo spolu\u017eiakmi.<\/p>\n<\/div><\/div><\/div><\/div><\/div><\/div><\/div><\/div><\/div><div class=\"wpb_column vc_column_container type_sticky\"><div class=\"vc_column-inner\"><div class=\"w-iconbox iconpos_left style_default color_primary align_left\"><div class=\"w-iconbox-icon\" style=\"font-size:2rem;\"><i class=\"fal fa-user-cog\"><\/i><\/div><div class=\"w-iconbox-meta\"><h3 class=\"w-iconbox-title\">M\u00e1m technick\u00e9 probl\u00e9my?<\/h3><div class=\"w-iconbox-text\"><p>V pr\u00edpade, \u017ee ste stratili svoje heslo, resp. sa pot\u00fdkate s in\u00fdmi nevysvetlite\u013en\u00fdmi technick\u00fdmi probl\u00e9mami, pros\u00edm kontaktuje:<\/p>\n<\/div><\/div><\/div><div class=\"w-separator size_small\"><\/div><div class=\"w-vwrapper us_custom_5099d0f1 align_none valign_top\"><div class=\"wpb_text_column\"><div class=\"wpb_wrapper\"><p><strong>Ing. Martin Z\u00e1borsk\u00fd<\/strong><\/p>\n<div><strong>Miestnos\u0165:\u00a0<\/strong>AC319<\/div>\n<div><strong>Telef\u00f3n:\u00a0<\/strong>+421 41 513 6115, 6356<\/div>\n<div><strong>E-mail:\u00a0<\/strong><a href=\"mailto:martin.zaborsky@fhv.uniza.sk\">martin.zaborsky@fhv.uniza.sk<\/a><\/div>\n<\/div><\/div><\/div><div class=\"w-separator size_small\"><\/div><div class=\"w-btn-wrapper align_center\"><a class=\"w-btn us-btn-style_1 icon_atleft\" href=\"https:\/\/nic.uniza.sk\/zuwiki\/doku.php?id=zu:net:office365\" target=\"_blank\" rel=\"noopener\"><i class=\"fal fa-info-circle\"><\/i><span class=\"w-btn-label\">Viac inform\u00e1ci\u00ed z\u00edskate prostredn\u00edctvom ZU WIKI<\/span><\/a><\/div><\/div><\/div><\/div><\/div><\/div><\/div><\/div><\/section>\n","protected":false},"excerpt":{"rendered":"Office 365 U\u017eito\u010dn\u00e9 inform\u00e1cie o Office 365Ako z\u00edskate Office 365? Office 365 z\u00edskava\u00a0ka\u017ed\u00fd \u0161tudent\u00a0n\u00e1\u0161ho programu\u00a0automaticky a zadarmo.\u00a0Pri z\u00e1pise s\u00fa mu poskytnut\u00e9 z\u00e1kladn\u00e9 inform\u00e1cie o prihlasovac\u00edch \u00fadajoch do tohto \u00fa\u010dtu. Do...","protected":false},"author":2,"featured_media":0,"parent":0,"menu_order":0,"comment_status":"closed","ping_status":"closed","template":"","meta":{"footnotes":""},"class_list":["post-580","page","type-page","status-publish","hentry"],"acf":[],"_links":{"self":[{"href":"https:\/\/kmkd.fhv.uniza.sk\/index.php?rest_route=\/wp\/v2\/pages\/580","targetHints":{"allow":["GET"]}}],"collection":[{"href":"https:\/\/kmkd.fhv.uniza.sk\/index.php?rest_route=\/wp\/v2\/pages"}],"about":[{"href":"https:\/\/kmkd.fhv.uniza.sk\/index.php?rest_route=\/wp\/v2\/types\/page"}],"author":[{"embeddable":true,"href":"https:\/\/kmkd.fhv.uniza.sk\/index.php?rest_route=\/wp\/v2\/users\/2"}],"replies":[{"embeddable":true,"href":"https:\/\/kmkd.fhv.uniza.sk\/index.php?rest_route=%2Fwp%2Fv2%2Fcomments&post=580"}],"version-history":[{"count":8,"href":"https:\/\/kmkd.fhv.uniza.sk\/index.php?rest_route=\/wp\/v2\/pages\/580\/revisions"}],"predecessor-version":[{"id":588,"href":"https:\/\/kmkd.fhv.uniza.sk\/index.php?rest_route=\/wp\/v2\/pages\/580\/revisions\/588"}],"wp:attachment":[{"href":"https:\/\/kmkd.fhv.uniza.sk\/index.php?rest_route=%2Fwp%2Fv2%2Fmedia&parent=580"}],"curies":[{"name":"wp","href":"https:\/\/api.w.org\/{rel}","templated":true}]}}