{"id":590,"date":"2023-02-07T22:33:07","date_gmt":"2023-02-07T21:33:07","guid":{"rendered":"https:\/\/zaverecne-prace.ucimesaweby.sk\/palfy\/?page_id=590"},"modified":"2023-02-07T22:36:01","modified_gmt":"2023-02-07T21:36:01","slug":"vedecky-profil-katedry","status":"publish","type":"page","link":"https:\/\/kmkd.fhv.uniza.sk\/?page_id=590","title":{"rendered":"Vedeck\u00fd profil katedry"},"content":{"rendered":"<section class=\"l-section wpb_row height_auto width_full\"><div class=\"l-section-h i-cf\"><div class=\"g-cols vc_row via_grid cols_1 laptops-cols_inherit tablets-cols_inherit mobiles-cols_1 valign_top type_default stacking_default\"><div class=\"wpb_column vc_column_container\"><div class=\"vc_column-inner\"><section class=\"l-section wpb_row us_custom_d9f2040e height_medium width_full\"><div class=\"l-section-overlay\" style=\"background:rgba(0,0,0,0.25)\"><\/div><div class=\"l-section-h i-cf\"><div class=\"g-cols vc_row via_grid cols_1 laptops-cols_inherit tablets-cols_inherit mobiles-cols_1 valign_top type_default stacking_default\"><div class=\"wpb_column vc_column_container\"><div class=\"vc_column-inner\"><div class=\"w-separator size_small\"><\/div><h1 class=\"w-post-elm post_title us_custom_6df4bc3a has_text_color align_center entry-title color_link_inherit\">Vedeck\u00fd profil katedry<\/h1><div class=\"w-separator size_small\"><\/div><\/div><\/div><\/div><\/div><\/section>\n<\/div><\/div><\/div><\/div><\/section><section class=\"l-section wpb_row height_medium\"><div class=\"l-section-h i-cf\"><div class=\"g-cols vc_row via_grid cols_1 laptops-cols_inherit tablets-cols_inherit mobiles-cols_1 valign_top type_default stacking_default\"><div class=\"wpb_column vc_column_container\"><div class=\"vc_column-inner\"><div class=\"g-cols wpb_row via_grid cols_2-1 laptops-cols_inherit tablets-cols_inherit mobiles-cols_1 valign_middle type_default stacking_default\"><div class=\"wpb_column vc_column_container\"><div class=\"vc_column-inner\"><h2 class=\"w-text\"><span url class=\"w-text-h\"><span class=\"w-text-value\">Vedeck\u00e9 z\u00e1zemie katedry<\/span><\/span><\/h2><div class=\"w-separator size_small\"><\/div><div class=\"wpb_text_column\"><div class=\"wpb_wrapper\"><p>Vedeckov\u00fdskumn\u00e1 \u010dinnos\u0165\u00a0<strong>sa s\u00fastre\u010fuje na oblas\u0165 nov\u00fdch m\u00e9di\u00ed, dokument\u00e1cie kult\u00farneho dedi\u010dstva a medi\u00e1lnej gramotnosti.<\/strong>\u00a0V\u00fdskum je\u00a0<strong>orientovan\u00fd na problematiku dokument\u00e1cie a\u00a0prezentovania digit\u00e1lnych informa\u010dn\u00fdch zdrojov<\/strong>\u00a0o\u00a0kult\u00farnom dedi\u010dstve, medi\u00e1lnej komunik\u00e1cii a gramotnosti v\u00a0kontexte celo\u017eivotn\u00e9ho vzdel\u00e1vania a\u00a0na\u010falej analyzuje aspekty informa\u010dno-komunika\u010dn\u00fdch slu\u017eieb v\u00a0podmienkach informa\u010dnej spolo\u010dnosti. KMKD spolupracovala a\u00a0spolupracuje s\u00a0viacer\u00fdmi v\u00fdznamn\u00fdmi in\u0161tit\u00faciami, napr\u00edklad so Slovenskou n\u00e1rodnou kni\u017enicou, Slovenskou filharm\u00f3niou at\u010f.\u00a0 S\u00fa\u010das\u0165ou vzdel\u00e1vania \u0161tudentov s\u00fa besedy s\u00a0odborn\u00edkmi z\u00a0praxe, workshopy \u010di exkurzie do vybran\u00fdch in\u0161tit\u00faci\u00ed (redakcie m\u00e9di\u00ed, m\u00faze\u00e1, kult\u00farne a\u00a0pam\u00e4\u0165ov\u00e9 in\u0161tit\u00facie\u2026).\u00a0<strong>Teoretick\u00e9 vzdel\u00e1vanie je doplnen\u00e9 o\u00a0odborn\u00fa prax, ktor\u00fa si \u0161tudenti volia po dohode s vyu\u010duj\u00facimi katedry.<\/strong><\/p>\n<\/div><\/div><\/div><\/div><div class=\"wpb_column vc_column_container\"><div class=\"vc_column-inner\"><div class=\"w-image align_center\"><div url class=\"w-image-h\"><img decoding=\"async\" width=\"1024\" height=\"681\" src=\"https:\/\/kmkd.fhv.uniza.sk\/wp-content\/uploads\/2023\/02\/chuttersnap-Zf64Osndqvc-unsplash-1024x681.jpg\" class=\"attachment-large size-large\" alt=\"\" srcset=\"https:\/\/kmkd.fhv.uniza.sk\/wp-content\/uploads\/2023\/02\/chuttersnap-Zf64Osndqvc-unsplash-1024x681.jpg 1024w, https:\/\/kmkd.fhv.uniza.sk\/wp-content\/uploads\/2023\/02\/chuttersnap-Zf64Osndqvc-unsplash-300x200.jpg 300w\" sizes=\"(max-width: 1024px) 100vw, 1024px\" \/><\/div><\/div><\/div><\/div><\/div><div class=\"w-separator size_medium\"><\/div><div class=\"g-cols wpb_row via_grid cols_2 laptops-cols_inherit tablets-cols_1 mobiles-cols_1 valign_top type_default stacking_default\" style=\"grid-gap:2.5rem;\"><div class=\"wpb_column vc_column_container us_custom_36ccf5d2\"><div class=\"vc_column-inner\"><div class=\"w-hwrapper valign_baseline align_none\" style=\"--hwrapper-gap:1.5rem\"><div class=\"w-text us_custom_bf3b962c has_text_color\"><span url class=\"w-text-h\"><span class=\"w-text-value\">01<\/span><\/span><\/div><h4 class=\"w-text\"><span url class=\"w-text-h\"><span class=\"w-text-value\">Projekty a granty<\/span><\/span><\/h4><\/div><div class=\"w-separator size_small\"><\/div><div class=\"wpb_text_column\"><div class=\"wpb_wrapper\"><p>Katedra mediamatiky a kult\u00farneho dedi\u010dstva sa sna\u017e\u00ed zap\u00e1ja\u0165 a realizova\u0165 najr\u00f4znej\u0161ie projekty s\u00favisiace s v\u00fdskumnou \u010dinnos\u0165ou a profil\u00e1ciou absolventov.<\/p>\n<\/div><\/div><\/div><\/div><div class=\"wpb_column vc_column_container us_custom_36ccf5d2\"><div class=\"vc_column-inner\"><div class=\"w-hwrapper valign_baseline align_none\" style=\"--hwrapper-gap:1.5rem\"><div class=\"w-text us_custom_bf3b962c has_text_color\"><span url class=\"w-text-h\"><span class=\"w-text-value\">02<\/span><\/span><\/div><h4 class=\"w-text\"><span url class=\"w-text-h\"><span class=\"w-text-value\">CEPS<\/span><\/span><\/h4><\/div><div class=\"w-separator size_small\"><\/div><div class=\"wpb_text_column\"><div class=\"wpb_wrapper\"><p>Ide o\u00a0projekt \u0161pi\u010dkov\u00e9ho digitaliza\u010dn\u00e9ho centra, ktor\u00e9 je umiestnen\u00e9 v priestoroch\u00a0<a href=\"http:\/\/ukzu.uniza.sk\/\" target=\"_blank\" rel=\"noopener\">Univerzitnej kni\u017enice \u017dilinskej univerzity<\/a>.<\/p>\n<\/div><\/div><\/div><\/div><div class=\"wpb_column vc_column_container us_custom_36ccf5d2\"><div class=\"vc_column-inner\"><div class=\"w-hwrapper valign_baseline align_none\" style=\"--hwrapper-gap:1.5rem\"><div class=\"w-text us_custom_bf3b962c has_text_color\"><span url class=\"w-text-h\"><span class=\"w-text-value\">03<\/span><\/span><\/div><h4 class=\"w-text\"><span url class=\"w-text-h\"><span class=\"w-text-value\">Parteri z praxe<\/span><\/span><\/h4><\/div><div class=\"w-separator size_small\"><\/div><div class=\"wpb_text_column\"><div class=\"wpb_wrapper\"><p>Katedra spolupracuje s najr\u00f4znej\u0161\u00edmi organiz\u00e1ciami, zdru\u017eeniami, spolkami v oblasti mediamatiky a kult\u00farneho dedi\u010dstva.<\/p>\n<\/div><\/div><\/div><\/div><div class=\"wpb_column vc_column_container us_custom_36ccf5d2\"><div class=\"vc_column-inner\"><div class=\"w-hwrapper valign_baseline align_none\" style=\"--hwrapper-gap:1.5rem\"><div class=\"w-text us_custom_bf3b962c has_text_color\"><span url class=\"w-text-h\"><span class=\"w-text-value\">04<\/span><\/span><\/div><h4 class=\"w-text\"><span url class=\"w-text-h\"><span class=\"w-text-value\">Publika\u010dn\u00e1 \u010dinnos\u0165<\/span><\/span><\/h4><\/div><div class=\"w-separator size_small\"><\/div><div class=\"wpb_text_column\"><div class=\"wpb_wrapper\"><p>Jednou z hlavn\u00fdch \u010dinnost\u00ed pracovn\u00edkov katedry je aj publikovanie svojich v\u00fdsledkov na poli v\u00fdskumnej \u010dinnosti.<\/p>\n<\/div><\/div><\/div><\/div><div class=\"wpb_column vc_column_container us_custom_36ccf5d2\"><div class=\"vc_column-inner\"><div class=\"w-hwrapper valign_baseline align_none\" style=\"--hwrapper-gap:1.5rem\"><div class=\"w-text us_custom_bf3b962c has_text_color\"><span url class=\"w-text-h\"><span class=\"w-text-value\">05<\/span><\/span><\/div><h4 class=\"w-text\"><a href=\"https:\/\/fhv.uniza.sk\/mkd_revue\/\" class=\"w-text-h\" target=\"_blank\" rel=\"noopener\"><span class=\"w-text-value\">MaKD REVUE<\/span><\/a><\/h4><\/div><div class=\"w-separator size_small\"><\/div><div class=\"wpb_text_column\"><div class=\"wpb_wrapper\"><p>Revue o nov\u00fdch m\u00e9di\u00e1ch a kult\u00farnom dedi\u010dstve je odborn\u00fd \u010dasopis na prezent\u00e1ciu a populariz\u00e1ciu v\u00fdsledkov v\u00fdskumu v oblasti mediamatiky, dokument\u00e1cie kult\u00farneho dedi\u010dstva a jeho prezent\u00e1cie v nov\u00fdch m\u00e9di\u00e1ch, populariz\u00e1cie kult\u00farneho dedi\u010dstva a nov\u00fdch m\u00e9di\u00ed.<\/p>\n<\/div><\/div><\/div><\/div><div class=\"wpb_column vc_column_container us_custom_36ccf5d2\"><div class=\"vc_column-inner\"><\/div><\/div><\/div><\/div><\/div><\/div><\/div><\/section>\n","protected":false},"excerpt":{"rendered":"Vedeck\u00fd profil katedry Vedeck\u00e9 z\u00e1zemie katedryVedeckov\u00fdskumn\u00e1 \u010dinnos\u0165\u00a0sa s\u00fastre\u010fuje na oblas\u0165 nov\u00fdch m\u00e9di\u00ed, dokument\u00e1cie kult\u00farneho dedi\u010dstva a medi\u00e1lnej gramotnosti.\u00a0V\u00fdskum je\u00a0orientovan\u00fd na problematiku dokument\u00e1cie a\u00a0prezentovania digit\u00e1lnych informa\u010dn\u00fdch zdrojov\u00a0o\u00a0kult\u00farnom dedi\u010dstve, medi\u00e1lnej komunik\u00e1cii a...","protected":false},"author":2,"featured_media":0,"parent":0,"menu_order":0,"comment_status":"closed","ping_status":"closed","template":"","meta":{"footnotes":""},"class_list":["post-590","page","type-page","status-publish","hentry"],"acf":[],"_links":{"self":[{"href":"https:\/\/kmkd.fhv.uniza.sk\/index.php?rest_route=\/wp\/v2\/pages\/590","targetHints":{"allow":["GET"]}}],"collection":[{"href":"https:\/\/kmkd.fhv.uniza.sk\/index.php?rest_route=\/wp\/v2\/pages"}],"about":[{"href":"https:\/\/kmkd.fhv.uniza.sk\/index.php?rest_route=\/wp\/v2\/types\/page"}],"author":[{"embeddable":true,"href":"https:\/\/kmkd.fhv.uniza.sk\/index.php?rest_route=\/wp\/v2\/users\/2"}],"replies":[{"embeddable":true,"href":"https:\/\/kmkd.fhv.uniza.sk\/index.php?rest_route=%2Fwp%2Fv2%2Fcomments&post=590"}],"version-history":[{"count":8,"href":"https:\/\/kmkd.fhv.uniza.sk\/index.php?rest_route=\/wp\/v2\/pages\/590\/revisions"}],"predecessor-version":[{"id":599,"href":"https:\/\/kmkd.fhv.uniza.sk\/index.php?rest_route=\/wp\/v2\/pages\/590\/revisions\/599"}],"wp:attachment":[{"href":"https:\/\/kmkd.fhv.uniza.sk\/index.php?rest_route=%2Fwp%2Fv2%2Fmedia&parent=590"}],"curies":[{"name":"wp","href":"https:\/\/api.w.org\/{rel}","templated":true}]}}