{"id":643,"date":"2023-02-07T23:36:56","date_gmt":"2023-02-07T22:36:56","guid":{"rendered":"https:\/\/zaverecne-prace.ucimesaweby.sk\/palfy\/?page_id=643"},"modified":"2023-02-07T23:36:56","modified_gmt":"2023-02-07T22:36:56","slug":"projekt-ceps","status":"publish","type":"page","link":"https:\/\/kmkd.fhv.uniza.sk\/?page_id=643","title":{"rendered":"Projekt CEPS"},"content":{"rendered":"<section class=\"l-section wpb_row height_auto width_full\"><div class=\"l-section-h i-cf\"><div class=\"g-cols vc_row via_grid cols_1 laptops-cols_inherit tablets-cols_inherit mobiles-cols_1 valign_top type_default stacking_default\"><div class=\"wpb_column vc_column_container\"><div class=\"vc_column-inner\"><section class=\"l-section wpb_row us_custom_d9f2040e height_medium width_full\"><div class=\"l-section-overlay\" style=\"background:rgba(0,0,0,0.25)\"><\/div><div class=\"l-section-h i-cf\"><div class=\"g-cols vc_row via_grid cols_1 laptops-cols_inherit tablets-cols_inherit mobiles-cols_1 valign_top type_default stacking_default\"><div class=\"wpb_column vc_column_container\"><div class=\"vc_column-inner\"><div class=\"w-separator size_small\"><\/div><h1 class=\"w-post-elm post_title us_custom_6df4bc3a has_text_color align_center entry-title color_link_inherit\">Projekt CEPS<\/h1><div class=\"w-separator size_small\"><\/div><\/div><\/div><\/div><\/div><\/section>\n<\/div><\/div><\/div><\/div><\/section><section class=\"l-section wpb_row height_medium\"><div class=\"l-section-h i-cf\"><div class=\"g-cols vc_row via_grid cols_1 laptops-cols_inherit tablets-cols_inherit mobiles-cols_1 valign_top type_default stacking_default\"><div class=\"wpb_column vc_column_container\"><div class=\"vc_column-inner\"><div class=\"g-cols wpb_row via_grid cols_2-1 laptops-cols_inherit tablets-cols_inherit mobiles-cols_1 valign_middle type_default stacking_default\"><div class=\"wpb_column vc_column_container\"><div class=\"vc_column-inner\"><h2 class=\"w-text\"><span url class=\"w-text-h\"><span class=\"w-text-value\">O n\u00e1s &#8211; o projekte CEPS<\/span><\/span><\/h2><div class=\"w-separator size_small\"><\/div><div class=\"wpb_text_column\"><div class=\"wpb_wrapper\"><p><strong>Pam\u00e4\u0165 Slovenska \u2013 n\u00e1rodn\u00e9 centrum excelentnosti v\u00fdskumu, ochrany a spr\u00edstup\u0148ovania kult\u00farneho a vedeck\u00e9ho dedi\u010dstva<\/strong>\u00a0(ITMS \u010d. 26220120061) je projekt \u0161pi\u010dkov\u00e9ho digitaliza\u010dn\u00e9ho centra, ktor\u00e9 je umiestnen\u00e9 v priestoroch\u00a0<a href=\"http:\/\/ukzu.uniza.sk\/\" target=\"_blank\" rel=\"noopener\">Univerzitnej kni\u017enice \u017dilinskej univerzity<\/a>. Centrum je vybaven\u00e9 najmodernej\u0161ou technol\u00f3giou, v\u010faka ktorej sa z neho st\u00e1va najkvalitnej\u0161ie pracovisko svojho druhu na Slovensku a vyrovn\u00e1 sa in\u00fdm eur\u00f3pskym centr\u00e1m excelentnosti. V centre pracuj\u00fa aj \u0161tudenti mediamatiky a kult\u00farneho dedi\u010dstva, \u010d\u00edm z\u00edskavaj\u00fa nielen jedine\u010dn\u00e9 sk\u00fasenosti pre prax, ale aj pre vedu a v\u00fdskum.<\/p>\n<\/div><\/div><div class=\"w-separator size_small\"><\/div><div class=\"w-btn-wrapper align_none\"><a class=\"w-btn us-btn-style_1 icon_atleft\" href=\"http:\/\/158.193.112.2\/web\/index.php\/veda-a-vyskum\/vyskumne-zazemie\/ceps\" target=\"_blank\"><i class=\"fas fa-arrow-right\"><\/i><span class=\"w-btn-label\">Viac inform\u00e1ci\u00ed o projekte CEPS<\/span><\/a><\/div><\/div><\/div><div class=\"wpb_column vc_column_container\"><div class=\"vc_column-inner\"><div class=\"w-iconbox us_custom_478a8313 iconpos_top style_default color_primary align_center\"><a href=\"http:\/\/www.fhv.uniza.sk\/kurzmed\/\" class=\"w-iconbox-link\" aria-label=\"Kontakt\" target=\"_blank\" rel=\"noopener\"><div class=\"w-iconbox-icon\" style=\"font-size:4rem;\"><i class=\"far fa-envelope\"><\/i><\/div><\/a><div class=\"w-iconbox-meta\"><a href=\"http:\/\/www.fhv.uniza.sk\/kurzmed\/\" class=\"w-iconbox-link\" aria-label=\"Kontakt\" target=\"_blank\" rel=\"noopener\"><h6 class=\"w-iconbox-title\">Kontakt<\/h6><\/a><div class=\"w-iconbox-text\"><p style=\"text-align: center;\">Mgr.\u00a0<strong>Veronika Murga\u0161ov\u00e1<\/strong>, PhD.<br \/>\nkancel\u00e1ria: AC315<br \/>\ntel.: +421 41 513 6353<br \/>\ne-mail:\u00a0<a href=\"mailto:veronika.murgasova@fhv.uniza.sk\">veronika.murgasova@fhv.uniza.sk<\/a><\/p>\n<\/div><\/div><\/div><\/div><\/div><\/div><\/div><\/div><\/div><\/div><\/section>\n","protected":false},"excerpt":{"rendered":"Projekt CEPS O n\u00e1s &#8211; o projekte CEPSPam\u00e4\u0165 Slovenska \u2013 n\u00e1rodn\u00e9 centrum excelentnosti v\u00fdskumu, ochrany a spr\u00edstup\u0148ovania kult\u00farneho a vedeck\u00e9ho dedi\u010dstva\u00a0(ITMS \u010d. 26220120061) je projekt \u0161pi\u010dkov\u00e9ho digitaliza\u010dn\u00e9ho centra, ktor\u00e9 je...","protected":false},"author":2,"featured_media":0,"parent":0,"menu_order":0,"comment_status":"closed","ping_status":"closed","template":"","meta":{"footnotes":""},"class_list":["post-643","page","type-page","status-publish","hentry"],"acf":[],"_links":{"self":[{"href":"https:\/\/kmkd.fhv.uniza.sk\/index.php?rest_route=\/wp\/v2\/pages\/643","targetHints":{"allow":["GET"]}}],"collection":[{"href":"https:\/\/kmkd.fhv.uniza.sk\/index.php?rest_route=\/wp\/v2\/pages"}],"about":[{"href":"https:\/\/kmkd.fhv.uniza.sk\/index.php?rest_route=\/wp\/v2\/types\/page"}],"author":[{"embeddable":true,"href":"https:\/\/kmkd.fhv.uniza.sk\/index.php?rest_route=\/wp\/v2\/users\/2"}],"replies":[{"embeddable":true,"href":"https:\/\/kmkd.fhv.uniza.sk\/index.php?rest_route=%2Fwp%2Fv2%2Fcomments&post=643"}],"version-history":[{"count":6,"href":"https:\/\/kmkd.fhv.uniza.sk\/index.php?rest_route=\/wp\/v2\/pages\/643\/revisions"}],"predecessor-version":[{"id":672,"href":"https:\/\/kmkd.fhv.uniza.sk\/index.php?rest_route=\/wp\/v2\/pages\/643\/revisions\/672"}],"wp:attachment":[{"href":"https:\/\/kmkd.fhv.uniza.sk\/index.php?rest_route=%2Fwp%2Fv2%2Fmedia&parent=643"}],"curies":[{"name":"wp","href":"https:\/\/api.w.org\/{rel}","templated":true}]}}