{"id":650,"date":"2023-02-09T22:02:29","date_gmt":"2023-02-09T21:02:29","guid":{"rendered":"https:\/\/zaverecne-prace.ucimesaweby.sk\/palfy\/?page_id=650"},"modified":"2023-02-09T22:02:29","modified_gmt":"2023-02-09T21:02:29","slug":"projekt-adamis","status":"publish","type":"page","link":"https:\/\/kmkd.fhv.uniza.sk\/?page_id=650","title":{"rendered":"Projekt ADAMIS"},"content":{"rendered":"<section class=\"l-section wpb_row height_auto width_full\"><div class=\"l-section-h i-cf\"><div class=\"g-cols vc_row via_grid cols_1 laptops-cols_inherit tablets-cols_inherit mobiles-cols_1 valign_top type_default stacking_default\"><div class=\"wpb_column vc_column_container\"><div class=\"vc_column-inner\"><section class=\"l-section wpb_row us_custom_d9f2040e height_medium width_full\"><div class=\"l-section-overlay\" style=\"background:rgba(0,0,0,0.25)\"><\/div><div class=\"l-section-h i-cf\"><div class=\"g-cols vc_row via_grid cols_1 laptops-cols_inherit tablets-cols_inherit mobiles-cols_1 valign_top type_default stacking_default\"><div class=\"wpb_column vc_column_container\"><div class=\"vc_column-inner\"><div class=\"w-separator size_small\"><\/div><h1 class=\"w-post-elm post_title us_custom_6df4bc3a has_text_color align_center entry-title color_link_inherit\">Projekt ADAMIS<\/h1><div class=\"w-separator size_small\"><\/div><\/div><\/div><\/div><\/div><\/section>\n<\/div><\/div><\/div><\/div><\/section><section class=\"l-section wpb_row height_medium\"><div class=\"l-section-h i-cf\"><div class=\"g-cols vc_row via_grid cols_1 laptops-cols_inherit tablets-cols_inherit mobiles-cols_1 valign_top type_default stacking_default\"><div class=\"wpb_column vc_column_container\"><div class=\"vc_column-inner\"><div class=\"g-cols wpb_row via_grid cols_2-1 laptops-cols_inherit tablets-cols_inherit mobiles-cols_1 valign_top type_default stacking_default\"><div class=\"wpb_column vc_column_container\"><div class=\"vc_column-inner\"><div class=\"wpb_text_column\"><div class=\"wpb_wrapper\"><h2>Adapt\u00e1cia \u0161tudijn\u00e9ho programu mediamatika a kult\u00farne dedi\u010dstvo na potreby vedomostnej spolo\u010dnosti (ADAMIS)<\/h2>\n<p>Pr\u00e1ca\u00a0<strong>s inform\u00e1ciami v sie\u0165ovom prostred\u00ed<\/strong>\u00a0patr\u00ed medzi hlavn\u00e9 priority s\u00fa\u010dasnej vedomostnej spolo\u010dnosti. Z tohto d\u00f4vodu sa v r\u00f4znych oblastiach spolo\u010dnosti jav\u00ed ako ve\u013emi potrebn\u00e9 nielen informatick\u00e9, ale aj mediamatick\u00e9 vzdelanie, ktor\u00fdm absolventi z\u00edskaj\u00fa\u00a0<strong>cel\u00fd rad mediamatick\u00fdch kompetenci\u00ed potrebn\u00fdch pre s\u00fa\u010dasn\u00fa prax<\/strong>. Snahou Katedry mediamatiky a kult\u00farneho dedi\u010dstva FHV \u017dU v \u017diline\u00a0<strong>je poskytova\u0165 vzdel\u00e1vanie, ktor\u00e9 akcentuje aktu\u00e1lne potreby neust\u00e1le sa vyv\u00edjaj\u00facej a meniacej spolo\u010dnosti<\/strong>\u00a0a odraz t\u00fdchto potrieb na trhu pr\u00e1ce.<\/p>\n<p>V r\u00e1mci diskusi\u00ed so z\u00e1stupcami podnikate\u013esk\u00e9ho sektora\u00a0<strong>boli identifikovan\u00e9 priestory v obsahu vzdel\u00e1vania, ako aj v profile absolventa<\/strong>, ktor\u00fdch inov\u00e1cia by prispela k tomu, aby boli absolventi e\u0161te lep\u0161ie pripraven\u00ed\u00a0<strong>na efekt\u00edvne fungovanie v digit\u00e1lnom informa\u010dnom priestore<\/strong>\u00a0a so z\u00edskan\u00fdmi kompetenciami boli konkurencie-schopn\u00ed aj na eur\u00f3pskom trhu pr\u00e1ce.<\/p>\n<p>Snaha odpoveda\u0165 na ot\u00e1zku, ako n\u00e1js\u0165 najefekt\u00edvnej\u0161ie mo\u017enosti a cesty naplnenia tejto amb\u00edcie, vyvrcholila v pr\u00edprave a realiz\u00e1cii projektu\u00a0<strong>Adapt\u00e1cia \u0161tudijn\u00e9ho programu mediamatika a kult\u00farne dedi\u010dstvo na potreby vedomostnej spolo\u010dnosti s akronymom<\/strong><\/p>\n<ul>\n<li>ADAMIS (ITMS: 26110230106 v r\u00e1mci OP Vzdel\u00e1vanie \u2013 Modern\u00e9 vzdel\u00e1vanie pre vedomostn\u00fa spolo\u010dnos\u0165\/Projekt je spolufinancovan\u00fd zo zdrojov E\u00da).<\/li>\n<\/ul>\n<ul>\n<li>Viac o projekte:<a href=\"http:\/\/adamis.uniza.sk\/\" target=\"_blank\" rel=\"noopener\">\u00a0adamis.uniza.sk<\/a><\/li>\n<\/ul>\n<\/div><\/div><\/div><\/div><div class=\"wpb_column vc_column_container\"><div class=\"vc_column-inner\"><div class=\"wpb_text_column\"><div class=\"wpb_wrapper\"><h3><strong>Projektov\u00e9 inform\u00e1cie<\/strong><\/h3>\n<p>Obdobie rie\u0161enia: 2013 \u2013 2015<\/p>\n<ul>\n<li>Spolufinancovan\u00e9 fondom: Eur\u00f3psky soci\u00e1lny fond<\/li>\n<li>Prioritn\u00e1 os: 1 Reforma syst\u00e9mu vzdel\u00e1vania a odbornej pr\u00edpravy<\/li>\n<li>Opatrenie: 1.2 Vysok\u00e9 \u0161koly a v\u00fdskum a v\u00fdvoj ako motory rozvoja vedomostnej spolo\u010dnosti<\/li>\n<li>Prij\u00edmate\u013e: \u017dilinsk\u00e1 univerzita v \u017diline<\/li>\n<li>Miesto realiz\u00e1cie projektu: Univerzitn\u00e1 8215\/1, 01026 \u017dilina<\/li>\n<li>Celkov\u00e9 opr\u00e1vnen\u00e9 v\u00fddavky projektu: 637 980,74 eur<\/li>\n<li>Nen\u00e1vratn\u00fd finan\u010dn\u00fd pr\u00edspevok: 606 081,70 eur<\/li>\n<li>Vlastn\u00e9 zdroje financovania projektu: 31 899,04 eur<\/li>\n<\/ul>\n<\/div><\/div><\/div><\/div><\/div><\/div><\/div><\/div><\/div><\/section><section class=\"l-section wpb_row us_custom_c70c97eb height_medium\"><div class=\"l-section-h i-cf\"><div class=\"g-cols vc_row via_grid cols_1 laptops-cols_inherit tablets-cols_inherit mobiles-cols_1 valign_middle type_default stacking_default\"><div class=\"wpb_column vc_column_container us_custom_2c45f91b\"><div class=\"vc_column-inner\"><h3 class=\"w-text us_custom_67ae2b60\"><span url class=\"w-text-h\"><span class=\"w-text-value\">Viac inform\u00e1ci\u00ed na str\u00e1nke adamis.webjet.sk<\/span><\/span><\/h3><div class=\"w-separator size_medium\"><\/div><div class=\"w-btn-wrapper align_center\"><a class=\"w-btn us-btn-style_1 us_custom_b4198c51\" href=\"http:\/\/adamis.webjet.sk\/\" target=\"_blank\" rel=\"noopener\"><span class=\"w-btn-label\">Zobrazi\u0165<\/span><\/a><\/div><div class=\"w-separator size_medium\"><\/div><div class=\"wpb_text_column us_custom_60c4e7eb has_text_color\"><div class=\"wpb_wrapper\"><p><i class=\"fas fa-key\"><\/i> <a style=\"color: #999999;\" href=\"https:\/\/vav.uniza.sk\/vevysun.php\" target=\"_blank\" rel=\"noopener\">Pr\u00edstup do informa\u010dn\u00e9ho syst\u00e9mu pre vedu a v\u00fdskum UNIZA<\/a><\/p>\n<\/div><\/div><\/div><\/div><\/div><\/div><\/section>\n","protected":false},"excerpt":{"rendered":"Projekt ADAMIS Adapt\u00e1cia \u0161tudijn\u00e9ho programu mediamatika a kult\u00farne dedi\u010dstvo na potreby vedomostnej spolo\u010dnosti (ADAMIS) Pr\u00e1ca\u00a0s inform\u00e1ciami v sie\u0165ovom prostred\u00ed\u00a0patr\u00ed medzi hlavn\u00e9 priority s\u00fa\u010dasnej vedomostnej spolo\u010dnosti. Z tohto d\u00f4vodu sa v...","protected":false},"author":2,"featured_media":0,"parent":0,"menu_order":0,"comment_status":"closed","ping_status":"closed","template":"","meta":{"footnotes":""},"class_list":["post-650","page","type-page","status-publish","hentry"],"acf":[],"_links":{"self":[{"href":"https:\/\/kmkd.fhv.uniza.sk\/index.php?rest_route=\/wp\/v2\/pages\/650","targetHints":{"allow":["GET"]}}],"collection":[{"href":"https:\/\/kmkd.fhv.uniza.sk\/index.php?rest_route=\/wp\/v2\/pages"}],"about":[{"href":"https:\/\/kmkd.fhv.uniza.sk\/index.php?rest_route=\/wp\/v2\/types\/page"}],"author":[{"embeddable":true,"href":"https:\/\/kmkd.fhv.uniza.sk\/index.php?rest_route=\/wp\/v2\/users\/2"}],"replies":[{"embeddable":true,"href":"https:\/\/kmkd.fhv.uniza.sk\/index.php?rest_route=%2Fwp%2Fv2%2Fcomments&post=650"}],"version-history":[{"count":12,"href":"https:\/\/kmkd.fhv.uniza.sk\/index.php?rest_route=\/wp\/v2\/pages\/650\/revisions"}],"predecessor-version":[{"id":662,"href":"https:\/\/kmkd.fhv.uniza.sk\/index.php?rest_route=\/wp\/v2\/pages\/650\/revisions\/662"}],"wp:attachment":[{"href":"https:\/\/kmkd.fhv.uniza.sk\/index.php?rest_route=%2Fwp%2Fv2%2Fmedia&parent=650"}],"curies":[{"name":"wp","href":"https:\/\/api.w.org\/{rel}","templated":true}]}}