{"id":697,"date":"2023-02-09T23:05:09","date_gmt":"2023-02-09T22:05:09","guid":{"rendered":"https:\/\/zaverecne-prace.ucimesaweby.sk\/palfy\/?page_id=697"},"modified":"2023-09-21T08:01:42","modified_gmt":"2023-09-21T06:01:42","slug":"katedrova-kniznica","status":"publish","type":"page","link":"https:\/\/kmkd.fhv.uniza.sk\/?page_id=697","title":{"rendered":"Katedrov\u00e1 kni\u017enica"},"content":{"rendered":"<section class=\"l-section wpb_row height_auto width_full\"><div class=\"l-section-h i-cf\"><div class=\"g-cols vc_row via_grid cols_1 laptops-cols_inherit tablets-cols_inherit mobiles-cols_1 valign_top type_default stacking_default\"><div class=\"wpb_column vc_column_container\"><div class=\"vc_column-inner\"><section class=\"l-section wpb_row us_custom_d9f2040e height_medium width_full\"><div class=\"l-section-overlay\" style=\"background:rgba(0,0,0,0.25)\"><\/div><div class=\"l-section-h i-cf\"><div class=\"g-cols vc_row via_grid cols_1 laptops-cols_inherit tablets-cols_inherit mobiles-cols_1 valign_top type_default stacking_default\"><div class=\"wpb_column vc_column_container\"><div class=\"vc_column-inner\"><div class=\"w-separator size_small\"><\/div><h1 class=\"w-post-elm post_title us_custom_6df4bc3a has_text_color align_center entry-title color_link_inherit\">Katedrov\u00e1 kni\u017enica<\/h1><div class=\"w-separator size_small\"><\/div><\/div><\/div><\/div><\/div><\/section>\n<\/div><\/div><\/div><\/div><\/section><section class=\"l-section wpb_row height_medium\"><div class=\"l-section-h i-cf\"><div class=\"g-cols vc_row via_grid cols_1 laptops-cols_inherit tablets-cols_inherit mobiles-cols_1 valign_top type_default stacking_default\"><div class=\"wpb_column vc_column_container\"><div class=\"vc_column-inner\"><h2 class=\"w-text us_custom_eb849559\"><span url class=\"w-text-h\"><span class=\"w-text-value\">Katedrov\u00e1 kni\u017enica &#8211; SG1<\/span><\/span><\/h2><div class=\"w-btn-wrapper align_center\"><a class=\"w-btn us-btn-style_1\" target=\"_blank\" href=\"https:\/\/fhvuniza-my.sharepoint.com\/:x:\/g\/personal\/jarmila_majerova_fhv_uniza_sk\/EYQzfWSuCm1IuzCMwX7UloQB2hoZZ-aS6r5bPMT3hdNWvA?e=vJsLU2\" rel=\"noopener\"><span class=\"w-btn-label\">Zobraz kni\u017enicu<\/span><\/a><\/div><div class=\"w-separator size_small\"><\/div><div class=\"wpb_text_column\"><div class=\"wpb_wrapper\"><p style=\"text-align: center;\">V na\u0161ej katedrovej kni\u017enici n\u00e1jdete mno\u017estvo zauj\u00edmav\u00fdch titulov z oblasti m\u00e9di\u00ed, grafick\u00e9ho dizajnu, vyh\u013ead\u00e1vania inform\u00e1ci\u00ed \u010di marketingu.<\/p>\n<\/div><\/div><div class=\"w-separator size_medium with_line width_default thick_1 style_solid color_border align_center\"><div class=\"w-separator-h\"><\/div><\/div><div class=\"g-cols wpb_row via_grid cols_2 laptops-cols_inherit tablets-cols_inherit mobiles-cols_1 valign_top type_default stacking_default\"><div class=\"wpb_column vc_column_container\"><div class=\"vc_column-inner\"><h3 class=\"w-text\"><span url class=\"w-text-h\"><span class=\"w-text-value\">Vypo\u017ei\u010danie titulu je mo\u017en\u00e9 len po registr\u00e1cii v UK UNIZA<\/span><\/span><\/h3><div class=\"wpb_text_column\"><div class=\"wpb_wrapper\"><p>Vyh\u013eadanie konkr\u00e9tneho titulu je mo\u017en\u00e9 aj cez katal\u00f3g\u00a0<a href=\"http:\/\/kniznica.uniza.sk\/opac?fn=resultform&amp;fs=CFE81AC12340424AB119B73D82D1E339\" target=\"_blank\" rel=\"noopener\">UK\u00a0<\/a>UNIZA cez \u010diastkov\u00fa kni\u017enicu kde vyberiete ozna\u010denie SG1.<\/p>\n<p><strong>Ako vyh\u013eada\u0165 tituly \u010diastkovej kni\u017enice KMKD?<\/strong><\/p>\n<ul>\n<li>prejdite na adresu\u00a0<a href=\"http:\/\/www.ukzu.uniza.sk\/\" target=\"_blank\" rel=\"noopener\">www.ukzu.uniza.sk<\/a><\/li>\n<li>pou\u017eite odkaz\u00a0<a title=\"\" href=\"http:\/\/ukzu.uniza.sk\/pocitadlo\/kniznica.uniza.sk\" target=\"_blank\" rel=\"noopener\">Elektronick\u00fd katal\u00f3g OPAC<\/a>\u00a0(druh\u00e1 polo\u017eka &#8211; oran\u017eov\u00e9 menu)<\/li>\n<li>zvo\u013ete roz\u0161\u00edren\u00e9 vyh\u013ead\u00e1vanie<\/li>\n<li>v \u010dasti \u010diastkov\u00e1 kni\u017enica zvo\u013ete\u00a0<strong><a href=\"http:\/\/www.stargate.sk\/sg1\/epizody\" target=\"_blank\" rel=\"noopener\">SG1<\/a>\u00a0&#8211; katedra mediamatiky &#8230;<\/strong><\/li>\n<li>stla\u010di\u0165 tla\u010didlo &#8222;H\u013eada\u0165&#8220;<\/li>\n<\/ul>\n<\/div><\/div><\/div><\/div><div class=\"wpb_column vc_column_container\"><div class=\"vc_column-inner\"><h3 class=\"w-text\"><span url class=\"w-text-h\"><span class=\"w-text-value\">Ako vyh\u013ead\u00e1va\u0165 v katedrovej kni\u017enici<\/span><\/span><\/h3><div class=\"w-image align_center\"><a ref=\"magnificPopup\" href=\"https:\/\/kmkd.fhv.uniza.sk\/wp-content\/uploads\/2023\/02\/katedrova_kniznica.png\" aria-label=\"Odkaz\" class=\"w-image-h\"><img decoding=\"async\" width=\"1242\" height=\"658\" src=\"https:\/\/kmkd.fhv.uniza.sk\/wp-content\/uploads\/2023\/02\/katedrova_kniznica.png\" class=\"attachment-full size-full\" alt=\"\" srcset=\"https:\/\/kmkd.fhv.uniza.sk\/wp-content\/uploads\/2023\/02\/katedrova_kniznica.png 1242w, https:\/\/kmkd.fhv.uniza.sk\/wp-content\/uploads\/2023\/02\/katedrova_kniznica-300x159.png 300w, https:\/\/kmkd.fhv.uniza.sk\/wp-content\/uploads\/2023\/02\/katedrova_kniznica-1024x543.png 1024w\" sizes=\"(max-width: 1242px) 100vw, 1242px\" \/><\/a><\/div><\/div><\/div><\/div><div class=\"w-separator size_medium\"><\/div><div class=\"g-cols wpb_row us_custom_707a31d0 via_grid cols_1 laptops-cols_inherit tablets-cols_inherit mobiles-cols_1 valign_top type_default stacking_default\"><div class=\"wpb_column vc_column_container\"><div class=\"vc_column-inner\"><div class=\"w-separator size_small\"><\/div><div class=\"wpb_text_column us_custom_e1be9e86\"><div class=\"wpb_wrapper\"><p class=\"sppb-addon-title\"><em>Katedrov\u00e1 kni\u017enica disponuje viac ako 1000 titulmi a okrem kni\u017en\u00fdch titulov m\u00e1 aj elektronick\u00e9 publik\u00e1cie.<br \/>\n<\/em><\/p>\n<\/div><\/div><div class=\"w-separator size_small\"><\/div><\/div><\/div><\/div><\/div><\/div><\/div><\/div><\/section><section class=\"l-section wpb_row us_custom_c70c97eb height_medium\"><div class=\"l-section-h i-cf\"><div class=\"g-cols vc_row via_grid cols_1 laptops-cols_inherit tablets-cols_inherit mobiles-cols_1 valign_top type_default stacking_default\"><div class=\"wpb_column vc_column_container\"><div class=\"vc_column-inner\"><h2 class=\"w-text us_custom_eb849559\"><span url class=\"w-text-h\"><span class=\"w-text-value\">Preh\u013eadn\u00fd zoznam na\u0161ej katedrovej kni\u017enice<\/span><\/span><\/h2><div class=\"w-separator size_medium\"><\/div><div class=\"g-cols wpb_row via_grid cols_3 laptops-cols_inherit tablets-cols_inherit mobiles-cols_1 valign_top type_default stacking_default\" style=\"grid-gap:1.5rem;\"><div class=\"wpb_column vc_column_container us_custom_0f088a09 has_text_color\"><div class=\"vc_column-inner\"><div class=\"w-iconbox iconpos_top style_default color_primary align_left no_text no_title\"><div class=\"w-iconbox-icon\" style=\"font-size:3rem;\"><i class=\"fad fa-icons\"><\/i><\/div><div class=\"w-iconbox-meta\"><\/div><\/div><div class=\"w-separator size_small\"><\/div><div class=\"wpb_text_column us_custom_81a92080\"><div class=\"wpb_wrapper\"><h3><span style=\"color: var(--color-content-primary);\">Oblas\u0165 marketingu a reklamy<\/span><\/h3>\n<ul>\n<li dir=\"ltr\">David Oglivy: O reklame<\/li>\n<li dir=\"ltr\">Seth Godin: Fialov\u00e1 kr\u00e1va \u2013 Marketing kone\u010dn\u011b jinak!<\/li>\n<li dir=\"ltr\">Pariser Eli: Filter Bubble<\/li>\n<li dir=\"ltr\">publik\u00e1cia kolekt\u00edvu autorov: Marketing o\u010dima svetov\u00fdch marketing mana\u017eeru<\/li>\n<\/ul>\n<\/div><\/div><\/div><\/div><div class=\"wpb_column vc_column_container us_custom_0f088a09 has_text_color\"><div class=\"vc_column-inner\"><div class=\"w-iconbox iconpos_top style_default color_primary align_left no_text no_title\"><div class=\"w-iconbox-icon\" style=\"font-size:3rem;\"><i class=\"fad fa-graduation-cap\"><\/i><\/div><div class=\"w-iconbox-meta\"><\/div><\/div><div class=\"w-separator size_small\"><\/div><div class=\"wpb_text_column us_custom_81a92080\"><div class=\"wpb_wrapper\"><h3><span style=\"color: var(--color-content-primary);\">Odborn\u00e9 publik\u00e1cie<br \/>\n<\/span><\/h3>\n<ul>\n<li dir=\"ltr\">Adobe Flash Catalyst CS5<\/li>\n<li dir=\"ltr\">Knuth, Donald E: Um\u011bn\u00ed programov\u00e1n\u00ed<\/li>\n<li dir=\"ltr\">Ambrose, Gavin \u2013 Harris, Paul: Grafick\u00fd design<\/li>\n<li dir=\"ltr\">Merville, Rosenfeld: Information architecture for WWW<\/li>\n<\/ul>\n<\/div><\/div><\/div><\/div><div class=\"wpb_column vc_column_container us_custom_0f088a09 has_text_color\"><div class=\"vc_column-inner\"><div class=\"w-iconbox iconpos_top style_default color_primary align_left no_text no_title\"><div class=\"w-iconbox-icon\" style=\"font-size:3rem;\"><i class=\"fad fa-photo-video\"><\/i><\/div><div class=\"w-iconbox-meta\"><\/div><\/div><div class=\"w-separator size_small\"><\/div><div class=\"wpb_text_column us_custom_81a92080\"><div class=\"wpb_wrapper\"><h3><span style=\"color: var(--color-content-primary);\">Obr\u00e1zkov\u00e9 publik\u00e1cie<\/span><\/h3>\n<ul>\n<li dir=\"ltr\">Dejiny v\u00fdtvarnej kult\u00fary 1 a\u017e 4<\/li>\n<li dir=\"ltr\">E. H. Gombrich: P\u0159\u00edb\u011bh um\u011bn\u00ed<\/li>\n<li dir=\"ltr\">Kolekt\u00edv autorov: Svetov\u00e9 dejiny um\u011bn\u00ed<\/li>\n<\/ul>\n<\/div><\/div><\/div><\/div><\/div><\/div><\/div><\/div><\/div><\/section><section class=\"l-section wpb_row height_medium\"><div class=\"l-section-h i-cf\"><div class=\"g-cols vc_row via_grid cols_1 laptops-cols_inherit tablets-cols_inherit mobiles-cols_1 valign_top type_default stacking_default\"><div class=\"wpb_column vc_column_container\"><div class=\"vc_column-inner\"><div class=\"g-cols wpb_row via_grid cols_1-2-1 laptops-cols_inherit tablets-cols_inherit mobiles-cols_1 valign_top type_default stacking_default\"><div class=\"wpb_column vc_column_container hide_on_tablets hide_on_mobiles\"><div class=\"vc_column-inner\"><\/div><\/div><div class=\"wpb_column vc_column_container\"><div class=\"vc_column-inner\"><div class=\"w-iconbox us_custom_ad0fe710 iconpos_top style_default color_primary align_center\"><div class=\"w-iconbox-icon\" style=\"font-size:3rem;\"><i class=\"far fa-envelope\"><\/i><\/div><div class=\"w-iconbox-meta\"><h4 class=\"w-iconbox-title\">Kontakn\u00e9 inform\u00e1cie<\/h4><div class=\"w-iconbox-text\"><p style=\"text-align: center;\"><strong>Spr\u00e1vca katedrovej kni\u017enice:<\/strong> Mgr. Jarmila Majerov\u00e1, PhD.<br \/>\n<strong>Telef\u00f3n:<\/strong> 041 513 6300<br \/>\n<strong>E-mail:<\/strong> <a href=\"mailto:jarmila.majerova@fhv.uniza.sk\">jarmila.majerova@fhv.uniza.sk<\/a><br \/>\n<strong>Kde:<\/strong> AC 318<br \/>\n<strong>Otv\u00e1racie hodiny:<\/strong> po dohode so spr\u00e1vcom KK<\/p>\n<\/div><\/div><\/div><\/div><\/div><div class=\"wpb_column vc_column_container hide_on_tablets hide_on_mobiles\"><div class=\"vc_column-inner\"><\/div><\/div><\/div><\/div><\/div><\/div><\/div><\/section>\n","protected":false},"excerpt":{"rendered":"Katedrov\u00e1 kni\u017enica Katedrov\u00e1 kni\u017enica &#8211; SG1Zobraz kni\u017enicuV na\u0161ej katedrovej kni\u017enici n\u00e1jdete mno\u017estvo zauj\u00edmav\u00fdch titulov z oblasti m\u00e9di\u00ed, grafick\u00e9ho dizajnu, vyh\u013ead\u00e1vania inform\u00e1ci\u00ed \u010di marketingu. Vypo\u017ei\u010danie titulu je mo\u017en\u00e9 len po registr\u00e1cii...","protected":false},"author":2,"featured_media":0,"parent":0,"menu_order":0,"comment_status":"closed","ping_status":"closed","template":"","meta":{"footnotes":""},"class_list":["post-697","page","type-page","status-publish","hentry"],"acf":[],"_links":{"self":[{"href":"https:\/\/kmkd.fhv.uniza.sk\/index.php?rest_route=\/wp\/v2\/pages\/697","targetHints":{"allow":["GET"]}}],"collection":[{"href":"https:\/\/kmkd.fhv.uniza.sk\/index.php?rest_route=\/wp\/v2\/pages"}],"about":[{"href":"https:\/\/kmkd.fhv.uniza.sk\/index.php?rest_route=\/wp\/v2\/types\/page"}],"author":[{"embeddable":true,"href":"https:\/\/kmkd.fhv.uniza.sk\/index.php?rest_route=\/wp\/v2\/users\/2"}],"replies":[{"embeddable":true,"href":"https:\/\/kmkd.fhv.uniza.sk\/index.php?rest_route=%2Fwp%2Fv2%2Fcomments&post=697"}],"version-history":[{"count":18,"href":"https:\/\/kmkd.fhv.uniza.sk\/index.php?rest_route=\/wp\/v2\/pages\/697\/revisions"}],"predecessor-version":[{"id":2415,"href":"https:\/\/kmkd.fhv.uniza.sk\/index.php?rest_route=\/wp\/v2\/pages\/697\/revisions\/2415"}],"wp:attachment":[{"href":"https:\/\/kmkd.fhv.uniza.sk\/index.php?rest_route=%2Fwp%2Fv2%2Fmedia&parent=697"}],"curies":[{"name":"wp","href":"https:\/\/api.w.org\/{rel}","templated":true}]}}