{"id":826,"date":"2023-02-13T22:33:00","date_gmt":"2023-02-13T21:33:00","guid":{"rendered":"https:\/\/zaverecne-prace.ucimesaweby.sk\/palfy\/?page_id=826"},"modified":"2024-09-11T09:58:21","modified_gmt":"2024-09-11T07:58:21","slug":"doktorandske-studium","status":"publish","type":"page","link":"https:\/\/kmkd.fhv.uniza.sk\/?page_id=826","title":{"rendered":"Doktorandsk\u00e9 \u0161t\u00fadium"},"content":{"rendered":"<section class=\"l-section wpb_row height_auto width_full\"><div class=\"l-section-h i-cf\"><div class=\"g-cols vc_row via_grid cols_1 laptops-cols_inherit tablets-cols_inherit mobiles-cols_1 valign_top type_default stacking_default\"><div class=\"wpb_column vc_column_container\"><div class=\"vc_column-inner\"><section class=\"l-section wpb_row us_custom_d9f2040e height_medium width_full\"><div class=\"l-section-overlay\" style=\"background:rgba(0,0,0,0.25)\"><\/div><div class=\"l-section-h i-cf\"><div class=\"g-cols vc_row via_grid cols_1 laptops-cols_inherit tablets-cols_inherit mobiles-cols_1 valign_top type_default stacking_default\"><div class=\"wpb_column vc_column_container\"><div class=\"vc_column-inner\"><div class=\"w-separator size_small\"><\/div><h1 class=\"w-post-elm post_title us_custom_6df4bc3a has_text_color align_center entry-title color_link_inherit\">Doktorandsk\u00e9 \u0161t\u00fadium<\/h1><div class=\"w-separator size_small\"><\/div><\/div><\/div><\/div><\/div><\/section>\n<\/div><\/div><\/div><\/div><\/section><section class=\"l-section wpb_row height_medium\"><div class=\"l-section-h i-cf\"><div class=\"g-cols vc_row via_grid cols_1 laptops-cols_inherit tablets-cols_2 mobiles-cols_1 valign_top type_default stacking_default\" style=\"grid-gap:30px;\"><div class=\"wpb_column vc_column_container\"><div class=\"vc_column-inner\"><div class=\"g-cols wpb_row us_custom_707a31d0 via_grid cols_1 laptops-cols_inherit tablets-cols_inherit mobiles-cols_1 valign_top type_default stacking_default\"><div class=\"wpb_column vc_column_container\"><div class=\"vc_column-inner\"><div class=\"w-separator size_small\"><\/div><div class=\"wpb_text_column us_custom_e1be9e86\"><div class=\"wpb_wrapper\"><p class=\"sppb-addon-title\"><em>&#8222;\u0160t\u00fadium na z\u00edskanie poznatkov zalo\u017een\u00fdch na s\u00fa\u010dasnom stave vedeck\u00e9ho poznania a najm\u00e4 na vlastnom pr\u00edspevku \u0161tudenta k tomuto poznaniu, ktor\u00fd je v\u00fdsledkom vedeck\u00e9ho b\u00e1dania a samostatnej tvorivej \u010dinnosti.&#8220;<\/em><\/p>\n<\/div><\/div><div class=\"w-separator size_small\"><\/div><\/div><\/div><\/div><div class=\"w-separator size_medium\"><\/div><div class=\"g-cols wpb_row via_grid cols_2-1 laptops-cols_inherit tablets-cols_inherit mobiles-cols_1 valign_middle type_default stacking_default\"><div class=\"wpb_column vc_column_container\"><div class=\"vc_column-inner\"><div class=\"wpb_text_column\"><div class=\"wpb_wrapper\"><p>Absolvent doktorandsk\u00e9ho stup\u0148a \u0161t\u00fadia\u00a0<strong>je pripravovan\u00fd pre oblas\u0165 z\u00e1kladn\u00e9ho a aplikovan\u00e9ho v\u00fdskumu v sektore m\u00e9di\u00ed, kult\u00fary, kreat\u00edvneho priemyslu alebo v akademickom sektore.<\/strong>\u00a0Jeho \u0161tudijn\u00fd pl\u00e1n je odrazom aktu\u00e1lnych a predpokladan\u00fdch bud\u00facich potrieb vy\u0161\u0161ie uveden\u00fdch sektorov, zamestn\u00e1vate\u013eov v dotknutej oblasti, pri\u010dom z\u00edskan\u00e9 vedomosti, zru\u010dnosti a kompetencie odr\u00e1\u017eaj\u00fa stav aktu\u00e1lneho poznania v oblasti metodol\u00f3gie odboru a s\u00fa z\u00e1kladom pre inov\u00e1cie a originalitu v praxi, v\u00fdvoji a v\u00fdskume.\u00a0<strong>\u00a0Rozumie obsahu a cie\u013eom medi\u00e1lnej a marketingovej komunik\u00e1cie v prepojen\u00ed na oblas\u0165 kult\u00farneho dedi\u010dstva a kreat\u00edvneho priemyslu, a to aj v modernom digit\u00e1lnom priestore. Disponuje nad\u0161tandardnou vedomos\u0165ou a sk\u00fasenos\u0165ou z oblasti anal\u00fdzy, projektovania a spravovania informa\u010dn\u00fdch, medi\u00e1lnych obsahov rozli\u010dnej povahy v digit\u00e1lnom prostred\u00ed v \u0161t\u00e1tnom, verejnom a s\u00fakromnom sektore.\u00a0 V zmysle eur\u00f3pskej strat\u00e9gie pre kult\u00faru a v r\u00e1mci posil\u0148ovania n\u00e1rodnej i eur\u00f3pskej identity dok\u00e1\u017ee informova\u0165 a prezentova\u0165 t\u00e9my, anal\u00fdzy a rie\u0161enia s\u00favisiace s podporou ochrany a propag\u00e1cie kult\u00farneho dedi\u010dstva. M\u00e1 hlbok\u00e9 vedomosti o princ\u00edpoch riadenia odborn\u00fdch \u010dinnost\u00ed v medi\u00e1lnych, kult\u00farnych a pam\u00e4\u0165ov\u00fdch informa\u010dn\u00fdch in\u0161tit\u00faci\u00e1ch aj v kontexte ich bud\u00facej digit\u00e1lnej transform\u00e1cie, platnej legislat\u00edvy a projektov\u00e9ho riadenia.<\/strong><\/p>\n<p>Profil absolventa umo\u017e\u0148uje flexibiln\u00e9 prisp\u00f4sobenie sa absolventa dynamicky sa meniacim o\u010dak\u00e1vaniam a potreb\u00e1m relevantn\u00fdch sektorov (aj s akcentom na tzv. povolania bud\u00facnosti), ako aj akademick\u00e9mu prostrediu.<\/p>\n<\/div><\/div><\/div><\/div><div class=\"wpb_column vc_column_container us_custom_29798a92 has_bg_color\"><div class=\"vc_column-inner\"><\/div><\/div><\/div><\/div><\/div><\/div><\/div><\/section><section class=\"l-section wpb_row us_custom_c70c97eb height_medium\"><div class=\"l-section-h i-cf\"><div class=\"g-cols vc_row via_grid cols_1 laptops-cols_inherit tablets-cols_inherit mobiles-cols_1 valign_top type_default stacking_default\"><div class=\"wpb_column vc_column_container\"><div class=\"vc_column-inner\"><div class=\"g-cols wpb_row via_grid cols_2 laptops-cols_inherit tablets-cols_inherit mobiles-cols_1 valign_top type_default stacking_default\"><div class=\"wpb_column vc_column_container\"><div class=\"vc_column-inner\"><div class=\"w-iconbox us_custom_9caf2b62 iconpos_top style_default color_primary align_left\"><a href=\"https:\/\/kmkd.fhv.uniza.sk\/?page_id=499\" class=\"w-iconbox-link\" aria-label=\"Prij\u00edmacie konanie\"><div class=\"w-iconbox-icon\" style=\"font-size:3rem;\"><i class=\"fal fa-handshake\"><\/i><\/div><\/a><div class=\"w-iconbox-meta\"><a href=\"https:\/\/kmkd.fhv.uniza.sk\/?page_id=499\" class=\"w-iconbox-link\" aria-label=\"Prij\u00edmacie konanie\"><h6 class=\"w-iconbox-title\">Prij\u00edmacie konanie<\/h6><\/a><div class=\"w-iconbox-text\"><p class=\"sppb-addon-title sppb-feature-box-title\">Oznam o prij\u00edmacom konan\u00ed PHD 2025<\/p>\n<\/div><\/div><\/div><\/div><\/div><div class=\"wpb_column vc_column_container\"><div class=\"vc_column-inner\"><div class=\"w-iconbox us_custom_9caf2b62 iconpos_top style_default color_primary align_left\"><a href=\"https:\/\/kmkd.fhv.uniza.sk\/?page_id=499\" class=\"w-iconbox-link\" aria-label=\"Prihl\u00e1\u0161ka\"><div class=\"w-iconbox-icon\" style=\"font-size:3rem;\"><i class=\"fal fa-table\"><\/i><\/div><\/a><div class=\"w-iconbox-meta\"><a href=\"https:\/\/kmkd.fhv.uniza.sk\/?page_id=499\" class=\"w-iconbox-link\" aria-label=\"Prihl\u00e1\u0161ka\"><h6 class=\"w-iconbox-title\">Prihl\u00e1\u0161ka<\/h6><\/a><div class=\"w-iconbox-text\"><p class=\"sppb-addon-title sppb-feature-box-title\">T\u00e9my dizerta\u010dn\u00fdch pr\u00e1c 2024\/2025<\/p>\n<\/div><\/div><\/div><\/div><\/div><\/div><div class=\"w-separator size_medium\"><\/div><div class=\"g-cols wpb_row via_grid cols_3 laptops-cols_inherit tablets-cols_inherit mobiles-cols_1 valign_top type_default stacking_default\"><div class=\"wpb_column vc_column_container\"><div class=\"vc_column-inner\"><div class=\"w-iconbox us_custom_9caf2b62 iconpos_top style_default color_primary align_left\"><a href=\"https:\/\/kmkd.fhv.uniza.sk\/?page_id=499#prijimacie-konanie\" class=\"w-iconbox-link\" aria-label=\"Inform\u00e1cie\"><div class=\"w-iconbox-icon\" style=\"font-size:3rem;\"><i class=\"fal fa-info-circle\"><\/i><\/div><\/a><div class=\"w-iconbox-meta\"><a href=\"https:\/\/kmkd.fhv.uniza.sk\/?page_id=499#prijimacie-konanie\" class=\"w-iconbox-link\" aria-label=\"Inform\u00e1cie\"><h6 class=\"w-iconbox-title\">Inform\u00e1cie<\/h6><\/a><div class=\"w-iconbox-text\"><p class=\"sppb-addon-title sppb-feature-box-title\">Podrobn\u00e9 inform\u00e1cie o mo\u017enostiach \u0161t\u00fadia na FHV UNIZA v akademickom roku 2024\/2025<\/p>\n<\/div><\/div><\/div><\/div><\/div><div class=\"wpb_column vc_column_container\"><div class=\"vc_column-inner\"><div class=\"w-iconbox us_custom_9caf2b62 iconpos_top style_default color_primary align_left\"><a href=\"https:\/\/kmkd.fhv.uniza.sk\/?page_id=499#elektronicka-prihlaska\" class=\"w-iconbox-link\" aria-label=\"Prihl\u00e1\u0161ka\"><div class=\"w-iconbox-icon\" style=\"font-size:3rem;\"><i class=\"fal fa-file-check\"><\/i><\/div><\/a><div class=\"w-iconbox-meta\"><a href=\"https:\/\/kmkd.fhv.uniza.sk\/?page_id=499#elektronicka-prihlaska\" class=\"w-iconbox-link\" aria-label=\"Prihl\u00e1\u0161ka\"><h6 class=\"w-iconbox-title\">Prihl\u00e1\u0161ka<\/h6><\/a><div class=\"w-iconbox-text\"><p class=\"sppb-addon-title sppb-feature-box-title\">Elektronick\u00e1 prihl\u00e1\u0161ka na \u0161t\u00fadium na \u017dilinskej univerzite v \u017diline<\/p>\n<\/div><\/div><\/div><\/div><\/div><div class=\"wpb_column vc_column_container\"><div class=\"vc_column-inner\"><div class=\"w-iconbox us_custom_9caf2b62 iconpos_top style_default color_primary align_left\"><a href=\"https:\/\/kmkd.fhv.uniza.sk\/?page_id=499#prijimacie-konanie\" class=\"w-iconbox-link\" aria-label=\"Poriadok\"><div class=\"w-iconbox-icon\" style=\"font-size:3rem;\"><i class=\"fal fa-user-lock\"><\/i><\/div><\/a><div class=\"w-iconbox-meta\"><a href=\"https:\/\/kmkd.fhv.uniza.sk\/?page_id=499#prijimacie-konanie\" class=\"w-iconbox-link\" aria-label=\"Poriadok\"><h6 class=\"w-iconbox-title\">Poriadok<\/h6><\/a><div class=\"w-iconbox-text\"><p class=\"sppb-addon-title sppb-feature-box-title\">\u0160tudijn\u00fd poriadok pre prv\u00fd a druh\u00fd vysoko\u0161kolsk\u00e9ho stup\u0148a<\/p>\n<\/div><\/div><\/div><\/div><\/div><\/div><\/div><\/div><\/div><\/div><\/section>\n","protected":false},"excerpt":{"rendered":"Doktorandsk\u00e9 \u0161t\u00fadium &#8222;\u0160t\u00fadium na z\u00edskanie poznatkov zalo\u017een\u00fdch na s\u00fa\u010dasnom stave vedeck\u00e9ho poznania a najm\u00e4 na vlastnom pr\u00edspevku \u0161tudenta k tomuto poznaniu, ktor\u00fd je v\u00fdsledkom vedeck\u00e9ho b\u00e1dania a samostatnej tvorivej \u010dinnosti.&#8220;...","protected":false},"author":2,"featured_media":0,"parent":0,"menu_order":0,"comment_status":"closed","ping_status":"closed","template":"","meta":{"footnotes":""},"class_list":["post-826","page","type-page","status-publish","hentry"],"acf":[],"_links":{"self":[{"href":"https:\/\/kmkd.fhv.uniza.sk\/index.php?rest_route=\/wp\/v2\/pages\/826","targetHints":{"allow":["GET"]}}],"collection":[{"href":"https:\/\/kmkd.fhv.uniza.sk\/index.php?rest_route=\/wp\/v2\/pages"}],"about":[{"href":"https:\/\/kmkd.fhv.uniza.sk\/index.php?rest_route=\/wp\/v2\/types\/page"}],"author":[{"embeddable":true,"href":"https:\/\/kmkd.fhv.uniza.sk\/index.php?rest_route=\/wp\/v2\/users\/2"}],"replies":[{"embeddable":true,"href":"https:\/\/kmkd.fhv.uniza.sk\/index.php?rest_route=%2Fwp%2Fv2%2Fcomments&post=826"}],"version-history":[{"count":15,"href":"https:\/\/kmkd.fhv.uniza.sk\/index.php?rest_route=\/wp\/v2\/pages\/826\/revisions"}],"predecessor-version":[{"id":2639,"href":"https:\/\/kmkd.fhv.uniza.sk\/index.php?rest_route=\/wp\/v2\/pages\/826\/revisions\/2639"}],"wp:attachment":[{"href":"https:\/\/kmkd.fhv.uniza.sk\/index.php?rest_route=%2Fwp%2Fv2%2Fmedia&parent=826"}],"curies":[{"name":"wp","href":"https:\/\/api.w.org\/{rel}","templated":true}]}}