{"id":839,"date":"2023-02-13T22:50:21","date_gmt":"2023-02-13T21:50:21","guid":{"rendered":"https:\/\/zaverecne-prace.ucimesaweby.sk\/palfy\/?page_id=839"},"modified":"2024-09-11T09:52:02","modified_gmt":"2024-09-11T07:52:02","slug":"externe-studium","status":"publish","type":"page","link":"https:\/\/kmkd.fhv.uniza.sk\/?page_id=839","title":{"rendered":"Extern\u00e9 \u0161t\u00fadium"},"content":{"rendered":"<section class=\"l-section wpb_row height_auto width_full\"><div class=\"l-section-h i-cf\"><div class=\"g-cols vc_row via_grid cols_1 laptops-cols_inherit tablets-cols_inherit mobiles-cols_1 valign_top type_default stacking_default\"><div class=\"wpb_column vc_column_container\"><div class=\"vc_column-inner\"><section class=\"l-section wpb_row us_custom_d9f2040e height_medium width_full\"><div class=\"l-section-overlay\" style=\"background:rgba(0,0,0,0.25)\"><\/div><div class=\"l-section-h i-cf\"><div class=\"g-cols vc_row via_grid cols_1 laptops-cols_inherit tablets-cols_inherit mobiles-cols_1 valign_top type_default stacking_default\"><div class=\"wpb_column vc_column_container\"><div class=\"vc_column-inner\"><div class=\"w-separator size_small\"><\/div><h1 class=\"w-post-elm post_title us_custom_6df4bc3a has_text_color align_center entry-title color_link_inherit\">Extern\u00e9 \u0161t\u00fadium<\/h1><div class=\"w-separator size_small\"><\/div><\/div><\/div><\/div><\/div><\/section>\n<\/div><\/div><\/div><\/div><\/section><section class=\"l-section wpb_row height_medium\"><div class=\"l-section-h i-cf\"><div class=\"g-cols vc_row via_grid cols_1 laptops-cols_inherit tablets-cols_2 mobiles-cols_1 valign_top type_default stacking_default\" style=\"grid-gap:30px;\"><div class=\"wpb_column vc_column_container\"><div class=\"vc_column-inner\"><h2 class=\"w-text us_custom_eb849559\"><span url class=\"w-text-h\"><span class=\"w-text-value\">U n\u00e1s m\u00f4\u017eete \u0161tudova\u0165 externou formou:<\/span><\/span><\/h2><div class=\"w-separator size_medium\"><\/div><div class=\"g-cols wpb_row via_grid cols_3 laptops-cols_inherit tablets-cols_inherit mobiles-cols_1 valign_top type_default stacking_default\"><div class=\"wpb_column vc_column_container\"><div class=\"vc_column-inner\"><div class=\"w-iconbox us_custom_9caf2b62 iconpos_top style_default color_primary align_center\"><a title=\"Bakal\u00e1rske \u0161t\u00fadium\" href=\"https:\/\/kmkd.fhv.uniza.sk\/?page_id=749\" class=\"w-iconbox-link\" aria-label=\"Bakal\u00e1rske \u0161t\u00fadium\"><div class=\"w-iconbox-icon\" style=\"font-size:3rem;\"><i class=\"fal fa-users-class\"><\/i><\/div><\/a><div class=\"w-iconbox-meta\"><a title=\"Bakal\u00e1rske \u0161t\u00fadium\" href=\"https:\/\/kmkd.fhv.uniza.sk\/?page_id=749\" class=\"w-iconbox-link\" aria-label=\"Bakal\u00e1rske \u0161t\u00fadium\"><h6 class=\"w-iconbox-title\">Bakal\u00e1rske \u0161t\u00fadium<\/h6><\/a><div class=\"w-iconbox-text\"><p class=\"sppb-addon-title sppb-feature-box-title\">Ktor\u00e9 je\u00a0<strong>zameran\u00e9 na \u0161t\u00fadium z\u00e1kladn\u00fdch teoretick\u00fdch v\u00fdchod\u00edsk kni\u017eni\u010dno-informa\u010dnej vedy a medialno komunika\u010dn\u00fdch \u0161t\u00fadi\u00ed a ich aplik\u00e1ciu do praxe<\/strong>.<\/p>\n<\/div><\/div><\/div><\/div><\/div><div class=\"wpb_column vc_column_container\"><div class=\"vc_column-inner\"><div class=\"w-iconbox us_custom_9caf2b62 iconpos_top style_default color_primary align_center\"><a title=\"Magistersk\u00e9 \u0161t\u00fadium\" href=\"https:\/\/kmkd.fhv.uniza.sk\/?page_id=800\" class=\"w-iconbox-link\" aria-label=\"Magistersk\u00e9 \u0161t\u00fadium\"><div class=\"w-iconbox-icon\" style=\"font-size:3rem;\"><i class=\"fal fa-user-graduate\"><\/i><\/div><\/a><div class=\"w-iconbox-meta\"><a title=\"Magistersk\u00e9 \u0161t\u00fadium\" href=\"https:\/\/kmkd.fhv.uniza.sk\/?page_id=800\" class=\"w-iconbox-link\" aria-label=\"Magistersk\u00e9 \u0161t\u00fadium\"><h6 class=\"w-iconbox-title\">Magistersk\u00e9 \u0161t\u00fadium<\/h6><\/a><div class=\"w-iconbox-text\"><p class=\"sppb-addon-title sppb-feature-box-title\">Ktor\u00e9\u00a0\u00a0je zameran\u00e9 na \u0161t\u00fadium\u00a0<strong>nov\u00fdch foriem komunik\u00e1cie\u00a0(predov\u0161etk\u00fdm elektronickej)\u00a0s d\u00f4razom na tvorbu mediamatick\u00fdch inform\u00e1ci\u00ed a pr\u00e1cu s nimi<\/strong>.<\/p>\n<\/div><\/div><\/div><\/div><\/div><div class=\"wpb_column vc_column_container\"><div class=\"vc_column-inner\"><div class=\"w-iconbox us_custom_9caf2b62 iconpos_top style_default color_primary align_center\"><a title=\"Doktorandsk\u00e9 \u0161t\u00fadium\" href=\"https:\/\/kmkd.fhv.uniza.sk\/?page_id=826\" class=\"w-iconbox-link\" aria-label=\"Doktorandsk\u00e9 \u0161t\u00fadium\"><div class=\"w-iconbox-icon\" style=\"font-size:3rem;\"><i class=\"fal fa-university\"><\/i><\/div><\/a><div class=\"w-iconbox-meta\"><a title=\"Doktorandsk\u00e9 \u0161t\u00fadium\" href=\"https:\/\/kmkd.fhv.uniza.sk\/?page_id=826\" class=\"w-iconbox-link\" aria-label=\"Doktorandsk\u00e9 \u0161t\u00fadium\"><h6 class=\"w-iconbox-title\">Doktorandsk\u00e9 \u0161t\u00fadium<\/h6><\/a><div class=\"w-iconbox-text\"><p class=\"sppb-addon-title sppb-feature-box-title\">Ktor\u00e9 je zameran\u00e9\u00a0<strong>na z\u00edskanie poznatkov zalo\u017een\u00fdch na s\u00fa\u010dasnom stave vedeck\u00e9ho poznania<\/strong>\u00a0a najm\u00e4 na<strong>\u00a0vlastnom pr\u00edspevku \u0161tudenta k tomuto poznaniu.<\/strong><\/p>\n<\/div><\/div><\/div><\/div><\/div><\/div><\/div><\/div><\/div><\/div><\/section><section class=\"l-section wpb_row us_custom_c70c97eb height_medium\"><div class=\"l-section-h i-cf\"><div class=\"g-cols vc_row via_grid cols_1 laptops-cols_inherit tablets-cols_2 mobiles-cols_1 valign_top type_default stacking_default\" style=\"grid-gap:30px;\"><div class=\"wpb_column vc_column_container\"><div class=\"vc_column-inner\"><h3 class=\"w-text us_custom_eb849559\"><span url class=\"w-text-h\"><span class=\"w-text-value\">Mo\u017enosti ako \u0161tudova\u0165 na katedre mediamatiky a kult\u00farneho dedi\u010dstva<\/span><\/span><\/h3><div class=\"w-separator size_medium\"><\/div><div class=\"g-cols wpb_row via_grid cols_3 laptops-cols_inherit tablets-cols_inherit mobiles-cols_1 valign_top type_default stacking_default\" style=\"grid-gap:calc(3rem + 1rem);\"><div class=\"wpb_column vc_column_container us_custom_5c093bd4 has_bg_color\"><div class=\"vc_column-inner\"><div class=\"w-iconbox iconpos_top style_default color_primary align_center no_text no_title\"><div class=\"w-iconbox-icon\" style=\"font-size:3rem;\"><i class=\"far fa-info-circle\"><\/i><\/div><div class=\"w-iconbox-meta\"><\/div><\/div><div class=\"w-separator size_medium\"><\/div><div class=\"wpb_text_column\"><div class=\"wpb_wrapper\"><h3 style=\"text-align: center;\">Info o mo\u017enostiach<br \/>\nBakal\u00e1rskeho \u0161t\u00fadia<\/h3>\n<\/div><\/div><div class=\"w-separator size_medium\"><\/div><div class=\"w-btn-wrapper align_center\"><a class=\"w-btn us-btn-style_1\" href=\"https:\/\/fhv.uniza.sk\/web\/_dokumenty\/inf_prihl2425.pdf\" target=\"_blank\" rel=\"noopener\"><span class=\"w-btn-label\">Zobrazi\u0165 podrobnosti<\/span><\/a><\/div><\/div><\/div><div class=\"wpb_column vc_column_container us_custom_5c093bd4 has_bg_color\"><div class=\"vc_column-inner\"><div class=\"w-iconbox iconpos_top style_default color_primary align_center no_text no_title\"><div class=\"w-iconbox-icon\" style=\"font-size:3rem;\"><i class=\"far fa-info-circle\"><\/i><\/div><div class=\"w-iconbox-meta\"><\/div><\/div><div class=\"w-separator size_medium\"><\/div><div class=\"wpb_text_column\"><div class=\"wpb_wrapper\"><h3 style=\"text-align: center;\">Info o mo\u017enostiach<br \/>\nMagistersk\u00e9ho \u0161t\u00fadia<\/h3>\n<\/div><\/div><div class=\"w-separator size_medium\"><\/div><div class=\"w-btn-wrapper align_center\"><a class=\"w-btn us-btn-style_1\" href=\"https:\/\/fhv.uniza.sk\/web\/_dokumenty\/inf_prihl2425.pdf\" target=\"_blank\" rel=\"noopener\"><span class=\"w-btn-label\">Zobrazi\u0165 podrobnosti<\/span><\/a><\/div><\/div><\/div><div class=\"wpb_column vc_column_container us_custom_5c093bd4 has_bg_color\"><div class=\"vc_column-inner\"><div class=\"w-iconbox iconpos_top style_default color_primary align_center no_text no_title\"><div class=\"w-iconbox-icon\" style=\"font-size:3rem;\"><i class=\"far fa-info-circle\"><\/i><\/div><div class=\"w-iconbox-meta\"><\/div><\/div><div class=\"w-separator size_medium\"><\/div><div class=\"wpb_text_column\"><div class=\"wpb_wrapper\"><h3 style=\"text-align: center;\">Info o mo\u017enostiach<br \/>\nDokotorandsk\u00e9ho \u0161t\u00fadia<\/h3>\n<\/div><\/div><div class=\"w-separator size_medium\"><\/div><div class=\"w-btn-wrapper align_center\"><a class=\"w-btn us-btn-style_1\" href=\"https:\/\/fhv.uniza.sk\/web\/_dokumenty\/inf_prihl2425.pdf\" target=\"_blank\" rel=\"noopener\"><span class=\"w-btn-label\">Zobrazi\u0165 podrobnosti<\/span><\/a><\/div><\/div><\/div><\/div><\/div><\/div><\/div><\/div><\/section>\n","protected":false},"excerpt":{"rendered":"Extern\u00e9 \u0161t\u00fadium U n\u00e1s m\u00f4\u017eete \u0161tudova\u0165 externou formou:Bakal\u00e1rske \u0161t\u00fadiumKtor\u00e9 je\u00a0zameran\u00e9 na \u0161t\u00fadium z\u00e1kladn\u00fdch teoretick\u00fdch v\u00fdchod\u00edsk kni\u017eni\u010dno-informa\u010dnej vedy a medialno komunika\u010dn\u00fdch \u0161t\u00fadi\u00ed a ich aplik\u00e1ciu do praxe. Magistersk\u00e9 \u0161t\u00fadiumKtor\u00e9\u00a0\u00a0je zameran\u00e9 na...","protected":false},"author":2,"featured_media":0,"parent":0,"menu_order":0,"comment_status":"closed","ping_status":"closed","template":"","meta":{"footnotes":""},"class_list":["post-839","page","type-page","status-publish","hentry"],"acf":[],"_links":{"self":[{"href":"https:\/\/kmkd.fhv.uniza.sk\/index.php?rest_route=\/wp\/v2\/pages\/839","targetHints":{"allow":["GET"]}}],"collection":[{"href":"https:\/\/kmkd.fhv.uniza.sk\/index.php?rest_route=\/wp\/v2\/pages"}],"about":[{"href":"https:\/\/kmkd.fhv.uniza.sk\/index.php?rest_route=\/wp\/v2\/types\/page"}],"author":[{"embeddable":true,"href":"https:\/\/kmkd.fhv.uniza.sk\/index.php?rest_route=\/wp\/v2\/users\/2"}],"replies":[{"embeddable":true,"href":"https:\/\/kmkd.fhv.uniza.sk\/index.php?rest_route=%2Fwp%2Fv2%2Fcomments&post=839"}],"version-history":[{"count":9,"href":"https:\/\/kmkd.fhv.uniza.sk\/index.php?rest_route=\/wp\/v2\/pages\/839\/revisions"}],"predecessor-version":[{"id":2636,"href":"https:\/\/kmkd.fhv.uniza.sk\/index.php?rest_route=\/wp\/v2\/pages\/839\/revisions\/2636"}],"wp:attachment":[{"href":"https:\/\/kmkd.fhv.uniza.sk\/index.php?rest_route=%2Fwp%2Fv2%2Fmedia&parent=839"}],"curies":[{"name":"wp","href":"https:\/\/api.w.org\/{rel}","templated":true}]}}