{"id":936,"date":"2023-02-18T22:25:13","date_gmt":"2023-02-18T21:25:13","guid":{"rendered":"https:\/\/zaverecne-prace.ucimesaweby.sk\/palfy\/?page_id=936"},"modified":"2023-02-18T22:27:07","modified_gmt":"2023-02-18T21:27:07","slug":"moznosti-dopravy","status":"publish","type":"page","link":"https:\/\/kmkd.fhv.uniza.sk\/?page_id=936","title":{"rendered":"Mo\u017enosti dopravy"},"content":{"rendered":"<section class=\"l-section wpb_row height_auto width_full\"><div class=\"l-section-h i-cf\"><div class=\"g-cols vc_row via_grid cols_1 laptops-cols_inherit tablets-cols_inherit mobiles-cols_1 valign_top type_default stacking_default\"><div class=\"wpb_column vc_column_container\"><div class=\"vc_column-inner\"><section class=\"l-section wpb_row us_custom_d9f2040e height_medium width_full\"><div class=\"l-section-overlay\" style=\"background:rgba(0,0,0,0.25)\"><\/div><div class=\"l-section-h i-cf\"><div class=\"g-cols vc_row via_grid cols_1 laptops-cols_inherit tablets-cols_inherit mobiles-cols_1 valign_top type_default stacking_default\"><div class=\"wpb_column vc_column_container\"><div class=\"vc_column-inner\"><div class=\"w-separator size_small\"><\/div><h1 class=\"w-post-elm post_title us_custom_6df4bc3a has_text_color align_center entry-title color_link_inherit\">Mo\u017enosti dopravy<\/h1><div class=\"w-separator size_small\"><\/div><\/div><\/div><\/div><\/div><\/section>\n<\/div><\/div><\/div><\/div><\/section><section class=\"l-section wpb_row height_medium\"><div class=\"l-section-h i-cf\"><div class=\"g-cols vc_row via_grid cols_1 laptops-cols_inherit tablets-cols_inherit mobiles-cols_1 valign_top type_default stacking_default\"><div class=\"wpb_column vc_column_container\"><div class=\"vc_column-inner\"><div class=\"g-cols wpb_row via_grid cols_1 laptops-cols_inherit tablets-cols_inherit mobiles-cols_1 valign_top type_default stacking_default\"><div class=\"wpb_column vc_column_container\"><div class=\"vc_column-inner\"><h2 class=\"w-text us_custom_eb849559\"><span url class=\"w-text-h\"><span class=\"w-text-value\">Sp\u00f4sob dopravy<\/span><\/span><\/h2><\/div><\/div><\/div><div class=\"w-separator size_medium\"><\/div><div class=\"g-cols wpb_row via_grid cols_2 laptops-cols_inherit tablets-cols_inherit mobiles-cols_1 valign_middle type_default stacking_default\"><div class=\"wpb_column vc_column_container\"><div class=\"vc_column-inner\"><div class=\"w-tabs style_default switch_click accordion remove_indents\" style=\"--sections-title-size:1.2rem\"><div class=\"w-tabs-sections titles-align_none icon_chevron cpos_right\"><div class=\"w-tabs-section active\" id=\"fa21\"><button class=\"w-tabs-section-header active\" aria-controls=\"content-fa21\" aria-expanded=\"true\"><h6 class=\"w-tabs-section-title\">Pe\u0161o<\/h6><div class=\"w-tabs-section-control\"><\/div><\/button><div  class=\"w-tabs-section-content\" id=\"content-fa21\"><div class=\"w-tabs-section-content-h i-cf\"><div class=\"wpb_text_column\"><div class=\"wpb_wrapper\"><p>Odpor\u00fa\u010dame, aby \u0161tudenti i zamestnanci chodili pe\u0161o. Je to ide\u00e1lny sp\u00f4sob, ako zlep\u0161i\u0165 nielen kond\u00edciu, ale urobi\u0165 aj nie\u010do pre zdravie. Po\u010det krokov si m\u00f4\u017eete aj po\u010d\u00edta\u0165 a na konci d\u0148a ich porovna\u0165, napr\u00edklad za pomoci mobiln\u00fdch aplik\u00e1ci\u00ed dostupn\u00fdch na App Store,\u00a0<a href=\"https:\/\/play.google.com\/store\" target=\"_blank\" rel=\"noopener\">Google play\u00a0<i class=\"fa fa-informatic\"><\/i><\/a>\u00a0, \u010di\u00a0<a href=\"https:\/\/www.microsoft.com\/sk-sk\/store\/apps\/windows-phone\" target=\"_blank\" rel=\"noopener\">Windows Obchode\u00a0<i class=\"fa fa-informatic\"><\/i><\/a>\u00a0.<\/p>\n<\/div><\/div><\/div><\/div><\/div><div class=\"w-tabs-section\" id=\"bb20\"><button class=\"w-tabs-section-header\" aria-controls=\"content-bb20\" aria-expanded=\"false\"><h6 class=\"w-tabs-section-title\">Bicykel<\/h6><div class=\"w-tabs-section-control\"><\/div><\/button><div  class=\"w-tabs-section-content\" id=\"content-bb20\"><div class=\"w-tabs-section-content-h i-cf\"><div class=\"wpb_text_column\"><div class=\"wpb_wrapper\"><p>Dopravu bicyklom, skateboardom, kolobe\u017ekou, kolieskov\u00fdmi kor\u010du\u013eami a in\u00fdmi alternat\u00edvnymi sp\u00f4sobmi dopravy rovnako odpor\u00fa\u010dame. V \u017diline n\u00e1jdete 120 zdie\u013ean\u00fdch bicyklov BikeKIA rozmiestnen\u00fdch na 20 v\u00fdpo\u017ei\u010dn\u00fdch miestach (vr\u00e1tane univerzity a intern\u00e1tov). Sta\u010d\u00ed si len vybra\u0165 na mape stan\u00edc svoje v\u00fdpo\u017ei\u010dn\u00e9 miesto a<a href=\"https:\/\/www.youtube.com\/watch?time_continue=1&amp;v=ASkPZNed-rg\" target=\"_blank\" rel=\"noopener\">\u00a0po\u017ei\u010da\u0165 bicykel<\/a>. Pre vyu\u017eite bikesharing si nain\u0161talujte aplik\u00e1ciu, ktor\u00e1 je dostupn\u00e1 na\u00a0<a href=\"https:\/\/itunes.apple.com\/sk\/app\/bikekia\/id1442104170?l=sk&amp;mt=8\" target=\"_blank\" rel=\"noopener\">App Store<\/a><a href=\"http:\/\/www.cp.sk\/\" target=\"_blank\" rel=\"noopener\">\u00a0<i class=\"fa fa-informatic\"><\/i><\/a>\u00a0\u00a0\u010di\u00a0<a href=\"https:\/\/play.google.com\/store\/apps\/details?id=net.nextbike.arrivakia\" target=\"_blank\" rel=\"noopener\">Google play<\/a><a href=\"http:\/\/www.cp.sk\/\" target=\"_blank\" rel=\"noopener\">\u00a0<i class=\"fa fa-informatic\"><\/i><\/a>\u00a0a pohodlne sa dopravte na \u017dilinsk\u00fa univerzitu v \u017diline.<\/p>\n<\/div><\/div><\/div><\/div><\/div><div class=\"w-tabs-section\" id=\"tbef\"><button class=\"w-tabs-section-header\" aria-controls=\"content-tbef\" aria-expanded=\"false\"><h6 class=\"w-tabs-section-title\">Auto<\/h6><div class=\"w-tabs-section-control\"><\/div><\/button><div  class=\"w-tabs-section-content\" id=\"content-tbef\"><div class=\"w-tabs-section-content-h i-cf\"><div class=\"wpb_text_column\"><div class=\"wpb_wrapper\"><p>Ak je nutn\u00e9 cestova\u0165 autom, odpor\u00fa\u010dame zvoli\u0165 maxim\u00e1lnu obsadenos\u0165 miest v aute a optimalizova\u0165 trasy. Vyu\u017eite aplik\u00e1cie pre najr\u00fdchlej\u0161ie trasy a n\u00e1jdenie spolucestuj\u00facich dostupn\u00e9 na App Store,\u00a0<a href=\"https:\/\/play.google.com\/store\" target=\"_blank\" rel=\"noopener\">Google play\u00a0<i class=\"fa fa-informatic\"><\/i><\/a>\u00a0,\u00a0<a href=\"https:\/\/www.microsoft.com\/sk-sk\/store\/apps\/windows-phone\" target=\"_blank\" rel=\"noopener\">Windows Obchode\u00a0<i class=\"fa fa-informatic\"><\/i><\/a>\u00a0,\u00a0<a href=\"http:\/\/www.facebook.com\/\" target=\"_blank\" rel=\"noopener\">Facebooku\u00a0<i class=\"fa fa-informatic\"><\/i><\/a>\u00a0a in\u00e9.<\/p>\n<\/div><\/div><\/div><\/div><\/div><div class=\"w-tabs-section\" id=\"dceb\"><button class=\"w-tabs-section-header\" aria-controls=\"content-dceb\" aria-expanded=\"false\"><h6 class=\"w-tabs-section-title\">Mestsk\u00e1 hromadn\u00e1 doprava<\/h6><div class=\"w-tabs-section-control\"><\/div><\/button><div  class=\"w-tabs-section-content\" id=\"content-dceb\"><div class=\"w-tabs-section-content-h i-cf\"><div class=\"wpb_text_column\"><div class=\"wpb_wrapper\"><p>Pl\u00e1n liniek mestskej hromadnej dopravy v \u017diline je dostupn\u00fd na\u00a0<a href=\"http:\/\/www.dpmz.sk\/\" target=\"_blank\" rel=\"noopener\">http:\/\/www.dpmz.sk\/<\/a>\u00a0. Najbli\u017e\u0161ou zast\u00e1vkou od Ubytovacieho zariadenia Ve\u013ek\u00fd diel je \u201eIntern\u00e1tna\u201c dostupn\u00e1 linkou \u010d.30; pribli\u017ene 10 min\u00fat pe\u0161o od ubytovacieho zariadenia sa nach\u00e1dza z\u00e1stavka \u201eObchodn\u00e1\u201c, cez ktor\u00fa prem\u00e1vaj\u00fa linky MHD \u010d. 1, 4, 5, 6, 7, 14, 20 a no\u010dn\u00fd spoj \u010d. 50. Najbli\u017e\u0161ou z\u00e1stavkou od Ubytovacieho zariadenia Hliny je \u201eMostn\u00e1\u201c, cez ktor\u00fa prem\u00e1vaj\u00fa linky MHD \u010d. 1, 4, 5, 7, 14, 20 a no\u010dn\u00fd spoj \u010d. 50.<\/p>\n<\/div><\/div><\/div><\/div><\/div><div class=\"w-tabs-section\" id=\"ydb4\"><button class=\"w-tabs-section-header\" aria-controls=\"content-ydb4\" aria-expanded=\"false\"><h6 class=\"w-tabs-section-title\">Medzimestsk\u00e1 hromadn\u00e1 doprava<\/h6><div class=\"w-tabs-section-control\"><\/div><\/button><div  class=\"w-tabs-section-content\" id=\"content-ydb4\"><div class=\"w-tabs-section-content-h i-cf\"><div class=\"wpb_text_column\"><div class=\"wpb_wrapper\"><p>Inform\u00e1cie o odchodoch pr\u00edmestskej hromadnej dopravy sa dozviete na str\u00e1nke\u00a0<a href=\"http:\/\/www.sadza.sk\/cestovne-poriadky-primestska-doprava\/\" target=\"_blank\" rel=\"noopener\">SAD \u017dilina\u00a0<i class=\"fa fa-informatic\"><\/i><\/a>\u00a0\u00a0a inform\u00e1cie o odchodoch medzimestskej hromadnej dopravy s\u00fa dostupn\u00e9 na str\u00e1nke\u00a0<a href=\"http:\/\/www.cp.sk\/\" target=\"_blank\" rel=\"noopener\">cestovn\u00fdch poriadkov\u00a0<i class=\"fa fa-informatic\"><\/i><\/a>\u00a0.<\/p>\n<\/div><\/div><\/div><\/div><\/div><div class=\"w-tabs-section\" id=\"qe83\"><button class=\"w-tabs-section-header\" aria-controls=\"content-qe83\" aria-expanded=\"false\"><h6 class=\"w-tabs-section-title\">Vlaky<\/h6><div class=\"w-tabs-section-control\"><\/div><\/button><div  class=\"w-tabs-section-content\" id=\"content-qe83\"><div class=\"w-tabs-section-content-h i-cf\"><div class=\"wpb_text_column\"><div class=\"wpb_wrapper\"><p>Inform\u00e1cie o odchodoch vlakov sa dozviete bu\u010f na str\u00e1nke\u00a0<a href=\"http:\/\/www.zssk.sk\/\" target=\"_blank\" rel=\"noopener\">\u017delezn\u00edc SR\u00a0<i class=\"fa fa-informatic\"><\/i><\/a>\u00a0, alebo na str\u00e1nke\u00a0<a href=\"http:\/\/www.cp.sk\/\" target=\"_blank\" rel=\"noopener\">cestovn\u00fdch poriadkov\u00a0<i class=\"fa fa-informatic\"><\/i><\/a>\u00a0.<\/p>\n<\/div><\/div><\/div><\/div><\/div><\/div><\/div><\/div><\/div><div class=\"wpb_column vc_column_container\"><div class=\"vc_column-inner\"><div class=\"w-grid type_carousel layout_947\" id=\"us_grid_1\" style=\"--gap:0.5rem;\"><style>.layout_947 .w-grid-item-h{}<\/style><div class=\"w-grid-list owl-carousel navstyle_circle navpos_inside with_dots\" style=\"--arrows-size:1rem;\">\t<article class=\"w-grid-item post-944 attachment type-attachment status-inherit hentry\" data-id=\"944\">\r\n\t\t<div class=\"w-grid-item-h\">\r\n\t\t\t\t\t\t<div class=\"w-post-elm post_image usg_post_image_1 has_ratio\"><div style=\"padding-bottom:75%\"><\/div><img decoding=\"async\" width=\"2560\" height=\"1706\" src=\"https:\/\/kmkd.fhv.uniza.sk\/wp-content\/uploads\/2023\/02\/doprava-peso-scaled.jpg\" class=\"attachment-full size-full\" alt=\"\" srcset=\"https:\/\/kmkd.fhv.uniza.sk\/wp-content\/uploads\/2023\/02\/doprava-peso-scaled.jpg 2560w, https:\/\/kmkd.fhv.uniza.sk\/wp-content\/uploads\/2023\/02\/doprava-peso-300x200.jpg 300w, https:\/\/kmkd.fhv.uniza.sk\/wp-content\/uploads\/2023\/02\/doprava-peso-1024x683.jpg 1024w\" sizes=\"(max-width: 2560px) 100vw, 2560px\" \/><\/div>\t\t<\/div>\r\n\t<\/article>\r\n\t<article class=\"w-grid-item post-942 attachment type-attachment status-inherit hentry\" data-id=\"942\">\r\n\t\t<div class=\"w-grid-item-h\">\r\n\t\t\t\t\t\t<div class=\"w-post-elm post_image usg_post_image_1 has_ratio\"><div style=\"padding-bottom:75%\"><\/div><img decoding=\"async\" width=\"2560\" height=\"1701\" src=\"https:\/\/kmkd.fhv.uniza.sk\/wp-content\/uploads\/2023\/02\/doprava-bicykel-scaled.jpg\" class=\"attachment-full size-full\" alt=\"\" srcset=\"https:\/\/kmkd.fhv.uniza.sk\/wp-content\/uploads\/2023\/02\/doprava-bicykel-scaled.jpg 2560w, https:\/\/kmkd.fhv.uniza.sk\/wp-content\/uploads\/2023\/02\/doprava-bicykel-300x199.jpg 300w, https:\/\/kmkd.fhv.uniza.sk\/wp-content\/uploads\/2023\/02\/doprava-bicykel-1024x680.jpg 1024w\" sizes=\"(max-width: 2560px) 100vw, 2560px\" \/><\/div>\t\t<\/div>\r\n\t<\/article>\r\n\t<article class=\"w-grid-item post-941 attachment type-attachment status-inherit hentry\" data-id=\"941\">\r\n\t\t<div class=\"w-grid-item-h\">\r\n\t\t\t\t\t\t<div class=\"w-post-elm post_image usg_post_image_1 has_ratio\"><div style=\"padding-bottom:75%\"><\/div><img decoding=\"async\" width=\"2560\" height=\"1761\" src=\"https:\/\/kmkd.fhv.uniza.sk\/wp-content\/uploads\/2023\/02\/doprava-auto-scaled.jpg\" class=\"attachment-full size-full\" alt=\"\" srcset=\"https:\/\/kmkd.fhv.uniza.sk\/wp-content\/uploads\/2023\/02\/doprava-auto-scaled.jpg 2560w, https:\/\/kmkd.fhv.uniza.sk\/wp-content\/uploads\/2023\/02\/doprava-auto-300x206.jpg 300w, https:\/\/kmkd.fhv.uniza.sk\/wp-content\/uploads\/2023\/02\/doprava-auto-1024x705.jpg 1024w\" sizes=\"(max-width: 2560px) 100vw, 2560px\" \/><\/div>\t\t<\/div>\r\n\t<\/article>\r\n\t<article class=\"w-grid-item post-943 attachment type-attachment status-inherit hentry\" data-id=\"943\">\r\n\t\t<div class=\"w-grid-item-h\">\r\n\t\t\t\t\t\t<div class=\"w-post-elm post_image usg_post_image_1 has_ratio\"><div style=\"padding-bottom:75%\"><\/div><img decoding=\"async\" width=\"1676\" height=\"1118\" src=\"https:\/\/kmkd.fhv.uniza.sk\/wp-content\/uploads\/2023\/02\/doprava-mhd.jpg\" class=\"attachment-full size-full\" alt=\"\" srcset=\"https:\/\/kmkd.fhv.uniza.sk\/wp-content\/uploads\/2023\/02\/doprava-mhd.jpg 1676w, https:\/\/kmkd.fhv.uniza.sk\/wp-content\/uploads\/2023\/02\/doprava-mhd-300x200.jpg 300w, https:\/\/kmkd.fhv.uniza.sk\/wp-content\/uploads\/2023\/02\/doprava-mhd-1024x683.jpg 1024w\" sizes=\"(max-width: 1676px) 100vw, 1676px\" \/><\/div>\t\t<\/div>\r\n\t<\/article>\r\n\t<article class=\"w-grid-item post-945 attachment type-attachment status-inherit hentry\" data-id=\"945\">\r\n\t\t<div class=\"w-grid-item-h\">\r\n\t\t\t\t\t\t<div class=\"w-post-elm post_image usg_post_image_1 has_ratio\"><div style=\"padding-bottom:75%\"><\/div><img decoding=\"async\" width=\"676\" height=\"451\" src=\"https:\/\/kmkd.fhv.uniza.sk\/wp-content\/uploads\/2023\/02\/doprava-sad.jpg\" class=\"attachment-full size-full\" alt=\"\" srcset=\"https:\/\/kmkd.fhv.uniza.sk\/wp-content\/uploads\/2023\/02\/doprava-sad.jpg 676w, https:\/\/kmkd.fhv.uniza.sk\/wp-content\/uploads\/2023\/02\/doprava-sad-300x200.jpg 300w\" sizes=\"(max-width: 676px) 100vw, 676px\" \/><\/div>\t\t<\/div>\r\n\t<\/article>\r\n\t<article class=\"w-grid-item post-946 attachment type-attachment status-inherit hentry\" data-id=\"946\">\r\n\t\t<div class=\"w-grid-item-h\">\r\n\t\t\t\t\t\t<div class=\"w-post-elm post_image usg_post_image_1 has_ratio\"><div style=\"padding-bottom:75%\"><\/div><img decoding=\"async\" width=\"1920\" height=\"1200\" src=\"https:\/\/kmkd.fhv.uniza.sk\/wp-content\/uploads\/2023\/02\/doprava-zssk.jpg\" class=\"attachment-full size-full\" alt=\"\" srcset=\"https:\/\/kmkd.fhv.uniza.sk\/wp-content\/uploads\/2023\/02\/doprava-zssk.jpg 1920w, https:\/\/kmkd.fhv.uniza.sk\/wp-content\/uploads\/2023\/02\/doprava-zssk-300x188.jpg 300w, https:\/\/kmkd.fhv.uniza.sk\/wp-content\/uploads\/2023\/02\/doprava-zssk-1024x640.jpg 1024w\" sizes=\"(max-width: 1920px) 100vw, 1920px\" \/><\/div>\t\t<\/div>\r\n\t<\/article>\r\n<\/div><div class=\"g-preloader type_4\">\r\n\t<div><\/div>\r\n<\/div>\r\n\t<div class=\"w-grid-json hidden\" onclick='return {&quot;action&quot;:&quot;us_ajax_grid&quot;,&quot;ajax_url&quot;:&quot;https:\\\/\\\/kmkd.fhv.uniza.sk\\\/wp-admin\\\/admin-ajax.php&quot;,&quot;infinite_scroll&quot;:0,&quot;max_num_pages&quot;:1,&quot;pagination&quot;:&quot;none&quot;,&quot;permalink_url&quot;:&quot;https:\\\/\\\/kmkd.fhv.uniza.sk&quot;,&quot;template_vars&quot;:{&quot;columns&quot;:&quot;1&quot;,&quot;exclude_items&quot;:&quot;none&quot;,&quot;img_size&quot;:&quot;default&quot;,&quot;ignore_items_size&quot;:0,&quot;items_layout&quot;:&quot;947&quot;,&quot;items_offset&quot;:&quot;1&quot;,&quot;load_animation&quot;:&quot;none&quot;,&quot;overriding_link&quot;:&quot;{\\&quot;url\\&quot;:\\&quot;\\&quot;}&quot;,&quot;post_id&quot;:0,&quot;query_args&quot;:{&quot;post_type&quot;:[&quot;attachment&quot;],&quot;post__in&quot;:[&quot;944&quot;,&quot;942&quot;,&quot;941&quot;,&quot;943&quot;,&quot;945&quot;,&quot;946&quot;],&quot;post_status&quot;:&quot;inherit&quot;,&quot;post_mime_type&quot;:&quot;image&quot;,&quot;posts_per_page&quot;:&quot;10&quot;},&quot;orderby_query_args&quot;:{&quot;orderby&quot;:{&quot;post__in&quot;:&quot;ASC&quot;},&quot;order&quot;:&quot;ASC&quot;},&quot;type&quot;:&quot;carousel&quot;,&quot;us_grid_ajax_index&quot;:1,&quot;us_grid_filter_params&quot;:null,&quot;us_grid_index&quot;:1,&quot;_us_grid_post_type&quot;:&quot;attachment&quot;,&quot;page_args&quot;:[]},&quot;carousel_settings&quot;:{&quot;autoHeight&quot;:0,&quot;autoplay&quot;:1,&quot;carousel_fade&quot;:0,&quot;center&quot;:0,&quot;dots&quot;:1,&quot;items&quot;:&quot;1&quot;,&quot;loop&quot;:true,&quot;nav&quot;:1,&quot;slideby&quot;:&quot;1&quot;,&quot;smooth_play&quot;:0,&quot;speed&quot;:1000,&quot;timeout&quot;:5000,&quot;transition&quot;:&quot;&quot;,&quot;aria_labels&quot;:{&quot;prev&quot;:&quot;Predch\\u00e1dzaj\\u00face&quot;,&quot;next&quot;:&quot;\\u010ealej&quot;}},&quot;carousel_breakpoints&quot;:{&quot;0&quot;:{&quot;autoHeight&quot;:0,&quot;autoplay&quot;:1,&quot;autoplayHoverPause&quot;:1,&quot;items&quot;:1,&quot;loop&quot;:true,&quot;stagePadding&quot;:0},&quot;601&quot;:{&quot;autoHeight&quot;:0,&quot;autoplay&quot;:1,&quot;autoplayHoverPause&quot;:1,&quot;items&quot;:&quot;1&quot;,&quot;loop&quot;:true,&quot;stagePadding&quot;:0},&quot;1025&quot;:{&quot;autoHeight&quot;:0,&quot;autoplay&quot;:1,&quot;autoplayHoverPause&quot;:1,&quot;items&quot;:&quot;1&quot;,&quot;loop&quot;:true,&quot;stagePadding&quot;:0},&quot;1281&quot;:{&quot;items&quot;:1,&quot;stagePadding&quot;:0}}}'><\/div>\r\n\t<\/div><\/div><\/div><\/div><\/div><\/div><\/div><\/div><\/section>\n","protected":false},"excerpt":{"rendered":"","protected":false},"author":2,"featured_media":0,"parent":0,"menu_order":0,"comment_status":"closed","ping_status":"closed","template":"","meta":{"footnotes":""},"class_list":["post-936","page","type-page","status-publish","hentry"],"acf":[],"_links":{"self":[{"href":"https:\/\/kmkd.fhv.uniza.sk\/index.php?rest_route=\/wp\/v2\/pages\/936","targetHints":{"allow":["GET"]}}],"collection":[{"href":"https:\/\/kmkd.fhv.uniza.sk\/index.php?rest_route=\/wp\/v2\/pages"}],"about":[{"href":"https:\/\/kmkd.fhv.uniza.sk\/index.php?rest_route=\/wp\/v2\/types\/page"}],"author":[{"embeddable":true,"href":"https:\/\/kmkd.fhv.uniza.sk\/index.php?rest_route=\/wp\/v2\/users\/2"}],"replies":[{"embeddable":true,"href":"https:\/\/kmkd.fhv.uniza.sk\/index.php?rest_route=%2Fwp%2Fv2%2Fcomments&post=936"}],"version-history":[{"count":10,"href":"https:\/\/kmkd.fhv.uniza.sk\/index.php?rest_route=\/wp\/v2\/pages\/936\/revisions"}],"predecessor-version":[{"id":953,"href":"https:\/\/kmkd.fhv.uniza.sk\/index.php?rest_route=\/wp\/v2\/pages\/936\/revisions\/953"}],"wp:attachment":[{"href":"https:\/\/kmkd.fhv.uniza.sk\/index.php?rest_route=%2Fwp%2Fv2%2Fmedia&parent=936"}],"curies":[{"name":"wp","href":"https:\/\/api.w.org\/{rel}","templated":true}]}}