{"id":99,"date":"2022-08-28T23:30:42","date_gmt":"2022-08-28T21:30:42","guid":{"rendered":"https:\/\/zaverecne-prace.ucimesaweby.sk\/palfy\/?page_id=99"},"modified":"2023-05-08T11:13:16","modified_gmt":"2023-05-08T09:13:16","slug":"profil-katedry","status":"publish","type":"page","link":"https:\/\/kmkd.fhv.uniza.sk\/?page_id=99","title":{"rendered":"Profil katedry"},"content":{"rendered":"<section class=\"l-section wpb_row height_auto width_full\"><div class=\"l-section-h i-cf\"><div class=\"g-cols vc_row via_grid cols_1 laptops-cols_inherit tablets-cols_inherit mobiles-cols_1 valign_top type_default stacking_default\"><div class=\"wpb_column vc_column_container\"><div class=\"vc_column-inner\"><section class=\"l-section wpb_row us_custom_d9f2040e height_medium width_full\"><div class=\"l-section-overlay\" style=\"background:rgba(0,0,0,0.25)\"><\/div><div class=\"l-section-h i-cf\"><div class=\"g-cols vc_row via_grid cols_1 laptops-cols_inherit tablets-cols_inherit mobiles-cols_1 valign_top type_default stacking_default\"><div class=\"wpb_column vc_column_container\"><div class=\"vc_column-inner\"><div class=\"w-separator size_small\"><\/div><h1 class=\"w-post-elm post_title us_custom_6df4bc3a has_text_color align_center entry-title color_link_inherit\">Profil katedry<\/h1><div class=\"w-separator size_small\"><\/div><\/div><\/div><\/div><\/div><\/section>\n<\/div><\/div><\/div><\/div><\/section><section class=\"l-section wpb_row height_medium\"><div class=\"l-section-h i-cf\"><div class=\"g-cols vc_row via_grid cols_1 laptops-cols_inherit tablets-cols_inherit mobiles-cols_1 valign_top type_default stacking_default\"><div class=\"wpb_column vc_column_container\"><div class=\"vc_column-inner\"><div class=\"g-cols wpb_row via_grid cols_2 laptops-cols_inherit tablets-cols_inherit mobiles-cols_1 valign_middle type_default stacking_default\"><div class=\"wpb_column vc_column_container\"><div class=\"vc_column-inner\"><h2 class=\"w-text\"><span url class=\"w-text-h\"><span class=\"w-text-value\">O mediamatike a kult\u00farnom dedi\u010dstve<\/span><\/span><\/h2><div class=\"wpb_text_column\"><div class=\"wpb_wrapper\"><p><strong>Katedra mediamatiky a\u00a0kult\u00farneho dedi\u010dstva<\/strong>\u00a0patr\u00ed dlhodobo k\u00a0najatrakt\u00edvnej\u0161\u00edm pracovisk\u00e1m Fakulty humanitn\u00fdch vied \u017dilinskej univerzity v\u00a0\u017diline (FHV). Za 15 rokov svojho fungovania\u00a0<strong>vychovala stovky informa\u010dn\u00fdch \u0161pecialistov<\/strong>, ktor\u00ed sa uplat\u0148uj\u00fa v\u0161ade tam,\u00a0<strong>kde je inform\u00e1cia pov\u00fd\u0161en\u00e1 na k\u013e\u00fa\u010dov\u00fd tovar<\/strong>\u00a0a\u00a0<strong>dobre riaden\u00fd informa\u010dn\u00fd obsah za k\u013e\u00fa\u010d k \u00faspechu<\/strong>. Na\u0161i absolventi p\u00f4sobia ako odborn\u00ed pracovn\u00edci alebo poradcovia pre oblas\u0165 vyu\u017eitia masm\u00e9di\u00ed a\u00a0nov\u00fdch komunika\u010dn\u00fdch m\u00e9di\u00ed v\u00a0kni\u017eniciach, informa\u010dn\u00fdch \u010di osvetov\u00fdch stredisk\u00e1ch,\u00a0reklamn\u00fdch agent\u00farach, ako aj podnikate\u013eskej sf\u00e9re. Vyu\u017e\u00edvaj\u00fa pri tom poznatky z\u00a0kni\u017eni\u010dno-informa\u010dnej vedy, nov\u00fdch m\u00e9di\u00ed, m\u00e9di\u00ed, grafick\u00e9ho dizajnu, fotografie, mana\u017ementu, marketingu a kult\u00farneho dedi\u010dstva.<\/p>\n<p><strong>Po \u00faspe\u0161nej akredit\u00e1cii v\u0161etk\u00fdch troch stup\u0148ov \u0161t\u00fadia<\/strong>\u00a0otv\u00e1ra katedra svoje dvere pre v\u0161etk\u00fdch mlad\u00fdch \u013eud\u00ed, ktor\u00ed chc\u00fa pozna\u0165\u00a0<strong>najnov\u0161ie trendy vo svete inform\u00e1ci\u00ed<\/strong>, neboja sa dok\u00e1za\u0165, \u017ee patria k\u00a0najlep\u0161\u00edm a vedia, \u017ee spojenie humanity a\u00a0techniky m\u00e1 bud\u00facnos\u0165.<\/p>\n<\/div><\/div><\/div><\/div><div class=\"wpb_column vc_column_container\"><div class=\"vc_column-inner\"><div class=\"w-image align_center\"><div url class=\"w-image-h\"><img decoding=\"async\" width=\"1080\" height=\"720\" src=\"https:\/\/kmkd.fhv.uniza.sk\/wp-content\/uploads\/2023\/02\/phoca_thumb_l_9r.jpg\" class=\"attachment-full size-full\" alt=\"\" srcset=\"https:\/\/kmkd.fhv.uniza.sk\/wp-content\/uploads\/2023\/02\/phoca_thumb_l_9r.jpg 1080w, https:\/\/kmkd.fhv.uniza.sk\/wp-content\/uploads\/2023\/02\/phoca_thumb_l_9r-300x200.jpg 300w, https:\/\/kmkd.fhv.uniza.sk\/wp-content\/uploads\/2023\/02\/phoca_thumb_l_9r-1024x683.jpg 1024w\" sizes=\"(max-width: 1080px) 100vw, 1080px\" \/><\/div><\/div><\/div><\/div><\/div><div class=\"w-separator size_huge\"><\/div><div class=\"g-cols wpb_row via_grid cols_2 laptops-cols_inherit tablets-cols_inherit mobiles-cols_1 valign_middle type_default reversed stacking_default\"><div class=\"wpb_column vc_column_container\"><div class=\"vc_column-inner\"><div class=\"w-image align_center\"><div url class=\"w-image-h\"><img decoding=\"async\" width=\"961\" height=\"720\" src=\"https:\/\/kmkd.fhv.uniza.sk\/wp-content\/uploads\/2023\/02\/phoca_thumb_l_1627557115712.jpg\" class=\"attachment-full size-full\" alt=\"\" srcset=\"https:\/\/kmkd.fhv.uniza.sk\/wp-content\/uploads\/2023\/02\/phoca_thumb_l_1627557115712.jpg 961w, https:\/\/kmkd.fhv.uniza.sk\/wp-content\/uploads\/2023\/02\/phoca_thumb_l_1627557115712-300x225.jpg 300w\" sizes=\"(max-width: 961px) 100vw, 961px\" \/><\/div><\/div><\/div><\/div><div class=\"wpb_column vc_column_container\"><div class=\"vc_column-inner\"><h2 class=\"w-text\"><span url class=\"w-text-h\"><span class=\"w-text-value\">Z hist\u00f3rie<\/span><\/span><\/h2><div class=\"wpb_text_column\"><div class=\"wpb_wrapper\"><p><strong>KMKD vznikla v m\u00e1ji 2004<\/strong>\u00a0na Fakulte pr\u00edrodn\u00fdch vied \u017dU v \u017diline a jej p\u00f4vodn\u00fd n\u00e1zov bol Katedra kni\u017eni\u010dn\u00fdch a informa\u010dn\u00fdch vied a didaktiky informatiky.\u00a0<strong>Od febru\u00e1ra 2009 funguje pod s\u00fa\u010dasn\u00fdm n\u00e1zvom\u00a0<\/strong>a\u00a0od roku 2012 sa \u010dlen\u00ed na tri s\u00fa\u010dasti \u2013 mediamatiku, kult\u00farne dedi\u010dstvo a Centrum excelentnosti \u2013 Pam\u00e4\u0165 Slovenska. Katedra p\u00f4vodne poskytovala \u0161t\u00fadium v dvoch samostatn\u00fdch \u0161tudijn\u00fdch programoch \u2013 mediamatika, dokument\u00e1cia kult\u00farneho dedi\u010dstva. V letnom semestri 2009\/2010 sa \u0161tudijn\u00e9 programy zjednotili do jedn\u00e9ho programu s n\u00e1zvom mediamatika a kult\u00farne dedi\u010dstvo.<\/p>\n<\/div><\/div><\/div><\/div><\/div><div class=\"w-separator size_huge\"><\/div><div class=\"g-cols wpb_row via_grid cols_2 laptops-cols_inherit tablets-cols_inherit mobiles-cols_1 valign_middle type_default stacking_default\"><div class=\"wpb_column vc_column_container\"><div class=\"vc_column-inner\"><h2 class=\"w-text us_custom_d1d3b3c6\"><span url class=\"w-text-h\"><span class=\"w-text-value\">Katedra mediamatiky a kult\u00farneho dedi\u010dstva je s\u00fa\u010das\u0165ou FHV<\/span><\/span><\/h2><div class=\"wpb_text_column\"><div class=\"wpb_wrapper\"><p>Katedra mediamatiky a kult\u00farneho dedi\u010dstva\u00a0<strong>je s\u00fa\u010das\u0165ou Fakulty humanitn\u00fdch vied<\/strong>\u00a0\u017dilinskej univerzity v \u017diline, ktor\u00e1 sa sformovala v\u00a0roku 1998 s cie\u013eom transformova\u0165 \u017dU v \u017diline na \u0161ir\u0161ie koncipovan\u00fa univerzitu. Fakulta humanitn\u00fdch vied p\u00f4vodne s\u00eddlila v historickej secesnej budove v centre \u017diliny, od roku 2009 je umiestnen\u00e1 v priestoroch modern\u00e9ho univerzitn\u00e9ho kampusu na Ve\u013ekom Dieli v \u017diline.<\/p>\n<p><strong>Poslan\u00edm FHV je rozv\u00edja\u0165 vzdelanos\u0165, vedu a v\u00fdskum v duchu v\u0161e\u013eudsk\u00fdch humanitn\u00fdch trad\u00edci\u00ed<\/strong>\u00a0a svojou \u0161irokospektr\u00e1lnou profil\u00e1ciou prispieva\u0165 ku kreditu \u017dilinskej univerzity v \u017diline ako kvalitnej v\u00fdskumnej univerzity.<\/p>\n<\/div><\/div><\/div><\/div><div class=\"wpb_column vc_column_container\"><div class=\"vc_column-inner\"><div class=\"w-image align_center\"><div url class=\"w-image-h\"><img decoding=\"async\" width=\"1024\" height=\"600\" src=\"https:\/\/kmkd.fhv.uniza.sk\/wp-content\/uploads\/2022\/11\/foto-jesen.jpeg\" class=\"attachment-large size-large\" alt=\"\" srcset=\"https:\/\/kmkd.fhv.uniza.sk\/wp-content\/uploads\/2022\/11\/foto-jesen.jpeg 1024w, https:\/\/kmkd.fhv.uniza.sk\/wp-content\/uploads\/2022\/11\/foto-jesen-300x176.jpeg 300w\" sizes=\"(max-width: 1024px) 100vw, 1024px\" \/><\/div><\/div><\/div><\/div><\/div><div class=\"w-separator size_large\"><\/div><div class=\"w-actionbox fakultaActionBar color_light controls_right\"><div class=\"w-actionbox-text\"><h3 class=\"w-actionbox-title\">Profil Fakulty humanitn\u00fdch vied<\/h3><div class=\"w-actionbox-description\"><p>Zistite viac inform\u00e1cii o na\u0161ej Fakulte humanitn\u00fdch vied, ktor\u00e1 je tu u\u017e od roku 2010.<\/p>\n<\/div><\/div><div class=\"w-actionbox-controls\"><a class=\"w-btn us-btn-style_4\" href=\"https:\/\/fhv.uniza.sk\/web\/index.php\/fakulta\/vseobecne-informacie\/profil-fakulty\" target=\"_blank\" rel=\"noopener\"><span class=\"w-btn-label\">Zobrazi\u0165 viac<\/span><\/a><\/div><\/div><\/div><\/div><\/div><\/div><\/section>\n","protected":false},"excerpt":{"rendered":"Profil katedry O mediamatike a kult\u00farnom dedi\u010dstveKatedra mediamatiky a\u00a0kult\u00farneho dedi\u010dstva\u00a0patr\u00ed dlhodobo k\u00a0najatrakt\u00edvnej\u0161\u00edm pracovisk\u00e1m Fakulty humanitn\u00fdch vied \u017dilinskej univerzity v\u00a0\u017diline (FHV). Za 15 rokov svojho fungovania\u00a0vychovala stovky informa\u010dn\u00fdch \u0161pecialistov, ktor\u00ed sa...","protected":false},"author":2,"featured_media":103,"parent":0,"menu_order":0,"comment_status":"closed","ping_status":"closed","template":"","meta":{"footnotes":""},"class_list":["post-99","page","type-page","status-publish","has-post-thumbnail","hentry"],"acf":[],"_links":{"self":[{"href":"https:\/\/kmkd.fhv.uniza.sk\/index.php?rest_route=\/wp\/v2\/pages\/99","targetHints":{"allow":["GET"]}}],"collection":[{"href":"https:\/\/kmkd.fhv.uniza.sk\/index.php?rest_route=\/wp\/v2\/pages"}],"about":[{"href":"https:\/\/kmkd.fhv.uniza.sk\/index.php?rest_route=\/wp\/v2\/types\/page"}],"author":[{"embeddable":true,"href":"https:\/\/kmkd.fhv.uniza.sk\/index.php?rest_route=\/wp\/v2\/users\/2"}],"replies":[{"embeddable":true,"href":"https:\/\/kmkd.fhv.uniza.sk\/index.php?rest_route=%2Fwp%2Fv2%2Fcomments&post=99"}],"version-history":[{"count":14,"href":"https:\/\/kmkd.fhv.uniza.sk\/index.php?rest_route=\/wp\/v2\/pages\/99\/revisions"}],"predecessor-version":[{"id":2295,"href":"https:\/\/kmkd.fhv.uniza.sk\/index.php?rest_route=\/wp\/v2\/pages\/99\/revisions\/2295"}],"wp:featuredmedia":[{"embeddable":true,"href":"https:\/\/kmkd.fhv.uniza.sk\/index.php?rest_route=\/wp\/v2\/media\/103"}],"wp:attachment":[{"href":"https:\/\/kmkd.fhv.uniza.sk\/index.php?rest_route=%2Fwp%2Fv2%2Fmedia&parent=99"}],"curies":[{"name":"wp","href":"https:\/\/api.w.org\/{rel}","templated":true}]}}